{"id":4353,"date":"2017-02-08T11:38:48","date_gmt":"2017-02-08T11:38:48","guid":{"rendered":"http:\/\/www.seijiroyazawaiwai.com\/oldversion\/tienda\/healthcare\/aplio-400"},"modified":"2017-02-10T12:48:15","modified_gmt":"2017-02-10T12:48:15","slug":"aplio-400","status":"publish","type":"product","link":"https:\/\/www.seijiroyazawaiwai.com\/oldversion\/tienda\/healthcare\/tipos-healthcare\/ultrasonido\/aplio-400\/","title":{"rendered":"Aplio 400"},"content":{"rendered":"<p style=\"text-align: justify;\">PRECISION, CONTROL Y UNA IMAGEN SORPRENDENTEMENTE CLARA<\/p>\n<p style=\"text-align: justify;\">Aplio \u2122 400 ofrece que cada examen tiene un resultado \u00f3ptimo, le proporciona una calidad insuperable de imagen, productividad superior y un lugar de trabajo ergon\u00f3mico con su consola completamente personalizable. Herramientas especializadas, funciones avanzadas de imagen volum\u00e9trica y revolucionarias opciones de cuantificaci\u00f3n le permiten personalizar su Aplio para que se adapte perfectamente a sus necesidades cl\u00ednicas en todo momento.<\/p>\n<p style=\"text-align: justify;\">Algunas de sus aplicaciones son:<\/p>\n<ul>\n<li style=\"text-align: justify;\">ELASTOGRAF\u00cdA en tiempo real: Nuestra soluci\u00f3n integral con manejo de data cruda ayuda en la localizaci\u00f3n y evaluaci\u00f3n de masas palpables con alta precisi\u00f3n, sensibilidad y reproducibilidad en una amplia gama de entornos cl\u00ednicos. Los diferentes grados de elasticidad de los tejidos se pueden evaluar de forma cualitativa y cuantitativa.<\/li>\n<li style=\"text-align: justify;\">MicroPure \u2122: Una herramienta cl\u00ednica innovadora que ayuda a identificar las microcalcificaciones, un marcador potencial de malignidad, en estudios de mama y otros \u00f3rganos. MicroPure puede proporcionar un apoyo eficaz para las biopsias precisas bajo control ecogr\u00e1fico en tiempo real.<\/li>\n<li style=\"text-align: justify;\">WALL MOTION TRACKING: La tecnolog\u00eda patentada de speckle tracking proporciona acceso inmediato visual y cuantitativa de la movilidad regional de la pared mioc\u00e1rdica con precisi\u00f3n y resoluci\u00f3n sin igual.<\/li>\n<\/ul>\n","protected":false},"excerpt":{"rendered":"<p style=\"text-align: justify;\">Aplio \u2122 400 ofrece que cada examen tiene un resultado \u00f3ptimo, le proporciona una calidad insuperable de imagen, productividad superior y un lugar de trabajo ergon\u00f3mico con su consola completamente personalizable. Herramientas especializadas, funciones avanzadas de imagen volum\u00e9trica y revolucionarias opciones de cuantificaci\u00f3n le permiten personalizar su Aplio para que se adapte perfectamente a sus necesidades cl\u00ednicas en todo momento.<\/p>\n","protected":false},"featured_media":4354,"comment_status":"open","ping_status":"closed","template":"","meta":{"_acf_changed":false,"_monsterinsights_skip_tracking":false,"_monsterinsights_sitenote_active":false,"_monsterinsights_sitenote_note":"","_monsterinsights_sitenote_category":0},"product_brand":[],"product_cat":[210,37,36,39,47,51,908],"product_tag":[],"class_list":{"0":"post-4353","1":"product","2":"type-product","3":"status-publish","4":"has-post-thumbnail","6":"product_cat-canon-marcas-healthcare","7":"product_cat-healthcare-categorias","8":"product_cat-healthcare","9":"product_cat-imagenologia","10":"product_cat-marcas-healthcare","11":"product_cat-tipos-healthcare","12":"product_cat-ultrasonido","14":"first","15":"instock","16":"shipping-taxable","17":"product-type-simple"},"acf":[],"yoast_head":"<!-- This site is optimized with the Yoast SEO plugin v27.5 - https:\/\/yoast.com\/product\/yoast-seo-wordpress\/ -->\n<title>Aplio 400 - syi<\/title>\n<meta name=\"robots\" content=\"index, follow, max-snippet:-1, max-image-preview:large, max-video-preview:-1\" \/>\n<link rel=\"canonical\" href=\"https:\/\/www.seijiroyazawaiwai.com\/oldversion\/tienda\/healthcare\/tipos-healthcare\/ultrasonido\/aplio-400\/\" \/>\n<meta property=\"og:locale\" content=\"es_ES\" \/>\n<meta property=\"og:type\" content=\"article\" \/>\n<meta property=\"og:title\" content=\"Aplio 400 - syi\" \/>\n<meta property=\"og:description\" content=\"Aplio \u2122 400 ofrece que cada examen tiene un resultado \u00f3ptimo, le proporciona una calidad insuperable de imagen, productividad superior y un lugar de trabajo ergon\u00f3mico con su consola completamente personalizable. Herramientas especializadas, funciones avanzadas de imagen volum\u00e9trica y revolucionarias opciones de cuantificaci\u00f3n le permiten personalizar su Aplio para que se adapte perfectamente a sus necesidades cl\u00ednicas en todo momento.\" \/>\n<meta property=\"og:url\" content=\"https:\/\/www.seijiroyazawaiwai.com\/oldversion\/tienda\/healthcare\/tipos-healthcare\/ultrasonido\/aplio-400\/\" \/>\n<meta property=\"og:site_name\" content=\"syi\" \/>\n<meta property=\"article:publisher\" content=\"https:\/\/www.facebook.com\/SYIGlobal\/\" \/>\n<meta property=\"article:modified_time\" content=\"2017-02-10T12:48:15+00:00\" \/>\n<meta property=\"og:image\" content=\"https:\/\/www.seijiroyazawaiwai.com\/oldversion\/wp-content\/uploads\/2017\/02\/Toshiba-Ultrasonido-Aplio-400.jpg\" \/>\n\t<meta property=\"og:image:width\" content=\"600\" \/>\n\t<meta property=\"og:image:height\" content=\"899\" \/>\n\t<meta property=\"og:image:type\" content=\"image\/jpeg\" \/>\n<meta name=\"twitter:card\" content=\"summary_large_image\" \/>\n<meta name=\"twitter:label1\" content=\"Tiempo de lectura\" \/>\n\t<meta name=\"twitter:data1\" content=\"1 minuto\" \/>\n<script type=\"application\/ld+json\" class=\"yoast-schema-graph\">{\"@context\":\"https:\\\/\\\/schema.org\",\"@graph\":[{\"@type\":\"WebPage\",\"@id\":\"https:\\\/\\\/www.seijiroyazawaiwai.com\\\/oldversion\\\/tienda\\\/healthcare\\\/tipos-healthcare\\\/ultrasonido\\\/aplio-400\\\/\",\"url\":\"https:\\\/\\\/www.seijiroyazawaiwai.com\\\/oldversion\\\/tienda\\\/healthcare\\\/tipos-healthcare\\\/ultrasonido\\\/aplio-400\\\/\",\"name\":\"Aplio 400 - syi\",\"isPartOf\":{\"@id\":\"https:\\\/\\\/www.seijiroyazawaiwai.com\\\/oldversion\\\/#website\"},\"primaryImageOfPage\":{\"@id\":\"https:\\\/\\\/www.seijiroyazawaiwai.com\\\/oldversion\\\/tienda\\\/healthcare\\\/tipos-healthcare\\\/ultrasonido\\\/aplio-400\\\/#primaryimage\"},\"image\":{\"@id\":\"https:\\\/\\\/www.seijiroyazawaiwai.com\\\/oldversion\\\/tienda\\\/healthcare\\\/tipos-healthcare\\\/ultrasonido\\\/aplio-400\\\/#primaryimage\"},\"thumbnailUrl\":\"https:\\\/\\\/www.seijiroyazawaiwai.com\\\/oldversion\\\/wp-content\\\/uploads\\\/2017\\\/02\\\/Toshiba-Ultrasonido-Aplio-400.jpg\",\"datePublished\":\"2017-02-08T11:38:48+00:00\",\"dateModified\":\"2017-02-10T12:48:15+00:00\",\"breadcrumb\":{\"@id\":\"https:\\\/\\\/www.seijiroyazawaiwai.com\\\/oldversion\\\/tienda\\\/healthcare\\\/tipos-healthcare\\\/ultrasonido\\\/aplio-400\\\/#breadcrumb\"},\"inLanguage\":\"es\",\"potentialAction\":[{\"@type\":\"ReadAction\",\"target\":[\"https:\\\/\\\/www.seijiroyazawaiwai.com\\\/oldversion\\\/tienda\\\/healthcare\\\/tipos-healthcare\\\/ultrasonido\\\/aplio-400\\\/\"]}]},{\"@type\":\"ImageObject\",\"inLanguage\":\"es\",\"@id\":\"https:\\\/\\\/www.seijiroyazawaiwai.com\\\/oldversion\\\/tienda\\\/healthcare\\\/tipos-healthcare\\\/ultrasonido\\\/aplio-400\\\/#primaryimage\",\"url\":\"https:\\\/\\\/www.seijiroyazawaiwai.com\\\/oldversion\\\/wp-content\\\/uploads\\\/2017\\\/02\\\/Toshiba-Ultrasonido-Aplio-400.jpg\",\"contentUrl\":\"https:\\\/\\\/www.seijiroyazawaiwai.com\\\/oldversion\\\/wp-content\\\/uploads\\\/2017\\\/02\\\/Toshiba-Ultrasonido-Aplio-400.jpg\",\"width\":600,\"height\":899},{\"@type\":\"BreadcrumbList\",\"@id\":\"https:\\\/\\\/www.seijiroyazawaiwai.com\\\/oldversion\\\/tienda\\\/healthcare\\\/tipos-healthcare\\\/ultrasonido\\\/aplio-400\\\/#breadcrumb\",\"itemListElement\":[{\"@type\":\"ListItem\",\"position\":1,\"name\":\"Portada\",\"item\":\"https:\\\/\\\/www.seijiroyazawaiwai.com\\\/oldversion\\\/\"},{\"@type\":\"ListItem\",\"position\":2,\"name\":\"Tienda\",\"item\":\"https:\\\/\\\/www.seijiroyazawaiwai.com\\\/oldversion\\\/tienda\\\/\"},{\"@type\":\"ListItem\",\"position\":3,\"name\":\"Aplio 400\"}]},{\"@type\":\"WebSite\",\"@id\":\"https:\\\/\\\/www.seijiroyazawaiwai.com\\\/oldversion\\\/#website\",\"url\":\"https:\\\/\\\/www.seijiroyazawaiwai.com\\\/oldversion\\\/\",\"name\":\"syi\",\"description\":\"Otro sitio realizado con WordPress\",\"publisher\":{\"@id\":\"https:\\\/\\\/www.seijiroyazawaiwai.com\\\/oldversion\\\/#organization\"},\"potentialAction\":[{\"@type\":\"SearchAction\",\"target\":{\"@type\":\"EntryPoint\",\"urlTemplate\":\"https:\\\/\\\/www.seijiroyazawaiwai.com\\\/oldversion\\\/?s={search_term_string}\"},\"query-input\":{\"@type\":\"PropertyValueSpecification\",\"valueRequired\":true,\"valueName\":\"search_term_string\"}}],\"inLanguage\":\"es\"},{\"@type\":\"Organization\",\"@id\":\"https:\\\/\\\/www.seijiroyazawaiwai.com\\\/oldversion\\\/#organization\",\"name\":\"Seijiro Yazawa Iwai\",\"url\":\"https:\\\/\\\/www.seijiroyazawaiwai.com\\\/oldversion\\\/\",\"logo\":{\"@type\":\"ImageObject\",\"inLanguage\":\"es\",\"@id\":\"https:\\\/\\\/www.seijiroyazawaiwai.com\\\/oldversion\\\/#\\\/schema\\\/logo\\\/image\\\/\",\"url\":\"https:\\\/\\\/www.seijiroyazawaiwai.com\\\/oldversion\\\/wp-content\\\/uploads\\\/2015\\\/10\\\/logo_historia.png\",\"contentUrl\":\"https:\\\/\\\/www.seijiroyazawaiwai.com\\\/oldversion\\\/wp-content\\\/uploads\\\/2015\\\/10\\\/logo_historia.png\",\"width\":150,\"height\":150,\"caption\":\"Seijiro Yazawa Iwai\"},\"image\":{\"@id\":\"https:\\\/\\\/www.seijiroyazawaiwai.com\\\/oldversion\\\/#\\\/schema\\\/logo\\\/image\\\/\"},\"sameAs\":[\"https:\\\/\\\/www.facebook.com\\\/SYIGlobal\\\/\",\"https:\\\/\\\/www.instagram.com\\\/seijiroyazawaiwai\\\/\",\"https:\\\/\\\/www.linkedin.com\\\/company\\\/3261708\"]}]}<\/script>\n<!-- \/ Yoast SEO plugin. -->","yoast_head_json":{"title":"Aplio 400 - syi","robots":{"index":"index","follow":"follow","max-snippet":"max-snippet:-1","max-image-preview":"max-image-preview:large","max-video-preview":"max-video-preview:-1"},"canonical":"https:\/\/www.seijiroyazawaiwai.com\/oldversion\/tienda\/healthcare\/tipos-healthcare\/ultrasonido\/aplio-400\/","og_locale":"es_ES","og_type":"article","og_title":"Aplio 400 - syi","og_description":"Aplio \u2122 400 ofrece que cada examen tiene un resultado \u00f3ptimo, le proporciona una calidad insuperable de imagen, productividad superior y un lugar de trabajo ergon\u00f3mico con su consola completamente personalizable. Herramientas especializadas, funciones avanzadas de imagen volum\u00e9trica y revolucionarias opciones de cuantificaci\u00f3n le permiten personalizar su Aplio para que se adapte perfectamente a sus necesidades cl\u00ednicas en todo momento.","og_url":"https:\/\/www.seijiroyazawaiwai.com\/oldversion\/tienda\/healthcare\/tipos-healthcare\/ultrasonido\/aplio-400\/","og_site_name":"syi","article_publisher":"https:\/\/www.facebook.com\/SYIGlobal\/","article_modified_time":"2017-02-10T12:48:15+00:00","og_image":[{"width":600,"height":899,"url":"https:\/\/www.seijiroyazawaiwai.com\/oldversion\/wp-content\/uploads\/2017\/02\/Toshiba-Ultrasonido-Aplio-400.jpg","type":"image\/jpeg"}],"twitter_card":"summary_large_image","twitter_misc":{"Tiempo de lectura":"1 minuto"},"schema":{"@context":"https:\/\/schema.org","@graph":[{"@type":"WebPage","@id":"https:\/\/www.seijiroyazawaiwai.com\/oldversion\/tienda\/healthcare\/tipos-healthcare\/ultrasonido\/aplio-400\/","url":"https:\/\/www.seijiroyazawaiwai.com\/oldversion\/tienda\/healthcare\/tipos-healthcare\/ultrasonido\/aplio-400\/","name":"Aplio 400 - syi","isPartOf":{"@id":"https:\/\/www.seijiroyazawaiwai.com\/oldversion\/#website"},"primaryImageOfPage":{"@id":"https:\/\/www.seijiroyazawaiwai.com\/oldversion\/tienda\/healthcare\/tipos-healthcare\/ultrasonido\/aplio-400\/#primaryimage"},"image":{"@id":"https:\/\/www.seijiroyazawaiwai.com\/oldversion\/tienda\/healthcare\/tipos-healthcare\/ultrasonido\/aplio-400\/#primaryimage"},"thumbnailUrl":"https:\/\/www.seijiroyazawaiwai.com\/oldversion\/wp-content\/uploads\/2017\/02\/Toshiba-Ultrasonido-Aplio-400.jpg","datePublished":"2017-02-08T11:38:48+00:00","dateModified":"2017-02-10T12:48:15+00:00","breadcrumb":{"@id":"https:\/\/www.seijiroyazawaiwai.com\/oldversion\/tienda\/healthcare\/tipos-healthcare\/ultrasonido\/aplio-400\/#breadcrumb"},"inLanguage":"es","potentialAction":[{"@type":"ReadAction","target":["https:\/\/www.seijiroyazawaiwai.com\/oldversion\/tienda\/healthcare\/tipos-healthcare\/ultrasonido\/aplio-400\/"]}]},{"@type":"ImageObject","inLanguage":"es","@id":"https:\/\/www.seijiroyazawaiwai.com\/oldversion\/tienda\/healthcare\/tipos-healthcare\/ultrasonido\/aplio-400\/#primaryimage","url":"https:\/\/www.seijiroyazawaiwai.com\/oldversion\/wp-content\/uploads\/2017\/02\/Toshiba-Ultrasonido-Aplio-400.jpg","contentUrl":"https:\/\/www.seijiroyazawaiwai.com\/oldversion\/wp-content\/uploads\/2017\/02\/Toshiba-Ultrasonido-Aplio-400.jpg","width":600,"height":899},{"@type":"BreadcrumbList","@id":"https:\/\/www.seijiroyazawaiwai.com\/oldversion\/tienda\/healthcare\/tipos-healthcare\/ultrasonido\/aplio-400\/#breadcrumb","itemListElement":[{"@type":"ListItem","position":1,"name":"Portada","item":"https:\/\/www.seijiroyazawaiwai.com\/oldversion\/"},{"@type":"ListItem","position":2,"name":"Tienda","item":"https:\/\/www.seijiroyazawaiwai.com\/oldversion\/tienda\/"},{"@type":"ListItem","position":3,"name":"Aplio 400"}]},{"@type":"WebSite","@id":"https:\/\/www.seijiroyazawaiwai.com\/oldversion\/#website","url":"https:\/\/www.seijiroyazawaiwai.com\/oldversion\/","name":"syi","description":"Otro sitio realizado con WordPress","publisher":{"@id":"https:\/\/www.seijiroyazawaiwai.com\/oldversion\/#organization"},"potentialAction":[{"@type":"SearchAction","target":{"@type":"EntryPoint","urlTemplate":"https:\/\/www.seijiroyazawaiwai.com\/oldversion\/?s={search_term_string}"},"query-input":{"@type":"PropertyValueSpecification","valueRequired":true,"valueName":"search_term_string"}}],"inLanguage":"es"},{"@type":"Organization","@id":"https:\/\/www.seijiroyazawaiwai.com\/oldversion\/#organization","name":"Seijiro Yazawa Iwai","url":"https:\/\/www.seijiroyazawaiwai.com\/oldversion\/","logo":{"@type":"ImageObject","inLanguage":"es","@id":"https:\/\/www.seijiroyazawaiwai.com\/oldversion\/#\/schema\/logo\/image\/","url":"https:\/\/www.seijiroyazawaiwai.com\/oldversion\/wp-content\/uploads\/2015\/10\/logo_historia.png","contentUrl":"https:\/\/www.seijiroyazawaiwai.com\/oldversion\/wp-content\/uploads\/2015\/10\/logo_historia.png","width":150,"height":150,"caption":"Seijiro Yazawa Iwai"},"image":{"@id":"https:\/\/www.seijiroyazawaiwai.com\/oldversion\/#\/schema\/logo\/image\/"},"sameAs":["https:\/\/www.facebook.com\/SYIGlobal\/","https:\/\/www.instagram.com\/seijiroyazawaiwai\/","https:\/\/www.linkedin.com\/company\/3261708"]}]}},"_links":{"self":[{"href":"https:\/\/www.seijiroyazawaiwai.com\/oldversion\/wp-json\/wp\/v2\/product\/4353","targetHints":{"allow":["GET"]}}],"collection":[{"href":"https:\/\/www.seijiroyazawaiwai.com\/oldversion\/wp-json\/wp\/v2\/product"}],"about":[{"href":"https:\/\/www.seijiroyazawaiwai.com\/oldversion\/wp-json\/wp\/v2\/types\/product"}],"replies":[{"embeddable":true,"href":"https:\/\/www.seijiroyazawaiwai.com\/oldversion\/wp-json\/wp\/v2\/comments?post=4353"}],"wp:featuredmedia":[{"embeddable":true,"href":"https:\/\/www.seijiroyazawaiwai.com\/oldversion\/wp-json\/wp\/v2\/media\/4354"}],"wp:attachment":[{"href":"https:\/\/www.seijiroyazawaiwai.com\/oldversion\/wp-json\/wp\/v2\/media?parent=4353"}],"wp:term":[{"taxonomy":"product_brand","embeddable":true,"href":"https:\/\/www.seijiroyazawaiwai.com\/oldversion\/wp-json\/wp\/v2\/product_brand?post=4353"},{"taxonomy":"product_cat","embeddable":true,"href":"https:\/\/www.seijiroyazawaiwai.com\/oldversion\/wp-json\/wp\/v2\/product_cat?post=4353"},{"taxonomy":"product_tag","embeddable":true,"href":"https:\/\/www.seijiroyazawaiwai.com\/oldversion\/wp-json\/wp\/v2\/product_tag?post=4353"}],"curies":[{"name":"wp","href":"https:\/\/api.w.org\/{rel}","templated":true}]}}