{"id":3856,"date":"2016-12-05T15:34:51","date_gmt":"2016-12-05T15:34:51","guid":{"rendered":"http:\/\/www.seijiroyazawaiwai.com\/oldversion\/?post_type=product&#038;p=3856"},"modified":"2016-12-29T20:25:41","modified_gmt":"2016-12-29T20:25:41","slug":"gamma-g7","status":"publish","type":"product","link":"https:\/\/www.seijiroyazawaiwai.com\/oldversion\/tienda\/healthcare\/tipos-healthcare\/esfigmomanometro\/gamma-g7\/","title":{"rendered":"Gamma G7"},"content":{"rendered":"<p style=\"text-align: justify;\">La Gamma est\u00e1 dise\u00f1ada a prueba de golpes, con\u00a0componentes de metal ligero y materiales libres de\u00a0l\u00e1tex. Cuenta con un man\u00f3metro con seguridad de\u00a0sobrepresi\u00f3n. El micro filtro protege la v\u00e1lvula y el\u00a0sistema de medida. Posee una escala de dise\u00f1o\u00a0grande de HEINE de 56 mm de di\u00e1metro, para\u00a0lectura c\u00f3moda; una alta calidad de la aguja\u00a0indicadora, exactamente calibrada, durable y\u00a0resistente a los golpes. Asimismo tiene una gran\u00a0pera insufladora para inflar el manguito r\u00e1pidamente\u00a0y v\u00e1lvula giratoria de precisi\u00f3n para dosificaci\u00f3n\u00a0fina; tope de goma en ambas direcciones de giro\u00a0para evitar trabadas de la v\u00e1lvula y en la parte\u00a0superior de la carcasa de aleaci\u00f3n de aluminio con\u00a0anillo de protecci\u00f3n para la absorci\u00f3n de golpes\u00a0para la esfera y el cristal, mientras que en la parte\u00a0inferior de la carcasa de pl\u00e1stico resistente con\u00a0cubierta antideslizante para absorci\u00f3n de golpes.\u00a0Su cuchara de aleaci\u00f3n de Zinc de alta calidad es\u00a0adaptable para diestros y zurdos. Manguito de 1\u00a0tubo de alta calidad con cierre de velcro lavable, por\u00a0lo que el GAMMA G7 est\u00e1 bien equilibrado tanto\u00a0para la comodidad como para su f\u00e1cil manejo.<\/p>\n","protected":false},"excerpt":{"rendered":"<p style=\"text-align: justify;\">La Gamma est\u00e1 dise\u00f1ada a prueba de golpes, con\u00a0componentes de metal ligero y materiales libres de\u00a0l\u00e1tex. Cuenta con un man\u00f3metro con seguridad de\u00a0sobrepresi\u00f3n. El micro filtro protege la v\u00e1lvula y el\u00a0sistema de medida. Posee una escala de dise\u00f1o\u00a0grande de HEINE de 56 mm de di\u00e1metro, para\u00a0lectura c\u00f3moda; una alta calidad de la aguja\u00a0indicadora, exactamente calibrada, durable y\u00a0resistente a los golpes.<\/p>\n","protected":false},"featured_media":3905,"comment_status":"open","ping_status":"closed","template":"","meta":{"_acf_changed":false,"_monsterinsights_skip_tracking":false,"_monsterinsights_sitenote_active":false,"_monsterinsights_sitenote_note":"","_monsterinsights_sitenote_category":0},"product_brand":[],"product_cat":[37,805,36,198,47,40,51],"product_tag":[],"class_list":{"0":"post-3856","1":"product","2":"type-product","3":"status-publish","4":"has-post-thumbnail","6":"product_cat-healthcare-categorias","7":"product_cat-esfigmomanometro","8":"product_cat-healthcare","9":"product_cat-heine","10":"product_cat-marcas-healthcare","11":"product_cat-medicina-general","12":"product_cat-tipos-healthcare","14":"first","15":"instock","16":"shipping-taxable","17":"product-type-simple"},"acf":[],"yoast_head":"<!-- This site is optimized with the Yoast SEO plugin v27.5 - https:\/\/yoast.com\/product\/yoast-seo-wordpress\/ -->\n<title>Gamma G7 - syi<\/title>\n<meta name=\"robots\" content=\"index, follow, max-snippet:-1, max-image-preview:large, max-video-preview:-1\" \/>\n<link rel=\"canonical\" href=\"https:\/\/www.seijiroyazawaiwai.com\/oldversion\/tienda\/healthcare\/tipos-healthcare\/esfigmomanometro\/gamma-g7\/\" \/>\n<meta property=\"og:locale\" content=\"es_ES\" \/>\n<meta property=\"og:type\" content=\"article\" \/>\n<meta property=\"og:title\" content=\"Gamma G7 - syi\" \/>\n<meta property=\"og:description\" content=\"La Gamma est\u00e1 dise\u00f1ada a prueba de golpes, con\u00a0componentes de metal ligero y materiales libres de\u00a0l\u00e1tex. Cuenta con un man\u00f3metro con seguridad de\u00a0sobrepresi\u00f3n. El micro filtro protege la v\u00e1lvula y el\u00a0sistema de medida. Posee una escala de dise\u00f1o\u00a0grande de HEINE de 56 mm de di\u00e1metro, para\u00a0lectura c\u00f3moda; una alta calidad de la aguja\u00a0indicadora, exactamente calibrada, durable y\u00a0resistente a los golpes.\" \/>\n<meta property=\"og:url\" content=\"https:\/\/www.seijiroyazawaiwai.com\/oldversion\/tienda\/healthcare\/tipos-healthcare\/esfigmomanometro\/gamma-g7\/\" \/>\n<meta property=\"og:site_name\" content=\"syi\" \/>\n<meta property=\"article:publisher\" content=\"https:\/\/www.facebook.com\/SYIGlobal\/\" \/>\n<meta property=\"article:modified_time\" content=\"2016-12-29T20:25:41+00:00\" \/>\n<meta property=\"og:image\" content=\"https:\/\/www.seijiroyazawaiwai.com\/oldversion\/wp-content\/uploads\/2016\/12\/Heine-Gamma-G7.jpg\" \/>\n\t<meta property=\"og:image:width\" content=\"640\" \/>\n\t<meta property=\"og:image:height\" content=\"480\" \/>\n\t<meta property=\"og:image:type\" content=\"image\/jpeg\" \/>\n<meta name=\"twitter:card\" content=\"summary_large_image\" \/>\n<meta name=\"twitter:label1\" content=\"Tiempo de lectura\" \/>\n\t<meta name=\"twitter:data1\" content=\"1 minuto\" \/>\n<script type=\"application\/ld+json\" class=\"yoast-schema-graph\">{\"@context\":\"https:\\\/\\\/schema.org\",\"@graph\":[{\"@type\":\"WebPage\",\"@id\":\"https:\\\/\\\/www.seijiroyazawaiwai.com\\\/oldversion\\\/tienda\\\/healthcare\\\/tipos-healthcare\\\/esfigmomanometro\\\/gamma-g7\\\/\",\"url\":\"https:\\\/\\\/www.seijiroyazawaiwai.com\\\/oldversion\\\/tienda\\\/healthcare\\\/tipos-healthcare\\\/esfigmomanometro\\\/gamma-g7\\\/\",\"name\":\"Gamma G7 - syi\",\"isPartOf\":{\"@id\":\"https:\\\/\\\/www.seijiroyazawaiwai.com\\\/oldversion\\\/#website\"},\"primaryImageOfPage\":{\"@id\":\"https:\\\/\\\/www.seijiroyazawaiwai.com\\\/oldversion\\\/tienda\\\/healthcare\\\/tipos-healthcare\\\/esfigmomanometro\\\/gamma-g7\\\/#primaryimage\"},\"image\":{\"@id\":\"https:\\\/\\\/www.seijiroyazawaiwai.com\\\/oldversion\\\/tienda\\\/healthcare\\\/tipos-healthcare\\\/esfigmomanometro\\\/gamma-g7\\\/#primaryimage\"},\"thumbnailUrl\":\"https:\\\/\\\/www.seijiroyazawaiwai.com\\\/oldversion\\\/wp-content\\\/uploads\\\/2016\\\/12\\\/Heine-Gamma-G7.jpg\",\"datePublished\":\"2016-12-05T15:34:51+00:00\",\"dateModified\":\"2016-12-29T20:25:41+00:00\",\"breadcrumb\":{\"@id\":\"https:\\\/\\\/www.seijiroyazawaiwai.com\\\/oldversion\\\/tienda\\\/healthcare\\\/tipos-healthcare\\\/esfigmomanometro\\\/gamma-g7\\\/#breadcrumb\"},\"inLanguage\":\"es\",\"potentialAction\":[{\"@type\":\"ReadAction\",\"target\":[\"https:\\\/\\\/www.seijiroyazawaiwai.com\\\/oldversion\\\/tienda\\\/healthcare\\\/tipos-healthcare\\\/esfigmomanometro\\\/gamma-g7\\\/\"]}]},{\"@type\":\"ImageObject\",\"inLanguage\":\"es\",\"@id\":\"https:\\\/\\\/www.seijiroyazawaiwai.com\\\/oldversion\\\/tienda\\\/healthcare\\\/tipos-healthcare\\\/esfigmomanometro\\\/gamma-g7\\\/#primaryimage\",\"url\":\"https:\\\/\\\/www.seijiroyazawaiwai.com\\\/oldversion\\\/wp-content\\\/uploads\\\/2016\\\/12\\\/Heine-Gamma-G7.jpg\",\"contentUrl\":\"https:\\\/\\\/www.seijiroyazawaiwai.com\\\/oldversion\\\/wp-content\\\/uploads\\\/2016\\\/12\\\/Heine-Gamma-G7.jpg\",\"width\":640,\"height\":480},{\"@type\":\"BreadcrumbList\",\"@id\":\"https:\\\/\\\/www.seijiroyazawaiwai.com\\\/oldversion\\\/tienda\\\/healthcare\\\/tipos-healthcare\\\/esfigmomanometro\\\/gamma-g7\\\/#breadcrumb\",\"itemListElement\":[{\"@type\":\"ListItem\",\"position\":1,\"name\":\"Portada\",\"item\":\"https:\\\/\\\/www.seijiroyazawaiwai.com\\\/oldversion\\\/\"},{\"@type\":\"ListItem\",\"position\":2,\"name\":\"Tienda\",\"item\":\"https:\\\/\\\/www.seijiroyazawaiwai.com\\\/oldversion\\\/tienda\\\/\"},{\"@type\":\"ListItem\",\"position\":3,\"name\":\"Gamma G7\"}]},{\"@type\":\"WebSite\",\"@id\":\"https:\\\/\\\/www.seijiroyazawaiwai.com\\\/oldversion\\\/#website\",\"url\":\"https:\\\/\\\/www.seijiroyazawaiwai.com\\\/oldversion\\\/\",\"name\":\"syi\",\"description\":\"Otro sitio realizado con WordPress\",\"publisher\":{\"@id\":\"https:\\\/\\\/www.seijiroyazawaiwai.com\\\/oldversion\\\/#organization\"},\"potentialAction\":[{\"@type\":\"SearchAction\",\"target\":{\"@type\":\"EntryPoint\",\"urlTemplate\":\"https:\\\/\\\/www.seijiroyazawaiwai.com\\\/oldversion\\\/?s={search_term_string}\"},\"query-input\":{\"@type\":\"PropertyValueSpecification\",\"valueRequired\":true,\"valueName\":\"search_term_string\"}}],\"inLanguage\":\"es\"},{\"@type\":\"Organization\",\"@id\":\"https:\\\/\\\/www.seijiroyazawaiwai.com\\\/oldversion\\\/#organization\",\"name\":\"Seijiro Yazawa Iwai\",\"url\":\"https:\\\/\\\/www.seijiroyazawaiwai.com\\\/oldversion\\\/\",\"logo\":{\"@type\":\"ImageObject\",\"inLanguage\":\"es\",\"@id\":\"https:\\\/\\\/www.seijiroyazawaiwai.com\\\/oldversion\\\/#\\\/schema\\\/logo\\\/image\\\/\",\"url\":\"https:\\\/\\\/www.seijiroyazawaiwai.com\\\/oldversion\\\/wp-content\\\/uploads\\\/2015\\\/10\\\/logo_historia.png\",\"contentUrl\":\"https:\\\/\\\/www.seijiroyazawaiwai.com\\\/oldversion\\\/wp-content\\\/uploads\\\/2015\\\/10\\\/logo_historia.png\",\"width\":150,\"height\":150,\"caption\":\"Seijiro Yazawa Iwai\"},\"image\":{\"@id\":\"https:\\\/\\\/www.seijiroyazawaiwai.com\\\/oldversion\\\/#\\\/schema\\\/logo\\\/image\\\/\"},\"sameAs\":[\"https:\\\/\\\/www.facebook.com\\\/SYIGlobal\\\/\",\"https:\\\/\\\/www.instagram.com\\\/seijiroyazawaiwai\\\/\",\"https:\\\/\\\/www.linkedin.com\\\/company\\\/3261708\"]}]}<\/script>\n<!-- \/ Yoast SEO plugin. -->","yoast_head_json":{"title":"Gamma G7 - syi","robots":{"index":"index","follow":"follow","max-snippet":"max-snippet:-1","max-image-preview":"max-image-preview:large","max-video-preview":"max-video-preview:-1"},"canonical":"https:\/\/www.seijiroyazawaiwai.com\/oldversion\/tienda\/healthcare\/tipos-healthcare\/esfigmomanometro\/gamma-g7\/","og_locale":"es_ES","og_type":"article","og_title":"Gamma G7 - syi","og_description":"La Gamma est\u00e1 dise\u00f1ada a prueba de golpes, con\u00a0componentes de metal ligero y materiales libres de\u00a0l\u00e1tex. Cuenta con un man\u00f3metro con seguridad de\u00a0sobrepresi\u00f3n. El micro filtro protege la v\u00e1lvula y el\u00a0sistema de medida. Posee una escala de dise\u00f1o\u00a0grande de HEINE de 56 mm de di\u00e1metro, para\u00a0lectura c\u00f3moda; una alta calidad de la aguja\u00a0indicadora, exactamente calibrada, durable y\u00a0resistente a los golpes.","og_url":"https:\/\/www.seijiroyazawaiwai.com\/oldversion\/tienda\/healthcare\/tipos-healthcare\/esfigmomanometro\/gamma-g7\/","og_site_name":"syi","article_publisher":"https:\/\/www.facebook.com\/SYIGlobal\/","article_modified_time":"2016-12-29T20:25:41+00:00","og_image":[{"width":640,"height":480,"url":"https:\/\/www.seijiroyazawaiwai.com\/oldversion\/wp-content\/uploads\/2016\/12\/Heine-Gamma-G7.jpg","type":"image\/jpeg"}],"twitter_card":"summary_large_image","twitter_misc":{"Tiempo de lectura":"1 minuto"},"schema":{"@context":"https:\/\/schema.org","@graph":[{"@type":"WebPage","@id":"https:\/\/www.seijiroyazawaiwai.com\/oldversion\/tienda\/healthcare\/tipos-healthcare\/esfigmomanometro\/gamma-g7\/","url":"https:\/\/www.seijiroyazawaiwai.com\/oldversion\/tienda\/healthcare\/tipos-healthcare\/esfigmomanometro\/gamma-g7\/","name":"Gamma G7 - syi","isPartOf":{"@id":"https:\/\/www.seijiroyazawaiwai.com\/oldversion\/#website"},"primaryImageOfPage":{"@id":"https:\/\/www.seijiroyazawaiwai.com\/oldversion\/tienda\/healthcare\/tipos-healthcare\/esfigmomanometro\/gamma-g7\/#primaryimage"},"image":{"@id":"https:\/\/www.seijiroyazawaiwai.com\/oldversion\/tienda\/healthcare\/tipos-healthcare\/esfigmomanometro\/gamma-g7\/#primaryimage"},"thumbnailUrl":"https:\/\/www.seijiroyazawaiwai.com\/oldversion\/wp-content\/uploads\/2016\/12\/Heine-Gamma-G7.jpg","datePublished":"2016-12-05T15:34:51+00:00","dateModified":"2016-12-29T20:25:41+00:00","breadcrumb":{"@id":"https:\/\/www.seijiroyazawaiwai.com\/oldversion\/tienda\/healthcare\/tipos-healthcare\/esfigmomanometro\/gamma-g7\/#breadcrumb"},"inLanguage":"es","potentialAction":[{"@type":"ReadAction","target":["https:\/\/www.seijiroyazawaiwai.com\/oldversion\/tienda\/healthcare\/tipos-healthcare\/esfigmomanometro\/gamma-g7\/"]}]},{"@type":"ImageObject","inLanguage":"es","@id":"https:\/\/www.seijiroyazawaiwai.com\/oldversion\/tienda\/healthcare\/tipos-healthcare\/esfigmomanometro\/gamma-g7\/#primaryimage","url":"https:\/\/www.seijiroyazawaiwai.com\/oldversion\/wp-content\/uploads\/2016\/12\/Heine-Gamma-G7.jpg","contentUrl":"https:\/\/www.seijiroyazawaiwai.com\/oldversion\/wp-content\/uploads\/2016\/12\/Heine-Gamma-G7.jpg","width":640,"height":480},{"@type":"BreadcrumbList","@id":"https:\/\/www.seijiroyazawaiwai.com\/oldversion\/tienda\/healthcare\/tipos-healthcare\/esfigmomanometro\/gamma-g7\/#breadcrumb","itemListElement":[{"@type":"ListItem","position":1,"name":"Portada","item":"https:\/\/www.seijiroyazawaiwai.com\/oldversion\/"},{"@type":"ListItem","position":2,"name":"Tienda","item":"https:\/\/www.seijiroyazawaiwai.com\/oldversion\/tienda\/"},{"@type":"ListItem","position":3,"name":"Gamma G7"}]},{"@type":"WebSite","@id":"https:\/\/www.seijiroyazawaiwai.com\/oldversion\/#website","url":"https:\/\/www.seijiroyazawaiwai.com\/oldversion\/","name":"syi","description":"Otro sitio realizado con WordPress","publisher":{"@id":"https:\/\/www.seijiroyazawaiwai.com\/oldversion\/#organization"},"potentialAction":[{"@type":"SearchAction","target":{"@type":"EntryPoint","urlTemplate":"https:\/\/www.seijiroyazawaiwai.com\/oldversion\/?s={search_term_string}"},"query-input":{"@type":"PropertyValueSpecification","valueRequired":true,"valueName":"search_term_string"}}],"inLanguage":"es"},{"@type":"Organization","@id":"https:\/\/www.seijiroyazawaiwai.com\/oldversion\/#organization","name":"Seijiro Yazawa Iwai","url":"https:\/\/www.seijiroyazawaiwai.com\/oldversion\/","logo":{"@type":"ImageObject","inLanguage":"es","@id":"https:\/\/www.seijiroyazawaiwai.com\/oldversion\/#\/schema\/logo\/image\/","url":"https:\/\/www.seijiroyazawaiwai.com\/oldversion\/wp-content\/uploads\/2015\/10\/logo_historia.png","contentUrl":"https:\/\/www.seijiroyazawaiwai.com\/oldversion\/wp-content\/uploads\/2015\/10\/logo_historia.png","width":150,"height":150,"caption":"Seijiro Yazawa Iwai"},"image":{"@id":"https:\/\/www.seijiroyazawaiwai.com\/oldversion\/#\/schema\/logo\/image\/"},"sameAs":["https:\/\/www.facebook.com\/SYIGlobal\/","https:\/\/www.instagram.com\/seijiroyazawaiwai\/","https:\/\/www.linkedin.com\/company\/3261708"]}]}},"_links":{"self":[{"href":"https:\/\/www.seijiroyazawaiwai.com\/oldversion\/wp-json\/wp\/v2\/product\/3856","targetHints":{"allow":["GET"]}}],"collection":[{"href":"https:\/\/www.seijiroyazawaiwai.com\/oldversion\/wp-json\/wp\/v2\/product"}],"about":[{"href":"https:\/\/www.seijiroyazawaiwai.com\/oldversion\/wp-json\/wp\/v2\/types\/product"}],"replies":[{"embeddable":true,"href":"https:\/\/www.seijiroyazawaiwai.com\/oldversion\/wp-json\/wp\/v2\/comments?post=3856"}],"wp:featuredmedia":[{"embeddable":true,"href":"https:\/\/www.seijiroyazawaiwai.com\/oldversion\/wp-json\/wp\/v2\/media\/3905"}],"wp:attachment":[{"href":"https:\/\/www.seijiroyazawaiwai.com\/oldversion\/wp-json\/wp\/v2\/media?parent=3856"}],"wp:term":[{"taxonomy":"product_brand","embeddable":true,"href":"https:\/\/www.seijiroyazawaiwai.com\/oldversion\/wp-json\/wp\/v2\/product_brand?post=3856"},{"taxonomy":"product_cat","embeddable":true,"href":"https:\/\/www.seijiroyazawaiwai.com\/oldversion\/wp-json\/wp\/v2\/product_cat?post=3856"},{"taxonomy":"product_tag","embeddable":true,"href":"https:\/\/www.seijiroyazawaiwai.com\/oldversion\/wp-json\/wp\/v2\/product_tag?post=3856"}],"curies":[{"name":"wp","href":"https:\/\/api.w.org\/{rel}","templated":true}]}}