{"id":3842,"date":"2016-12-05T15:55:54","date_gmt":"2016-12-05T15:55:54","guid":{"rendered":"http:\/\/www.seijiroyazawaiwai.com\/oldversion\/?post_type=product&#038;p=3842"},"modified":"2016-12-29T20:18:51","modified_gmt":"2016-12-29T20:18:51","slug":"espatulas-classic-macintosh","status":"publish","type":"product","link":"https:\/\/www.seijiroyazawaiwai.com\/oldversion\/tienda\/healthcare\/tipos-healthcare\/laringoscopio\/espatulas-classic-macintosh\/","title":{"rendered":"Esp\u00e1tulas Classic+ Macintosh"},"content":{"rendered":"<p style=\"text-align: justify;\">Esp\u00e1tulas de fibra \u00f3ptica CLASSIC+ MACINTOSH\u00a0con tecnolog\u00eda innovadora; Haces de fibra \u00f3ptica\u00a0HEINE HiLite con hasta 6500 microfibras para una\u00a0mejor transmisi\u00f3n de luz y mayor duraci\u00f3n. El\u00a0fasc\u00edculo de fibra se encuentra protegido en sus dos\u00a0extremos contra deterioros mec\u00e1nicos. Goza de\u00a0excelente iluminaci\u00f3n mediante la luz fr\u00eda integrada\u00a0con gran secci\u00f3n transversal. A elecci\u00f3n de\u00a0iluminaci\u00f3n LED o XHL: Con una intensidad\u00a0luminosa tres veces superior o un 40% mayor a la\u00a0de l\u00e1mparas hal\u00f3genas convencionales. Las\u00a0esp\u00e1tulas de HEINE Classic+ no tienen piezas de\u00a0uni\u00f3n por rosca, ni conductores de luz externos, ni\u00a0aperturas que puedan ensuciarse. Su superficie lisa\u00a0hace m\u00e1s f\u00e1cil la limpieza y esterilizaci\u00f3n. Las\u00a0esp\u00e1tulas no requieren mantenimiento y son\u00a0compatible con todos los mangos seg\u00fan la norma\u00a0ISO 7376 (sistema verde). Su construcci\u00f3n es de\u00a0una inmejorable calidad de acero inoxidable. Por lo\u00a0que HEINE garantiza una duraci\u00f3n de 5 a\u00f1os de las\u00a0esp\u00e1tulas con fasc\u00edculo de fibra HiLite. 4000\u00a0esterilizaciones en autoclave con ciclo normal de\u00a0autoclave 134\u00baC \/ 4 min., mantiene una intensidad\u00a0de iluminaci\u00f3n de m\u00e1s de 1000 lux.<\/p>\n","protected":false},"excerpt":{"rendered":"<p style=\"text-align: justify;\">Esp\u00e1tulas de fibra \u00f3ptica CLASSIC+ MACINTOSH\u00a0con tecnolog\u00eda innovadora; Haces de fibra \u00f3ptica\u00a0HEINE HiLite con hasta 6500 microfibras para una\u00a0mejor transmisi\u00f3n de luz y mayor duraci\u00f3n. El\u00a0fasc\u00edculo de fibra se encuentra protegido en sus dos\u00a0extremos contra deterioros mec\u00e1nicos. Goza de\u00a0excelente iluminaci\u00f3n mediante la luz fr\u00eda integrada\u00a0con gran secci\u00f3n transversal. A elecci\u00f3n de\u00a0iluminaci\u00f3n LED o XHL.<\/p>\n","protected":false},"featured_media":3913,"comment_status":"open","ping_status":"closed","template":"","meta":{"_acf_changed":false,"_monsterinsights_skip_tracking":false,"_monsterinsights_sitenote_active":false,"_monsterinsights_sitenote_note":"","_monsterinsights_sitenote_category":0},"product_brand":[],"product_cat":[799,37,36,198,800,47,51],"product_tag":[],"class_list":{"0":"post-3842","1":"product","2":"type-product","3":"status-publish","4":"has-post-thumbnail","6":"product_cat-anestesiologia-categorias-healthcare","7":"product_cat-healthcare-categorias","8":"product_cat-healthcare","9":"product_cat-heine","10":"product_cat-laringoscopio","11":"product_cat-marcas-healthcare","12":"product_cat-tipos-healthcare","14":"first","15":"instock","16":"shipping-taxable","17":"product-type-simple"},"acf":[],"yoast_head":"<!-- This site is optimized with the Yoast SEO plugin v27.5 - https:\/\/yoast.com\/product\/yoast-seo-wordpress\/ -->\n<title>Esp\u00e1tulas Classic+ Macintosh - syi<\/title>\n<meta name=\"robots\" content=\"index, follow, max-snippet:-1, max-image-preview:large, max-video-preview:-1\" \/>\n<link rel=\"canonical\" href=\"https:\/\/www.seijiroyazawaiwai.com\/oldversion\/tienda\/healthcare\/tipos-healthcare\/laringoscopio\/espatulas-classic-macintosh\/\" \/>\n<meta property=\"og:locale\" content=\"es_ES\" \/>\n<meta property=\"og:type\" content=\"article\" \/>\n<meta property=\"og:title\" content=\"Esp\u00e1tulas Classic+ Macintosh - syi\" \/>\n<meta property=\"og:description\" content=\"Esp\u00e1tulas de fibra \u00f3ptica CLASSIC+ MACINTOSH\u00a0con tecnolog\u00eda innovadora; Haces de fibra \u00f3ptica\u00a0HEINE HiLite con hasta 6500 microfibras para una\u00a0mejor transmisi\u00f3n de luz y mayor duraci\u00f3n. El\u00a0fasc\u00edculo de fibra se encuentra protegido en sus dos\u00a0extremos contra deterioros mec\u00e1nicos. Goza de\u00a0excelente iluminaci\u00f3n mediante la luz fr\u00eda integrada\u00a0con gran secci\u00f3n transversal. A elecci\u00f3n de\u00a0iluminaci\u00f3n LED o XHL.\" \/>\n<meta property=\"og:url\" content=\"https:\/\/www.seijiroyazawaiwai.com\/oldversion\/tienda\/healthcare\/tipos-healthcare\/laringoscopio\/espatulas-classic-macintosh\/\" \/>\n<meta property=\"og:site_name\" content=\"syi\" \/>\n<meta property=\"article:publisher\" content=\"https:\/\/www.facebook.com\/SYIGlobal\/\" \/>\n<meta property=\"article:modified_time\" content=\"2016-12-29T20:18:51+00:00\" \/>\n<meta property=\"og:image\" content=\"https:\/\/www.seijiroyazawaiwai.com\/oldversion\/wp-content\/uploads\/2016\/12\/Heine-Esp\u00e1tula-CLASSIC-MACINTOSH.jpg\" \/>\n\t<meta property=\"og:image:width\" content=\"640\" \/>\n\t<meta property=\"og:image:height\" content=\"480\" \/>\n\t<meta property=\"og:image:type\" content=\"image\/jpeg\" \/>\n<meta name=\"twitter:card\" content=\"summary_large_image\" \/>\n<meta name=\"twitter:label1\" content=\"Tiempo de lectura\" \/>\n\t<meta name=\"twitter:data1\" content=\"1 minuto\" \/>\n<script type=\"application\/ld+json\" class=\"yoast-schema-graph\">{\"@context\":\"https:\\\/\\\/schema.org\",\"@graph\":[{\"@type\":\"WebPage\",\"@id\":\"https:\\\/\\\/www.seijiroyazawaiwai.com\\\/oldversion\\\/tienda\\\/healthcare\\\/tipos-healthcare\\\/laringoscopio\\\/espatulas-classic-macintosh\\\/\",\"url\":\"https:\\\/\\\/www.seijiroyazawaiwai.com\\\/oldversion\\\/tienda\\\/healthcare\\\/tipos-healthcare\\\/laringoscopio\\\/espatulas-classic-macintosh\\\/\",\"name\":\"Esp\u00e1tulas Classic+ Macintosh - syi\",\"isPartOf\":{\"@id\":\"https:\\\/\\\/www.seijiroyazawaiwai.com\\\/oldversion\\\/#website\"},\"primaryImageOfPage\":{\"@id\":\"https:\\\/\\\/www.seijiroyazawaiwai.com\\\/oldversion\\\/tienda\\\/healthcare\\\/tipos-healthcare\\\/laringoscopio\\\/espatulas-classic-macintosh\\\/#primaryimage\"},\"image\":{\"@id\":\"https:\\\/\\\/www.seijiroyazawaiwai.com\\\/oldversion\\\/tienda\\\/healthcare\\\/tipos-healthcare\\\/laringoscopio\\\/espatulas-classic-macintosh\\\/#primaryimage\"},\"thumbnailUrl\":\"https:\\\/\\\/www.seijiroyazawaiwai.com\\\/oldversion\\\/wp-content\\\/uploads\\\/2016\\\/12\\\/Heine-Esp\u00e1tula-CLASSIC-MACINTOSH.jpg\",\"datePublished\":\"2016-12-05T15:55:54+00:00\",\"dateModified\":\"2016-12-29T20:18:51+00:00\",\"breadcrumb\":{\"@id\":\"https:\\\/\\\/www.seijiroyazawaiwai.com\\\/oldversion\\\/tienda\\\/healthcare\\\/tipos-healthcare\\\/laringoscopio\\\/espatulas-classic-macintosh\\\/#breadcrumb\"},\"inLanguage\":\"es\",\"potentialAction\":[{\"@type\":\"ReadAction\",\"target\":[\"https:\\\/\\\/www.seijiroyazawaiwai.com\\\/oldversion\\\/tienda\\\/healthcare\\\/tipos-healthcare\\\/laringoscopio\\\/espatulas-classic-macintosh\\\/\"]}]},{\"@type\":\"ImageObject\",\"inLanguage\":\"es\",\"@id\":\"https:\\\/\\\/www.seijiroyazawaiwai.com\\\/oldversion\\\/tienda\\\/healthcare\\\/tipos-healthcare\\\/laringoscopio\\\/espatulas-classic-macintosh\\\/#primaryimage\",\"url\":\"https:\\\/\\\/www.seijiroyazawaiwai.com\\\/oldversion\\\/wp-content\\\/uploads\\\/2016\\\/12\\\/Heine-Esp\u00e1tula-CLASSIC-MACINTOSH.jpg\",\"contentUrl\":\"https:\\\/\\\/www.seijiroyazawaiwai.com\\\/oldversion\\\/wp-content\\\/uploads\\\/2016\\\/12\\\/Heine-Esp\u00e1tula-CLASSIC-MACINTOSH.jpg\",\"width\":640,\"height\":480},{\"@type\":\"BreadcrumbList\",\"@id\":\"https:\\\/\\\/www.seijiroyazawaiwai.com\\\/oldversion\\\/tienda\\\/healthcare\\\/tipos-healthcare\\\/laringoscopio\\\/espatulas-classic-macintosh\\\/#breadcrumb\",\"itemListElement\":[{\"@type\":\"ListItem\",\"position\":1,\"name\":\"Portada\",\"item\":\"https:\\\/\\\/www.seijiroyazawaiwai.com\\\/oldversion\\\/\"},{\"@type\":\"ListItem\",\"position\":2,\"name\":\"Tienda\",\"item\":\"https:\\\/\\\/www.seijiroyazawaiwai.com\\\/oldversion\\\/tienda\\\/\"},{\"@type\":\"ListItem\",\"position\":3,\"name\":\"Esp\u00e1tulas Classic+ Macintosh\"}]},{\"@type\":\"WebSite\",\"@id\":\"https:\\\/\\\/www.seijiroyazawaiwai.com\\\/oldversion\\\/#website\",\"url\":\"https:\\\/\\\/www.seijiroyazawaiwai.com\\\/oldversion\\\/\",\"name\":\"syi\",\"description\":\"Otro sitio realizado con WordPress\",\"publisher\":{\"@id\":\"https:\\\/\\\/www.seijiroyazawaiwai.com\\\/oldversion\\\/#organization\"},\"potentialAction\":[{\"@type\":\"SearchAction\",\"target\":{\"@type\":\"EntryPoint\",\"urlTemplate\":\"https:\\\/\\\/www.seijiroyazawaiwai.com\\\/oldversion\\\/?s={search_term_string}\"},\"query-input\":{\"@type\":\"PropertyValueSpecification\",\"valueRequired\":true,\"valueName\":\"search_term_string\"}}],\"inLanguage\":\"es\"},{\"@type\":\"Organization\",\"@id\":\"https:\\\/\\\/www.seijiroyazawaiwai.com\\\/oldversion\\\/#organization\",\"name\":\"Seijiro Yazawa Iwai\",\"url\":\"https:\\\/\\\/www.seijiroyazawaiwai.com\\\/oldversion\\\/\",\"logo\":{\"@type\":\"ImageObject\",\"inLanguage\":\"es\",\"@id\":\"https:\\\/\\\/www.seijiroyazawaiwai.com\\\/oldversion\\\/#\\\/schema\\\/logo\\\/image\\\/\",\"url\":\"https:\\\/\\\/www.seijiroyazawaiwai.com\\\/oldversion\\\/wp-content\\\/uploads\\\/2015\\\/10\\\/logo_historia.png\",\"contentUrl\":\"https:\\\/\\\/www.seijiroyazawaiwai.com\\\/oldversion\\\/wp-content\\\/uploads\\\/2015\\\/10\\\/logo_historia.png\",\"width\":150,\"height\":150,\"caption\":\"Seijiro Yazawa Iwai\"},\"image\":{\"@id\":\"https:\\\/\\\/www.seijiroyazawaiwai.com\\\/oldversion\\\/#\\\/schema\\\/logo\\\/image\\\/\"},\"sameAs\":[\"https:\\\/\\\/www.facebook.com\\\/SYIGlobal\\\/\",\"https:\\\/\\\/www.instagram.com\\\/seijiroyazawaiwai\\\/\",\"https:\\\/\\\/www.linkedin.com\\\/company\\\/3261708\"]}]}<\/script>\n<!-- \/ Yoast SEO plugin. -->","yoast_head_json":{"title":"Esp\u00e1tulas Classic+ Macintosh - syi","robots":{"index":"index","follow":"follow","max-snippet":"max-snippet:-1","max-image-preview":"max-image-preview:large","max-video-preview":"max-video-preview:-1"},"canonical":"https:\/\/www.seijiroyazawaiwai.com\/oldversion\/tienda\/healthcare\/tipos-healthcare\/laringoscopio\/espatulas-classic-macintosh\/","og_locale":"es_ES","og_type":"article","og_title":"Esp\u00e1tulas Classic+ Macintosh - syi","og_description":"Esp\u00e1tulas de fibra \u00f3ptica CLASSIC+ MACINTOSH\u00a0con tecnolog\u00eda innovadora; Haces de fibra \u00f3ptica\u00a0HEINE HiLite con hasta 6500 microfibras para una\u00a0mejor transmisi\u00f3n de luz y mayor duraci\u00f3n. El\u00a0fasc\u00edculo de fibra se encuentra protegido en sus dos\u00a0extremos contra deterioros mec\u00e1nicos. Goza de\u00a0excelente iluminaci\u00f3n mediante la luz fr\u00eda integrada\u00a0con gran secci\u00f3n transversal. A elecci\u00f3n de\u00a0iluminaci\u00f3n LED o XHL.","og_url":"https:\/\/www.seijiroyazawaiwai.com\/oldversion\/tienda\/healthcare\/tipos-healthcare\/laringoscopio\/espatulas-classic-macintosh\/","og_site_name":"syi","article_publisher":"https:\/\/www.facebook.com\/SYIGlobal\/","article_modified_time":"2016-12-29T20:18:51+00:00","og_image":[{"width":640,"height":480,"url":"https:\/\/www.seijiroyazawaiwai.com\/oldversion\/wp-content\/uploads\/2016\/12\/Heine-Esp\u00e1tula-CLASSIC-MACINTOSH.jpg","type":"image\/jpeg"}],"twitter_card":"summary_large_image","twitter_misc":{"Tiempo de lectura":"1 minuto"},"schema":{"@context":"https:\/\/schema.org","@graph":[{"@type":"WebPage","@id":"https:\/\/www.seijiroyazawaiwai.com\/oldversion\/tienda\/healthcare\/tipos-healthcare\/laringoscopio\/espatulas-classic-macintosh\/","url":"https:\/\/www.seijiroyazawaiwai.com\/oldversion\/tienda\/healthcare\/tipos-healthcare\/laringoscopio\/espatulas-classic-macintosh\/","name":"Esp\u00e1tulas Classic+ Macintosh - syi","isPartOf":{"@id":"https:\/\/www.seijiroyazawaiwai.com\/oldversion\/#website"},"primaryImageOfPage":{"@id":"https:\/\/www.seijiroyazawaiwai.com\/oldversion\/tienda\/healthcare\/tipos-healthcare\/laringoscopio\/espatulas-classic-macintosh\/#primaryimage"},"image":{"@id":"https:\/\/www.seijiroyazawaiwai.com\/oldversion\/tienda\/healthcare\/tipos-healthcare\/laringoscopio\/espatulas-classic-macintosh\/#primaryimage"},"thumbnailUrl":"https:\/\/www.seijiroyazawaiwai.com\/oldversion\/wp-content\/uploads\/2016\/12\/Heine-Esp\u00e1tula-CLASSIC-MACINTOSH.jpg","datePublished":"2016-12-05T15:55:54+00:00","dateModified":"2016-12-29T20:18:51+00:00","breadcrumb":{"@id":"https:\/\/www.seijiroyazawaiwai.com\/oldversion\/tienda\/healthcare\/tipos-healthcare\/laringoscopio\/espatulas-classic-macintosh\/#breadcrumb"},"inLanguage":"es","potentialAction":[{"@type":"ReadAction","target":["https:\/\/www.seijiroyazawaiwai.com\/oldversion\/tienda\/healthcare\/tipos-healthcare\/laringoscopio\/espatulas-classic-macintosh\/"]}]},{"@type":"ImageObject","inLanguage":"es","@id":"https:\/\/www.seijiroyazawaiwai.com\/oldversion\/tienda\/healthcare\/tipos-healthcare\/laringoscopio\/espatulas-classic-macintosh\/#primaryimage","url":"https:\/\/www.seijiroyazawaiwai.com\/oldversion\/wp-content\/uploads\/2016\/12\/Heine-Esp\u00e1tula-CLASSIC-MACINTOSH.jpg","contentUrl":"https:\/\/www.seijiroyazawaiwai.com\/oldversion\/wp-content\/uploads\/2016\/12\/Heine-Esp\u00e1tula-CLASSIC-MACINTOSH.jpg","width":640,"height":480},{"@type":"BreadcrumbList","@id":"https:\/\/www.seijiroyazawaiwai.com\/oldversion\/tienda\/healthcare\/tipos-healthcare\/laringoscopio\/espatulas-classic-macintosh\/#breadcrumb","itemListElement":[{"@type":"ListItem","position":1,"name":"Portada","item":"https:\/\/www.seijiroyazawaiwai.com\/oldversion\/"},{"@type":"ListItem","position":2,"name":"Tienda","item":"https:\/\/www.seijiroyazawaiwai.com\/oldversion\/tienda\/"},{"@type":"ListItem","position":3,"name":"Esp\u00e1tulas Classic+ Macintosh"}]},{"@type":"WebSite","@id":"https:\/\/www.seijiroyazawaiwai.com\/oldversion\/#website","url":"https:\/\/www.seijiroyazawaiwai.com\/oldversion\/","name":"syi","description":"Otro sitio realizado con WordPress","publisher":{"@id":"https:\/\/www.seijiroyazawaiwai.com\/oldversion\/#organization"},"potentialAction":[{"@type":"SearchAction","target":{"@type":"EntryPoint","urlTemplate":"https:\/\/www.seijiroyazawaiwai.com\/oldversion\/?s={search_term_string}"},"query-input":{"@type":"PropertyValueSpecification","valueRequired":true,"valueName":"search_term_string"}}],"inLanguage":"es"},{"@type":"Organization","@id":"https:\/\/www.seijiroyazawaiwai.com\/oldversion\/#organization","name":"Seijiro Yazawa Iwai","url":"https:\/\/www.seijiroyazawaiwai.com\/oldversion\/","logo":{"@type":"ImageObject","inLanguage":"es","@id":"https:\/\/www.seijiroyazawaiwai.com\/oldversion\/#\/schema\/logo\/image\/","url":"https:\/\/www.seijiroyazawaiwai.com\/oldversion\/wp-content\/uploads\/2015\/10\/logo_historia.png","contentUrl":"https:\/\/www.seijiroyazawaiwai.com\/oldversion\/wp-content\/uploads\/2015\/10\/logo_historia.png","width":150,"height":150,"caption":"Seijiro Yazawa Iwai"},"image":{"@id":"https:\/\/www.seijiroyazawaiwai.com\/oldversion\/#\/schema\/logo\/image\/"},"sameAs":["https:\/\/www.facebook.com\/SYIGlobal\/","https:\/\/www.instagram.com\/seijiroyazawaiwai\/","https:\/\/www.linkedin.com\/company\/3261708"]}]}},"_links":{"self":[{"href":"https:\/\/www.seijiroyazawaiwai.com\/oldversion\/wp-json\/wp\/v2\/product\/3842","targetHints":{"allow":["GET"]}}],"collection":[{"href":"https:\/\/www.seijiroyazawaiwai.com\/oldversion\/wp-json\/wp\/v2\/product"}],"about":[{"href":"https:\/\/www.seijiroyazawaiwai.com\/oldversion\/wp-json\/wp\/v2\/types\/product"}],"replies":[{"embeddable":true,"href":"https:\/\/www.seijiroyazawaiwai.com\/oldversion\/wp-json\/wp\/v2\/comments?post=3842"}],"wp:featuredmedia":[{"embeddable":true,"href":"https:\/\/www.seijiroyazawaiwai.com\/oldversion\/wp-json\/wp\/v2\/media\/3913"}],"wp:attachment":[{"href":"https:\/\/www.seijiroyazawaiwai.com\/oldversion\/wp-json\/wp\/v2\/media?parent=3842"}],"wp:term":[{"taxonomy":"product_brand","embeddable":true,"href":"https:\/\/www.seijiroyazawaiwai.com\/oldversion\/wp-json\/wp\/v2\/product_brand?post=3842"},{"taxonomy":"product_cat","embeddable":true,"href":"https:\/\/www.seijiroyazawaiwai.com\/oldversion\/wp-json\/wp\/v2\/product_cat?post=3842"},{"taxonomy":"product_tag","embeddable":true,"href":"https:\/\/www.seijiroyazawaiwai.com\/oldversion\/wp-json\/wp\/v2\/product_tag?post=3842"}],"curies":[{"name":"wp","href":"https:\/\/api.w.org\/{rel}","templated":true}]}}