{"id":3841,"date":"2016-12-05T15:58:07","date_gmt":"2016-12-05T15:58:07","guid":{"rendered":"http:\/\/www.seijiroyazawaiwai.com\/oldversion\/?post_type=product&#038;p=3841"},"modified":"2016-12-29T20:18:04","modified_gmt":"2016-12-29T20:18:04","slug":"espatulas-classic-miller","status":"publish","type":"product","link":"https:\/\/www.seijiroyazawaiwai.com\/oldversion\/tienda\/healthcare\/tipos-healthcare\/laringoscopio\/espatulas-classic-miller\/","title":{"rendered":"Esp\u00e1tulas Classic+ Miller"},"content":{"rendered":"<p style=\"text-align: justify;\">Esp\u00e1tulas de fibra \u00f3ptica CLASSIC+ MILLER\u00a0tecnolog\u00eda innovadora. La geometr\u00eda \u00f3ptima de la\u00a0esp\u00e1tula Miller facilita la inserci\u00f3n del tubo, la parte\u00a0posterior de la esp\u00e1tula acortada, mejora la visi\u00f3n\u00a0de la epiglotis y las cuerdas vocales. Su dise\u00f1o es\u00a0atraum\u00e1tico del extremo de la esp\u00e1tula, haces de\u00a0fibra \u00f3ptica HEINE HiLite con hasta 6500\u00a0microfibras para una mejor transmisi\u00f3n de luz y\u00a0mayor duraci\u00f3n. Goza de excelente iluminaci\u00f3n\u00a0mediante la luz fr\u00eda integrada con gran secci\u00f3n\u00a0transversal. A elecci\u00f3n con iluminaci\u00f3n LED o XHL:\u00a0Con una intensidad luminosa tres veces superior o\u00a0un 40% mayor a la de l\u00e1mparas hal\u00f3genas\u00a0convencionales. Las esp\u00e1tulas de HEINE Classic+\u00a0no tienen piezas de uni\u00f3n por rosca, ni conductores\u00a0de luz externos ni aperturas que puedan\u00a0ensuciarse. Las esp\u00e1tulas no requieren\u00a0mantenimiento; son compatible con todos los\u00a0mangos seg\u00fan la norma ISO 7376 (sistema verde).\u00a0Su construcci\u00f3n es de una inmejorable calidad de\u00a0acero inoxidable. Por lo que HEINE garantiza una\u00a0duraci\u00f3n de 5 a\u00f1os de las esp\u00e1tulas con fasc\u00edculo\u00a0de fibra HiLite. 4000 esterilizaciones en autoclave\u00a0con ciclo normal de autoclave 134 \u00baC \/ 4 min.,\u00a0mantiene una intensidad de iluminaci\u00f3n de m\u00e1s de\u00a01000 lux.<\/p>\n","protected":false},"excerpt":{"rendered":"<p style=\"text-align: justify;\">Esp\u00e1tulas de fibra \u00f3ptica CLASSIC+ MILLER\u00a0tecnolog\u00eda innovadora. La geometr\u00eda \u00f3ptima de la\u00a0esp\u00e1tula Miller facilita la inserci\u00f3n del tubo, la parte\u00a0posterior de la esp\u00e1tula acortada, mejora la visi\u00f3n\u00a0de la epiglotis y las cuerdas vocales.<\/p>\n","protected":false},"featured_media":3914,"comment_status":"open","ping_status":"closed","template":"","meta":{"_acf_changed":false,"_monsterinsights_skip_tracking":false,"_monsterinsights_sitenote_active":false,"_monsterinsights_sitenote_note":"","_monsterinsights_sitenote_category":0},"product_brand":[],"product_cat":[799,37,36,198,800,47,51],"product_tag":[],"class_list":{"0":"post-3841","1":"product","2":"type-product","3":"status-publish","4":"has-post-thumbnail","6":"product_cat-anestesiologia-categorias-healthcare","7":"product_cat-healthcare-categorias","8":"product_cat-healthcare","9":"product_cat-heine","10":"product_cat-laringoscopio","11":"product_cat-marcas-healthcare","12":"product_cat-tipos-healthcare","14":"first","15":"instock","16":"shipping-taxable","17":"product-type-simple"},"acf":[],"yoast_head":"<!-- This site is optimized with the Yoast SEO plugin v27.5 - https:\/\/yoast.com\/product\/yoast-seo-wordpress\/ -->\n<title>Esp\u00e1tulas Classic+ Miller - syi<\/title>\n<meta name=\"robots\" content=\"index, follow, max-snippet:-1, max-image-preview:large, max-video-preview:-1\" \/>\n<link rel=\"canonical\" href=\"https:\/\/www.seijiroyazawaiwai.com\/oldversion\/tienda\/healthcare\/tipos-healthcare\/laringoscopio\/espatulas-classic-miller\/\" \/>\n<meta property=\"og:locale\" content=\"es_ES\" \/>\n<meta property=\"og:type\" content=\"article\" \/>\n<meta property=\"og:title\" content=\"Esp\u00e1tulas Classic+ Miller - syi\" \/>\n<meta property=\"og:description\" content=\"Esp\u00e1tulas de fibra \u00f3ptica CLASSIC+ MILLER\u00a0tecnolog\u00eda innovadora. La geometr\u00eda \u00f3ptima de la\u00a0esp\u00e1tula Miller facilita la inserci\u00f3n del tubo, la parte\u00a0posterior de la esp\u00e1tula acortada, mejora la visi\u00f3n\u00a0de la epiglotis y las cuerdas vocales.\" \/>\n<meta property=\"og:url\" content=\"https:\/\/www.seijiroyazawaiwai.com\/oldversion\/tienda\/healthcare\/tipos-healthcare\/laringoscopio\/espatulas-classic-miller\/\" \/>\n<meta property=\"og:site_name\" content=\"syi\" \/>\n<meta property=\"article:publisher\" content=\"https:\/\/www.facebook.com\/SYIGlobal\/\" \/>\n<meta property=\"article:modified_time\" content=\"2016-12-29T20:18:04+00:00\" \/>\n<meta property=\"og:image\" content=\"https:\/\/www.seijiroyazawaiwai.com\/oldversion\/wp-content\/uploads\/2016\/12\/Heine-Esp\u00e1tulas-Classic-Miller.jpg\" \/>\n\t<meta property=\"og:image:width\" content=\"640\" \/>\n\t<meta property=\"og:image:height\" content=\"480\" \/>\n\t<meta property=\"og:image:type\" content=\"image\/jpeg\" \/>\n<meta name=\"twitter:card\" content=\"summary_large_image\" \/>\n<meta name=\"twitter:label1\" content=\"Tiempo de lectura\" \/>\n\t<meta name=\"twitter:data1\" content=\"1 minuto\" \/>\n<script type=\"application\/ld+json\" class=\"yoast-schema-graph\">{\"@context\":\"https:\\\/\\\/schema.org\",\"@graph\":[{\"@type\":\"WebPage\",\"@id\":\"https:\\\/\\\/www.seijiroyazawaiwai.com\\\/oldversion\\\/tienda\\\/healthcare\\\/tipos-healthcare\\\/laringoscopio\\\/espatulas-classic-miller\\\/\",\"url\":\"https:\\\/\\\/www.seijiroyazawaiwai.com\\\/oldversion\\\/tienda\\\/healthcare\\\/tipos-healthcare\\\/laringoscopio\\\/espatulas-classic-miller\\\/\",\"name\":\"Esp\u00e1tulas Classic+ Miller - syi\",\"isPartOf\":{\"@id\":\"https:\\\/\\\/www.seijiroyazawaiwai.com\\\/oldversion\\\/#website\"},\"primaryImageOfPage\":{\"@id\":\"https:\\\/\\\/www.seijiroyazawaiwai.com\\\/oldversion\\\/tienda\\\/healthcare\\\/tipos-healthcare\\\/laringoscopio\\\/espatulas-classic-miller\\\/#primaryimage\"},\"image\":{\"@id\":\"https:\\\/\\\/www.seijiroyazawaiwai.com\\\/oldversion\\\/tienda\\\/healthcare\\\/tipos-healthcare\\\/laringoscopio\\\/espatulas-classic-miller\\\/#primaryimage\"},\"thumbnailUrl\":\"https:\\\/\\\/www.seijiroyazawaiwai.com\\\/oldversion\\\/wp-content\\\/uploads\\\/2016\\\/12\\\/Heine-Esp\u00e1tulas-Classic-Miller.jpg\",\"datePublished\":\"2016-12-05T15:58:07+00:00\",\"dateModified\":\"2016-12-29T20:18:04+00:00\",\"breadcrumb\":{\"@id\":\"https:\\\/\\\/www.seijiroyazawaiwai.com\\\/oldversion\\\/tienda\\\/healthcare\\\/tipos-healthcare\\\/laringoscopio\\\/espatulas-classic-miller\\\/#breadcrumb\"},\"inLanguage\":\"es\",\"potentialAction\":[{\"@type\":\"ReadAction\",\"target\":[\"https:\\\/\\\/www.seijiroyazawaiwai.com\\\/oldversion\\\/tienda\\\/healthcare\\\/tipos-healthcare\\\/laringoscopio\\\/espatulas-classic-miller\\\/\"]}]},{\"@type\":\"ImageObject\",\"inLanguage\":\"es\",\"@id\":\"https:\\\/\\\/www.seijiroyazawaiwai.com\\\/oldversion\\\/tienda\\\/healthcare\\\/tipos-healthcare\\\/laringoscopio\\\/espatulas-classic-miller\\\/#primaryimage\",\"url\":\"https:\\\/\\\/www.seijiroyazawaiwai.com\\\/oldversion\\\/wp-content\\\/uploads\\\/2016\\\/12\\\/Heine-Esp\u00e1tulas-Classic-Miller.jpg\",\"contentUrl\":\"https:\\\/\\\/www.seijiroyazawaiwai.com\\\/oldversion\\\/wp-content\\\/uploads\\\/2016\\\/12\\\/Heine-Esp\u00e1tulas-Classic-Miller.jpg\",\"width\":640,\"height\":480},{\"@type\":\"BreadcrumbList\",\"@id\":\"https:\\\/\\\/www.seijiroyazawaiwai.com\\\/oldversion\\\/tienda\\\/healthcare\\\/tipos-healthcare\\\/laringoscopio\\\/espatulas-classic-miller\\\/#breadcrumb\",\"itemListElement\":[{\"@type\":\"ListItem\",\"position\":1,\"name\":\"Portada\",\"item\":\"https:\\\/\\\/www.seijiroyazawaiwai.com\\\/oldversion\\\/\"},{\"@type\":\"ListItem\",\"position\":2,\"name\":\"Tienda\",\"item\":\"https:\\\/\\\/www.seijiroyazawaiwai.com\\\/oldversion\\\/tienda\\\/\"},{\"@type\":\"ListItem\",\"position\":3,\"name\":\"Esp\u00e1tulas Classic+ Miller\"}]},{\"@type\":\"WebSite\",\"@id\":\"https:\\\/\\\/www.seijiroyazawaiwai.com\\\/oldversion\\\/#website\",\"url\":\"https:\\\/\\\/www.seijiroyazawaiwai.com\\\/oldversion\\\/\",\"name\":\"syi\",\"description\":\"Otro sitio realizado con WordPress\",\"publisher\":{\"@id\":\"https:\\\/\\\/www.seijiroyazawaiwai.com\\\/oldversion\\\/#organization\"},\"potentialAction\":[{\"@type\":\"SearchAction\",\"target\":{\"@type\":\"EntryPoint\",\"urlTemplate\":\"https:\\\/\\\/www.seijiroyazawaiwai.com\\\/oldversion\\\/?s={search_term_string}\"},\"query-input\":{\"@type\":\"PropertyValueSpecification\",\"valueRequired\":true,\"valueName\":\"search_term_string\"}}],\"inLanguage\":\"es\"},{\"@type\":\"Organization\",\"@id\":\"https:\\\/\\\/www.seijiroyazawaiwai.com\\\/oldversion\\\/#organization\",\"name\":\"Seijiro Yazawa Iwai\",\"url\":\"https:\\\/\\\/www.seijiroyazawaiwai.com\\\/oldversion\\\/\",\"logo\":{\"@type\":\"ImageObject\",\"inLanguage\":\"es\",\"@id\":\"https:\\\/\\\/www.seijiroyazawaiwai.com\\\/oldversion\\\/#\\\/schema\\\/logo\\\/image\\\/\",\"url\":\"https:\\\/\\\/www.seijiroyazawaiwai.com\\\/oldversion\\\/wp-content\\\/uploads\\\/2015\\\/10\\\/logo_historia.png\",\"contentUrl\":\"https:\\\/\\\/www.seijiroyazawaiwai.com\\\/oldversion\\\/wp-content\\\/uploads\\\/2015\\\/10\\\/logo_historia.png\",\"width\":150,\"height\":150,\"caption\":\"Seijiro Yazawa Iwai\"},\"image\":{\"@id\":\"https:\\\/\\\/www.seijiroyazawaiwai.com\\\/oldversion\\\/#\\\/schema\\\/logo\\\/image\\\/\"},\"sameAs\":[\"https:\\\/\\\/www.facebook.com\\\/SYIGlobal\\\/\",\"https:\\\/\\\/www.instagram.com\\\/seijiroyazawaiwai\\\/\",\"https:\\\/\\\/www.linkedin.com\\\/company\\\/3261708\"]}]}<\/script>\n<!-- \/ Yoast SEO plugin. -->","yoast_head_json":{"title":"Esp\u00e1tulas Classic+ Miller - syi","robots":{"index":"index","follow":"follow","max-snippet":"max-snippet:-1","max-image-preview":"max-image-preview:large","max-video-preview":"max-video-preview:-1"},"canonical":"https:\/\/www.seijiroyazawaiwai.com\/oldversion\/tienda\/healthcare\/tipos-healthcare\/laringoscopio\/espatulas-classic-miller\/","og_locale":"es_ES","og_type":"article","og_title":"Esp\u00e1tulas Classic+ Miller - syi","og_description":"Esp\u00e1tulas de fibra \u00f3ptica CLASSIC+ MILLER\u00a0tecnolog\u00eda innovadora. La geometr\u00eda \u00f3ptima de la\u00a0esp\u00e1tula Miller facilita la inserci\u00f3n del tubo, la parte\u00a0posterior de la esp\u00e1tula acortada, mejora la visi\u00f3n\u00a0de la epiglotis y las cuerdas vocales.","og_url":"https:\/\/www.seijiroyazawaiwai.com\/oldversion\/tienda\/healthcare\/tipos-healthcare\/laringoscopio\/espatulas-classic-miller\/","og_site_name":"syi","article_publisher":"https:\/\/www.facebook.com\/SYIGlobal\/","article_modified_time":"2016-12-29T20:18:04+00:00","og_image":[{"width":640,"height":480,"url":"https:\/\/www.seijiroyazawaiwai.com\/oldversion\/wp-content\/uploads\/2016\/12\/Heine-Esp\u00e1tulas-Classic-Miller.jpg","type":"image\/jpeg"}],"twitter_card":"summary_large_image","twitter_misc":{"Tiempo de lectura":"1 minuto"},"schema":{"@context":"https:\/\/schema.org","@graph":[{"@type":"WebPage","@id":"https:\/\/www.seijiroyazawaiwai.com\/oldversion\/tienda\/healthcare\/tipos-healthcare\/laringoscopio\/espatulas-classic-miller\/","url":"https:\/\/www.seijiroyazawaiwai.com\/oldversion\/tienda\/healthcare\/tipos-healthcare\/laringoscopio\/espatulas-classic-miller\/","name":"Esp\u00e1tulas Classic+ Miller - syi","isPartOf":{"@id":"https:\/\/www.seijiroyazawaiwai.com\/oldversion\/#website"},"primaryImageOfPage":{"@id":"https:\/\/www.seijiroyazawaiwai.com\/oldversion\/tienda\/healthcare\/tipos-healthcare\/laringoscopio\/espatulas-classic-miller\/#primaryimage"},"image":{"@id":"https:\/\/www.seijiroyazawaiwai.com\/oldversion\/tienda\/healthcare\/tipos-healthcare\/laringoscopio\/espatulas-classic-miller\/#primaryimage"},"thumbnailUrl":"https:\/\/www.seijiroyazawaiwai.com\/oldversion\/wp-content\/uploads\/2016\/12\/Heine-Esp\u00e1tulas-Classic-Miller.jpg","datePublished":"2016-12-05T15:58:07+00:00","dateModified":"2016-12-29T20:18:04+00:00","breadcrumb":{"@id":"https:\/\/www.seijiroyazawaiwai.com\/oldversion\/tienda\/healthcare\/tipos-healthcare\/laringoscopio\/espatulas-classic-miller\/#breadcrumb"},"inLanguage":"es","potentialAction":[{"@type":"ReadAction","target":["https:\/\/www.seijiroyazawaiwai.com\/oldversion\/tienda\/healthcare\/tipos-healthcare\/laringoscopio\/espatulas-classic-miller\/"]}]},{"@type":"ImageObject","inLanguage":"es","@id":"https:\/\/www.seijiroyazawaiwai.com\/oldversion\/tienda\/healthcare\/tipos-healthcare\/laringoscopio\/espatulas-classic-miller\/#primaryimage","url":"https:\/\/www.seijiroyazawaiwai.com\/oldversion\/wp-content\/uploads\/2016\/12\/Heine-Esp\u00e1tulas-Classic-Miller.jpg","contentUrl":"https:\/\/www.seijiroyazawaiwai.com\/oldversion\/wp-content\/uploads\/2016\/12\/Heine-Esp\u00e1tulas-Classic-Miller.jpg","width":640,"height":480},{"@type":"BreadcrumbList","@id":"https:\/\/www.seijiroyazawaiwai.com\/oldversion\/tienda\/healthcare\/tipos-healthcare\/laringoscopio\/espatulas-classic-miller\/#breadcrumb","itemListElement":[{"@type":"ListItem","position":1,"name":"Portada","item":"https:\/\/www.seijiroyazawaiwai.com\/oldversion\/"},{"@type":"ListItem","position":2,"name":"Tienda","item":"https:\/\/www.seijiroyazawaiwai.com\/oldversion\/tienda\/"},{"@type":"ListItem","position":3,"name":"Esp\u00e1tulas Classic+ Miller"}]},{"@type":"WebSite","@id":"https:\/\/www.seijiroyazawaiwai.com\/oldversion\/#website","url":"https:\/\/www.seijiroyazawaiwai.com\/oldversion\/","name":"syi","description":"Otro sitio realizado con WordPress","publisher":{"@id":"https:\/\/www.seijiroyazawaiwai.com\/oldversion\/#organization"},"potentialAction":[{"@type":"SearchAction","target":{"@type":"EntryPoint","urlTemplate":"https:\/\/www.seijiroyazawaiwai.com\/oldversion\/?s={search_term_string}"},"query-input":{"@type":"PropertyValueSpecification","valueRequired":true,"valueName":"search_term_string"}}],"inLanguage":"es"},{"@type":"Organization","@id":"https:\/\/www.seijiroyazawaiwai.com\/oldversion\/#organization","name":"Seijiro Yazawa Iwai","url":"https:\/\/www.seijiroyazawaiwai.com\/oldversion\/","logo":{"@type":"ImageObject","inLanguage":"es","@id":"https:\/\/www.seijiroyazawaiwai.com\/oldversion\/#\/schema\/logo\/image\/","url":"https:\/\/www.seijiroyazawaiwai.com\/oldversion\/wp-content\/uploads\/2015\/10\/logo_historia.png","contentUrl":"https:\/\/www.seijiroyazawaiwai.com\/oldversion\/wp-content\/uploads\/2015\/10\/logo_historia.png","width":150,"height":150,"caption":"Seijiro Yazawa Iwai"},"image":{"@id":"https:\/\/www.seijiroyazawaiwai.com\/oldversion\/#\/schema\/logo\/image\/"},"sameAs":["https:\/\/www.facebook.com\/SYIGlobal\/","https:\/\/www.instagram.com\/seijiroyazawaiwai\/","https:\/\/www.linkedin.com\/company\/3261708"]}]}},"_links":{"self":[{"href":"https:\/\/www.seijiroyazawaiwai.com\/oldversion\/wp-json\/wp\/v2\/product\/3841","targetHints":{"allow":["GET"]}}],"collection":[{"href":"https:\/\/www.seijiroyazawaiwai.com\/oldversion\/wp-json\/wp\/v2\/product"}],"about":[{"href":"https:\/\/www.seijiroyazawaiwai.com\/oldversion\/wp-json\/wp\/v2\/types\/product"}],"replies":[{"embeddable":true,"href":"https:\/\/www.seijiroyazawaiwai.com\/oldversion\/wp-json\/wp\/v2\/comments?post=3841"}],"wp:featuredmedia":[{"embeddable":true,"href":"https:\/\/www.seijiroyazawaiwai.com\/oldversion\/wp-json\/wp\/v2\/media\/3914"}],"wp:attachment":[{"href":"https:\/\/www.seijiroyazawaiwai.com\/oldversion\/wp-json\/wp\/v2\/media?parent=3841"}],"wp:term":[{"taxonomy":"product_brand","embeddable":true,"href":"https:\/\/www.seijiroyazawaiwai.com\/oldversion\/wp-json\/wp\/v2\/product_brand?post=3841"},{"taxonomy":"product_cat","embeddable":true,"href":"https:\/\/www.seijiroyazawaiwai.com\/oldversion\/wp-json\/wp\/v2\/product_cat?post=3841"},{"taxonomy":"product_tag","embeddable":true,"href":"https:\/\/www.seijiroyazawaiwai.com\/oldversion\/wp-json\/wp\/v2\/product_tag?post=3841"}],"curies":[{"name":"wp","href":"https:\/\/api.w.org\/{rel}","templated":true}]}}