{"id":3479,"date":"2016-09-14T18:06:48","date_gmt":"2016-09-14T18:06:48","guid":{"rendered":"http:\/\/www.seijiroyazawaiwai.com\/oldversion\/tienda\/healthcare\/opmi-pico-i-2"},"modified":"2016-10-03T17:59:24","modified_gmt":"2016-10-03T17:59:24","slug":"opmi-pico-i-2","status":"publish","type":"product","link":"https:\/\/www.seijiroyazawaiwai.com\/oldversion\/tienda\/healthcare\/tipos-healthcare\/microscopio-para-la-especialidad-de-oftalmologia\/opmi-pico-i-2\/","title":{"rendered":"OPMI Pico i"},"content":{"rendered":"<p style=\"text-align: justify;\">Peque\u00f1o, compacto y manejable. Con su cambiador de 5 aumentos, su objetivo de enfoque y sus dimensiones reducidas, es el microscopio de base ideal para operaciones de cataratas, ex\u00e1menes Post-LASIK, ex\u00e1menes y terapias en el ojo exterior, ex\u00e1menes pedi\u00e1tricos y para la aplicaci\u00f3n rutinaria en pacientes echados.<\/p>\n<ul>\n<li style=\"text-align: justify;\">En estativo de suelo S100<\/li>\n<li style=\"text-align: justify;\">Cambiador manual de aumentos apocrom\u00e1tico de 5 pasos con factores de aumento: 0,4 \/ 0,6 \/ 1,0 \/ 1,6 \/ 2,5<\/li>\n<li style=\"text-align: justify;\">Objetivo con distancia de trabajo de 200mm enfocable, con un rango de enfoque de 13mm<\/li>\n<li style=\"text-align: justify;\">Filtro de supresi\u00f3n UV 408nm integrado y amarillo GG475 seleccionable<\/li>\n<li style=\"text-align: justify;\">Iluminaci\u00f3n coaxial de luz fr\u00eda integrada con dos l\u00e1mparas hal\u00f3genas 12V 100W en un cambiador r\u00e1pido<\/li>\n<li style=\"text-align: justify;\">L\u00e1mparas 12V 100W de repuesto<\/li>\n<li style=\"text-align: justify;\">Tubo binocular 45\u02da inclinado, F=170mm con oculares 10x<\/li>\n<li style=\"text-align: justify;\">Acople 120\u00b0 para uso en el \u00e1rea de ORL<\/li>\n<li style=\"text-align: justify;\">Tubo binocular recto, F=170mm<\/li>\n<li style=\"text-align: justify;\">Objetivo F=350mm para el uso en el \u00e1rea de ORL<\/li>\n<li style=\"text-align: justify;\">Video c\u00e1mara 1 CCD MediLive Primo integrada<\/li>\n<\/ul>\n","protected":false},"excerpt":{"rendered":"<ul>\n<li>En estativo de suelo S100<\/li>\n<li>Cambiador manual de aumentos apocrom\u00e1tico de 5 pasos con factores de aumento: 0,4 \/ 0,6 \/ 1,0 \/ 1,6 \/ 2,5<\/li>\n<li>Objetivo con distancia de trabajo de 200mm enfocable, con un rango de enfoque de 13mm<\/li>\n<li>Filtro de supresi\u00f3n UV 408nm integrado y amarillo GG475 seleccionable<\/li>\n<\/ul>\n","protected":false},"featured_media":2825,"comment_status":"open","ping_status":"closed","template":"","meta":{"_acf_changed":false,"_monsterinsights_skip_tracking":false,"_monsterinsights_sitenote_active":false,"_monsterinsights_sitenote_note":"","_monsterinsights_sitenote_category":0},"product_brand":[],"product_cat":[37,36,47,41,569,45,51,215],"product_tag":[],"class_list":{"0":"post-3479","1":"product","2":"type-product","3":"status-publish","4":"has-post-thumbnail","6":"product_cat-healthcare-categorias","7":"product_cat-healthcare","8":"product_cat-marcas-healthcare","9":"product_cat-microscopia","10":"product_cat-microscopio-para-la-especialidad-de-oftalmologia","11":"product_cat-oftalmologia","12":"product_cat-tipos-healthcare","13":"product_cat-zeiss","15":"first","16":"instock","17":"shipping-taxable","18":"product-type-simple"},"acf":[],"yoast_head":"<!-- This site is optimized with the Yoast SEO plugin v27.5 - https:\/\/yoast.com\/product\/yoast-seo-wordpress\/ -->\n<title>OPMI Pico i - syi<\/title>\n<meta name=\"robots\" content=\"index, follow, max-snippet:-1, max-image-preview:large, max-video-preview:-1\" \/>\n<link rel=\"canonical\" href=\"https:\/\/www.seijiroyazawaiwai.com\/oldversion\/tienda\/healthcare\/tipos-healthcare\/microscopio-para-la-especialidad-de-oftalmologia\/opmi-pico-i-2\/\" \/>\n<meta property=\"og:locale\" content=\"es_ES\" \/>\n<meta property=\"og:type\" content=\"article\" \/>\n<meta property=\"og:title\" content=\"OPMI Pico i - syi\" \/>\n<meta property=\"og:description\" content=\"En estativo de suelo S100  Cambiador manual de aumentos apocrom\u00e1tico de 5 pasos con factores de aumento: 0,4 \/ 0,6 \/ 1,0 \/ 1,6 \/ 2,5  Objetivo con distancia de trabajo de 200mm enfocable, con un rango de enfoque de 13mm  Filtro de supresi\u00f3n UV 408nm integrado y amarillo GG475 seleccionable\" \/>\n<meta property=\"og:url\" content=\"https:\/\/www.seijiroyazawaiwai.com\/oldversion\/tienda\/healthcare\/tipos-healthcare\/microscopio-para-la-especialidad-de-oftalmologia\/opmi-pico-i-2\/\" \/>\n<meta property=\"og:site_name\" content=\"syi\" \/>\n<meta property=\"article:publisher\" content=\"https:\/\/www.facebook.com\/SYIGlobal\/\" \/>\n<meta property=\"article:modified_time\" content=\"2016-10-03T17:59:24+00:00\" \/>\n<meta property=\"og:image\" content=\"https:\/\/www.seijiroyazawaiwai.com\/oldversion\/wp-content\/uploads\/2016\/08\/opmi-pico-1-1.jpg\" \/>\n\t<meta property=\"og:image:width\" content=\"640\" \/>\n\t<meta property=\"og:image:height\" content=\"480\" \/>\n\t<meta property=\"og:image:type\" content=\"image\/jpeg\" \/>\n<meta name=\"twitter:card\" content=\"summary_large_image\" \/>\n<meta name=\"twitter:label1\" content=\"Tiempo de lectura\" \/>\n\t<meta name=\"twitter:data1\" content=\"1 minuto\" \/>\n<script type=\"application\/ld+json\" class=\"yoast-schema-graph\">{\"@context\":\"https:\\\/\\\/schema.org\",\"@graph\":[{\"@type\":\"WebPage\",\"@id\":\"https:\\\/\\\/www.seijiroyazawaiwai.com\\\/oldversion\\\/tienda\\\/healthcare\\\/tipos-healthcare\\\/microscopio-para-la-especialidad-de-oftalmologia\\\/opmi-pico-i-2\\\/\",\"url\":\"https:\\\/\\\/www.seijiroyazawaiwai.com\\\/oldversion\\\/tienda\\\/healthcare\\\/tipos-healthcare\\\/microscopio-para-la-especialidad-de-oftalmologia\\\/opmi-pico-i-2\\\/\",\"name\":\"OPMI Pico i - syi\",\"isPartOf\":{\"@id\":\"https:\\\/\\\/www.seijiroyazawaiwai.com\\\/oldversion\\\/#website\"},\"primaryImageOfPage\":{\"@id\":\"https:\\\/\\\/www.seijiroyazawaiwai.com\\\/oldversion\\\/tienda\\\/healthcare\\\/tipos-healthcare\\\/microscopio-para-la-especialidad-de-oftalmologia\\\/opmi-pico-i-2\\\/#primaryimage\"},\"image\":{\"@id\":\"https:\\\/\\\/www.seijiroyazawaiwai.com\\\/oldversion\\\/tienda\\\/healthcare\\\/tipos-healthcare\\\/microscopio-para-la-especialidad-de-oftalmologia\\\/opmi-pico-i-2\\\/#primaryimage\"},\"thumbnailUrl\":\"https:\\\/\\\/www.seijiroyazawaiwai.com\\\/oldversion\\\/wp-content\\\/uploads\\\/2016\\\/08\\\/opmi-pico-1-1.jpg\",\"datePublished\":\"2016-09-14T18:06:48+00:00\",\"dateModified\":\"2016-10-03T17:59:24+00:00\",\"breadcrumb\":{\"@id\":\"https:\\\/\\\/www.seijiroyazawaiwai.com\\\/oldversion\\\/tienda\\\/healthcare\\\/tipos-healthcare\\\/microscopio-para-la-especialidad-de-oftalmologia\\\/opmi-pico-i-2\\\/#breadcrumb\"},\"inLanguage\":\"es\",\"potentialAction\":[{\"@type\":\"ReadAction\",\"target\":[\"https:\\\/\\\/www.seijiroyazawaiwai.com\\\/oldversion\\\/tienda\\\/healthcare\\\/tipos-healthcare\\\/microscopio-para-la-especialidad-de-oftalmologia\\\/opmi-pico-i-2\\\/\"]}]},{\"@type\":\"ImageObject\",\"inLanguage\":\"es\",\"@id\":\"https:\\\/\\\/www.seijiroyazawaiwai.com\\\/oldversion\\\/tienda\\\/healthcare\\\/tipos-healthcare\\\/microscopio-para-la-especialidad-de-oftalmologia\\\/opmi-pico-i-2\\\/#primaryimage\",\"url\":\"https:\\\/\\\/www.seijiroyazawaiwai.com\\\/oldversion\\\/wp-content\\\/uploads\\\/2016\\\/08\\\/opmi-pico-1-1.jpg\",\"contentUrl\":\"https:\\\/\\\/www.seijiroyazawaiwai.com\\\/oldversion\\\/wp-content\\\/uploads\\\/2016\\\/08\\\/opmi-pico-1-1.jpg\",\"width\":640,\"height\":480},{\"@type\":\"BreadcrumbList\",\"@id\":\"https:\\\/\\\/www.seijiroyazawaiwai.com\\\/oldversion\\\/tienda\\\/healthcare\\\/tipos-healthcare\\\/microscopio-para-la-especialidad-de-oftalmologia\\\/opmi-pico-i-2\\\/#breadcrumb\",\"itemListElement\":[{\"@type\":\"ListItem\",\"position\":1,\"name\":\"Portada\",\"item\":\"https:\\\/\\\/www.seijiroyazawaiwai.com\\\/oldversion\\\/\"},{\"@type\":\"ListItem\",\"position\":2,\"name\":\"Tienda\",\"item\":\"https:\\\/\\\/www.seijiroyazawaiwai.com\\\/oldversion\\\/tienda\\\/\"},{\"@type\":\"ListItem\",\"position\":3,\"name\":\"OPMI Pico i\"}]},{\"@type\":\"WebSite\",\"@id\":\"https:\\\/\\\/www.seijiroyazawaiwai.com\\\/oldversion\\\/#website\",\"url\":\"https:\\\/\\\/www.seijiroyazawaiwai.com\\\/oldversion\\\/\",\"name\":\"syi\",\"description\":\"Otro sitio realizado con WordPress\",\"publisher\":{\"@id\":\"https:\\\/\\\/www.seijiroyazawaiwai.com\\\/oldversion\\\/#organization\"},\"potentialAction\":[{\"@type\":\"SearchAction\",\"target\":{\"@type\":\"EntryPoint\",\"urlTemplate\":\"https:\\\/\\\/www.seijiroyazawaiwai.com\\\/oldversion\\\/?s={search_term_string}\"},\"query-input\":{\"@type\":\"PropertyValueSpecification\",\"valueRequired\":true,\"valueName\":\"search_term_string\"}}],\"inLanguage\":\"es\"},{\"@type\":\"Organization\",\"@id\":\"https:\\\/\\\/www.seijiroyazawaiwai.com\\\/oldversion\\\/#organization\",\"name\":\"Seijiro Yazawa Iwai\",\"url\":\"https:\\\/\\\/www.seijiroyazawaiwai.com\\\/oldversion\\\/\",\"logo\":{\"@type\":\"ImageObject\",\"inLanguage\":\"es\",\"@id\":\"https:\\\/\\\/www.seijiroyazawaiwai.com\\\/oldversion\\\/#\\\/schema\\\/logo\\\/image\\\/\",\"url\":\"https:\\\/\\\/www.seijiroyazawaiwai.com\\\/oldversion\\\/wp-content\\\/uploads\\\/2015\\\/10\\\/logo_historia.png\",\"contentUrl\":\"https:\\\/\\\/www.seijiroyazawaiwai.com\\\/oldversion\\\/wp-content\\\/uploads\\\/2015\\\/10\\\/logo_historia.png\",\"width\":150,\"height\":150,\"caption\":\"Seijiro Yazawa Iwai\"},\"image\":{\"@id\":\"https:\\\/\\\/www.seijiroyazawaiwai.com\\\/oldversion\\\/#\\\/schema\\\/logo\\\/image\\\/\"},\"sameAs\":[\"https:\\\/\\\/www.facebook.com\\\/SYIGlobal\\\/\",\"https:\\\/\\\/www.instagram.com\\\/seijiroyazawaiwai\\\/\",\"https:\\\/\\\/www.linkedin.com\\\/company\\\/3261708\"]}]}<\/script>\n<!-- \/ Yoast SEO plugin. -->","yoast_head_json":{"title":"OPMI Pico i - syi","robots":{"index":"index","follow":"follow","max-snippet":"max-snippet:-1","max-image-preview":"max-image-preview:large","max-video-preview":"max-video-preview:-1"},"canonical":"https:\/\/www.seijiroyazawaiwai.com\/oldversion\/tienda\/healthcare\/tipos-healthcare\/microscopio-para-la-especialidad-de-oftalmologia\/opmi-pico-i-2\/","og_locale":"es_ES","og_type":"article","og_title":"OPMI Pico i - syi","og_description":"En estativo de suelo S100  Cambiador manual de aumentos apocrom\u00e1tico de 5 pasos con factores de aumento: 0,4 \/ 0,6 \/ 1,0 \/ 1,6 \/ 2,5  Objetivo con distancia de trabajo de 200mm enfocable, con un rango de enfoque de 13mm  Filtro de supresi\u00f3n UV 408nm integrado y amarillo GG475 seleccionable","og_url":"https:\/\/www.seijiroyazawaiwai.com\/oldversion\/tienda\/healthcare\/tipos-healthcare\/microscopio-para-la-especialidad-de-oftalmologia\/opmi-pico-i-2\/","og_site_name":"syi","article_publisher":"https:\/\/www.facebook.com\/SYIGlobal\/","article_modified_time":"2016-10-03T17:59:24+00:00","og_image":[{"width":640,"height":480,"url":"https:\/\/www.seijiroyazawaiwai.com\/oldversion\/wp-content\/uploads\/2016\/08\/opmi-pico-1-1.jpg","type":"image\/jpeg"}],"twitter_card":"summary_large_image","twitter_misc":{"Tiempo de lectura":"1 minuto"},"schema":{"@context":"https:\/\/schema.org","@graph":[{"@type":"WebPage","@id":"https:\/\/www.seijiroyazawaiwai.com\/oldversion\/tienda\/healthcare\/tipos-healthcare\/microscopio-para-la-especialidad-de-oftalmologia\/opmi-pico-i-2\/","url":"https:\/\/www.seijiroyazawaiwai.com\/oldversion\/tienda\/healthcare\/tipos-healthcare\/microscopio-para-la-especialidad-de-oftalmologia\/opmi-pico-i-2\/","name":"OPMI Pico i - syi","isPartOf":{"@id":"https:\/\/www.seijiroyazawaiwai.com\/oldversion\/#website"},"primaryImageOfPage":{"@id":"https:\/\/www.seijiroyazawaiwai.com\/oldversion\/tienda\/healthcare\/tipos-healthcare\/microscopio-para-la-especialidad-de-oftalmologia\/opmi-pico-i-2\/#primaryimage"},"image":{"@id":"https:\/\/www.seijiroyazawaiwai.com\/oldversion\/tienda\/healthcare\/tipos-healthcare\/microscopio-para-la-especialidad-de-oftalmologia\/opmi-pico-i-2\/#primaryimage"},"thumbnailUrl":"https:\/\/www.seijiroyazawaiwai.com\/oldversion\/wp-content\/uploads\/2016\/08\/opmi-pico-1-1.jpg","datePublished":"2016-09-14T18:06:48+00:00","dateModified":"2016-10-03T17:59:24+00:00","breadcrumb":{"@id":"https:\/\/www.seijiroyazawaiwai.com\/oldversion\/tienda\/healthcare\/tipos-healthcare\/microscopio-para-la-especialidad-de-oftalmologia\/opmi-pico-i-2\/#breadcrumb"},"inLanguage":"es","potentialAction":[{"@type":"ReadAction","target":["https:\/\/www.seijiroyazawaiwai.com\/oldversion\/tienda\/healthcare\/tipos-healthcare\/microscopio-para-la-especialidad-de-oftalmologia\/opmi-pico-i-2\/"]}]},{"@type":"ImageObject","inLanguage":"es","@id":"https:\/\/www.seijiroyazawaiwai.com\/oldversion\/tienda\/healthcare\/tipos-healthcare\/microscopio-para-la-especialidad-de-oftalmologia\/opmi-pico-i-2\/#primaryimage","url":"https:\/\/www.seijiroyazawaiwai.com\/oldversion\/wp-content\/uploads\/2016\/08\/opmi-pico-1-1.jpg","contentUrl":"https:\/\/www.seijiroyazawaiwai.com\/oldversion\/wp-content\/uploads\/2016\/08\/opmi-pico-1-1.jpg","width":640,"height":480},{"@type":"BreadcrumbList","@id":"https:\/\/www.seijiroyazawaiwai.com\/oldversion\/tienda\/healthcare\/tipos-healthcare\/microscopio-para-la-especialidad-de-oftalmologia\/opmi-pico-i-2\/#breadcrumb","itemListElement":[{"@type":"ListItem","position":1,"name":"Portada","item":"https:\/\/www.seijiroyazawaiwai.com\/oldversion\/"},{"@type":"ListItem","position":2,"name":"Tienda","item":"https:\/\/www.seijiroyazawaiwai.com\/oldversion\/tienda\/"},{"@type":"ListItem","position":3,"name":"OPMI Pico i"}]},{"@type":"WebSite","@id":"https:\/\/www.seijiroyazawaiwai.com\/oldversion\/#website","url":"https:\/\/www.seijiroyazawaiwai.com\/oldversion\/","name":"syi","description":"Otro sitio realizado con WordPress","publisher":{"@id":"https:\/\/www.seijiroyazawaiwai.com\/oldversion\/#organization"},"potentialAction":[{"@type":"SearchAction","target":{"@type":"EntryPoint","urlTemplate":"https:\/\/www.seijiroyazawaiwai.com\/oldversion\/?s={search_term_string}"},"query-input":{"@type":"PropertyValueSpecification","valueRequired":true,"valueName":"search_term_string"}}],"inLanguage":"es"},{"@type":"Organization","@id":"https:\/\/www.seijiroyazawaiwai.com\/oldversion\/#organization","name":"Seijiro Yazawa Iwai","url":"https:\/\/www.seijiroyazawaiwai.com\/oldversion\/","logo":{"@type":"ImageObject","inLanguage":"es","@id":"https:\/\/www.seijiroyazawaiwai.com\/oldversion\/#\/schema\/logo\/image\/","url":"https:\/\/www.seijiroyazawaiwai.com\/oldversion\/wp-content\/uploads\/2015\/10\/logo_historia.png","contentUrl":"https:\/\/www.seijiroyazawaiwai.com\/oldversion\/wp-content\/uploads\/2015\/10\/logo_historia.png","width":150,"height":150,"caption":"Seijiro Yazawa Iwai"},"image":{"@id":"https:\/\/www.seijiroyazawaiwai.com\/oldversion\/#\/schema\/logo\/image\/"},"sameAs":["https:\/\/www.facebook.com\/SYIGlobal\/","https:\/\/www.instagram.com\/seijiroyazawaiwai\/","https:\/\/www.linkedin.com\/company\/3261708"]}]}},"_links":{"self":[{"href":"https:\/\/www.seijiroyazawaiwai.com\/oldversion\/wp-json\/wp\/v2\/product\/3479","targetHints":{"allow":["GET"]}}],"collection":[{"href":"https:\/\/www.seijiroyazawaiwai.com\/oldversion\/wp-json\/wp\/v2\/product"}],"about":[{"href":"https:\/\/www.seijiroyazawaiwai.com\/oldversion\/wp-json\/wp\/v2\/types\/product"}],"replies":[{"embeddable":true,"href":"https:\/\/www.seijiroyazawaiwai.com\/oldversion\/wp-json\/wp\/v2\/comments?post=3479"}],"wp:featuredmedia":[{"embeddable":true,"href":"https:\/\/www.seijiroyazawaiwai.com\/oldversion\/wp-json\/wp\/v2\/media\/2825"}],"wp:attachment":[{"href":"https:\/\/www.seijiroyazawaiwai.com\/oldversion\/wp-json\/wp\/v2\/media?parent=3479"}],"wp:term":[{"taxonomy":"product_brand","embeddable":true,"href":"https:\/\/www.seijiroyazawaiwai.com\/oldversion\/wp-json\/wp\/v2\/product_brand?post=3479"},{"taxonomy":"product_cat","embeddable":true,"href":"https:\/\/www.seijiroyazawaiwai.com\/oldversion\/wp-json\/wp\/v2\/product_cat?post=3479"},{"taxonomy":"product_tag","embeddable":true,"href":"https:\/\/www.seijiroyazawaiwai.com\/oldversion\/wp-json\/wp\/v2\/product_tag?post=3479"}],"curies":[{"name":"wp","href":"https:\/\/api.w.org\/{rel}","templated":true}]}}