{"id":2915,"date":"2016-08-22T20:34:42","date_gmt":"2016-08-22T20:34:42","guid":{"rendered":"http:\/\/syi.webdiv.co\/?post_type=product&#038;p=2915"},"modified":"2016-09-15T19:38:25","modified_gmt":"2016-09-15T19:38:25","slug":"aimsystem","status":"publish","type":"product","link":"https:\/\/www.seijiroyazawaiwai.com\/oldversion\/tienda\/healthcare\/tipos-healthcare\/marco-estereotaxico\/aimsystem\/","title":{"rendered":"AimSystem"},"content":{"rendered":"<p>El Aimsystem es un sistema estereot\u00e1xico vers\u00e1til con m\u00e1s de 30 a\u00f1os de tradici\u00f3n, utilizando coordenadas cartesianas (X, Y y Z). Alcanza el objetivo con gran precisi\u00f3n porque es un equipo exoc\u00e9ntrico. El cirujano de cerebro elige cualquier punto de entrada para alcanzar el objetivo deseado. Permite la directa fijaci\u00f3n con pernos de 3 o 4, o con barras de extensi\u00f3n, adem\u00e1s de permitir el montaje del sistema en varios tipos de enfoques, tales como: transesfenoidal, cr\u00e1neo caudal, lateral y posterior de la fosa. Compatible con equipos de tomograf\u00eda computarizada, resonancia magn\u00e9tica nuclear y angiograf\u00eda digital. Im\u00e1genes radiol\u00f3gicas pueden adquirirse para obtener estimaciones y destino lugar de inter\u00e9s.<\/p>\n","protected":false},"excerpt":{"rendered":"<ul>\n<li>Permite la directa fijaci\u00f3n con pernos de 3 o 4, o con barras de extensi\u00f3n.<\/li>\n<li>Permite\u00a0el montaje del sistema en varios tipos de enfoques, tales como: transesfenoidal, cr\u00e1neo caudal, lateral y posterior de la fosa.<\/li>\n<li>Compatible con equipos de tomograf\u00eda computarizada, resonancia magn\u00e9tica nuclear y angiograf\u00eda digital.<\/li>\n<\/ul>\n","protected":false},"featured_media":2918,"comment_status":"open","ping_status":"closed","template":"","meta":{"_acf_changed":false,"_monsterinsights_skip_tracking":false,"_monsterinsights_sitenote_active":false,"_monsterinsights_sitenote_note":"","_monsterinsights_sitenote_category":0},"product_brand":[],"product_cat":[37,36,47,615,241,655,51],"product_tag":[],"class_list":{"0":"post-2915","1":"product","2":"type-product","3":"status-publish","4":"has-post-thumbnail","6":"product_cat-healthcare-categorias","7":"product_cat-healthcare","8":"product_cat-marcas-healthcare","9":"product_cat-marco-estereotaxico","10":"product_cat-micromar","11":"product_cat-neurocirugia","12":"product_cat-tipos-healthcare","14":"first","15":"instock","16":"shipping-taxable","17":"product-type-simple"},"acf":[],"yoast_head":"<!-- This site is optimized with the Yoast SEO plugin v27.5 - https:\/\/yoast.com\/product\/yoast-seo-wordpress\/ -->\n<title>AimSystem - syi<\/title>\n<meta name=\"robots\" content=\"index, follow, max-snippet:-1, max-image-preview:large, max-video-preview:-1\" \/>\n<link rel=\"canonical\" href=\"https:\/\/www.seijiroyazawaiwai.com\/oldversion\/tienda\/healthcare\/tipos-healthcare\/marco-estereotaxico\/aimsystem\/\" \/>\n<meta property=\"og:locale\" content=\"es_ES\" \/>\n<meta property=\"og:type\" content=\"article\" \/>\n<meta property=\"og:title\" content=\"AimSystem - syi\" \/>\n<meta property=\"og:description\" content=\"Permite la directa fijaci\u00f3n con pernos de 3 o 4, o con barras de extensi\u00f3n.  Permite\u00a0el montaje del sistema en varios tipos de enfoques, tales como: transesfenoidal, cr\u00e1neo caudal, lateral y posterior de la fosa.  Compatible con equipos de tomograf\u00eda computarizada, resonancia magn\u00e9tica nuclear y angiograf\u00eda digital.\" \/>\n<meta property=\"og:url\" content=\"https:\/\/www.seijiroyazawaiwai.com\/oldversion\/tienda\/healthcare\/tipos-healthcare\/marco-estereotaxico\/aimsystem\/\" \/>\n<meta property=\"og:site_name\" content=\"syi\" \/>\n<meta property=\"article:publisher\" content=\"https:\/\/www.facebook.com\/SYIGlobal\/\" \/>\n<meta property=\"article:modified_time\" content=\"2016-09-15T19:38:25+00:00\" \/>\n<meta property=\"og:image\" content=\"https:\/\/www.seijiroyazawaiwai.com\/oldversion\/wp-content\/uploads\/2016\/08\/Micromar-AimSystem.jpg\" \/>\n\t<meta property=\"og:image:width\" content=\"640\" \/>\n\t<meta property=\"og:image:height\" content=\"480\" \/>\n\t<meta property=\"og:image:type\" content=\"image\/jpeg\" \/>\n<meta name=\"twitter:card\" content=\"summary_large_image\" \/>\n<meta name=\"twitter:label1\" content=\"Tiempo de lectura\" \/>\n\t<meta name=\"twitter:data1\" content=\"1 minuto\" \/>\n<script type=\"application\/ld+json\" class=\"yoast-schema-graph\">{\"@context\":\"https:\\\/\\\/schema.org\",\"@graph\":[{\"@type\":\"WebPage\",\"@id\":\"https:\\\/\\\/www.seijiroyazawaiwai.com\\\/oldversion\\\/tienda\\\/healthcare\\\/tipos-healthcare\\\/marco-estereotaxico\\\/aimsystem\\\/\",\"url\":\"https:\\\/\\\/www.seijiroyazawaiwai.com\\\/oldversion\\\/tienda\\\/healthcare\\\/tipos-healthcare\\\/marco-estereotaxico\\\/aimsystem\\\/\",\"name\":\"AimSystem - syi\",\"isPartOf\":{\"@id\":\"https:\\\/\\\/www.seijiroyazawaiwai.com\\\/oldversion\\\/#website\"},\"primaryImageOfPage\":{\"@id\":\"https:\\\/\\\/www.seijiroyazawaiwai.com\\\/oldversion\\\/tienda\\\/healthcare\\\/tipos-healthcare\\\/marco-estereotaxico\\\/aimsystem\\\/#primaryimage\"},\"image\":{\"@id\":\"https:\\\/\\\/www.seijiroyazawaiwai.com\\\/oldversion\\\/tienda\\\/healthcare\\\/tipos-healthcare\\\/marco-estereotaxico\\\/aimsystem\\\/#primaryimage\"},\"thumbnailUrl\":\"https:\\\/\\\/www.seijiroyazawaiwai.com\\\/oldversion\\\/wp-content\\\/uploads\\\/2016\\\/08\\\/Micromar-AimSystem.jpg\",\"datePublished\":\"2016-08-22T20:34:42+00:00\",\"dateModified\":\"2016-09-15T19:38:25+00:00\",\"breadcrumb\":{\"@id\":\"https:\\\/\\\/www.seijiroyazawaiwai.com\\\/oldversion\\\/tienda\\\/healthcare\\\/tipos-healthcare\\\/marco-estereotaxico\\\/aimsystem\\\/#breadcrumb\"},\"inLanguage\":\"es\",\"potentialAction\":[{\"@type\":\"ReadAction\",\"target\":[\"https:\\\/\\\/www.seijiroyazawaiwai.com\\\/oldversion\\\/tienda\\\/healthcare\\\/tipos-healthcare\\\/marco-estereotaxico\\\/aimsystem\\\/\"]}]},{\"@type\":\"ImageObject\",\"inLanguage\":\"es\",\"@id\":\"https:\\\/\\\/www.seijiroyazawaiwai.com\\\/oldversion\\\/tienda\\\/healthcare\\\/tipos-healthcare\\\/marco-estereotaxico\\\/aimsystem\\\/#primaryimage\",\"url\":\"https:\\\/\\\/www.seijiroyazawaiwai.com\\\/oldversion\\\/wp-content\\\/uploads\\\/2016\\\/08\\\/Micromar-AimSystem.jpg\",\"contentUrl\":\"https:\\\/\\\/www.seijiroyazawaiwai.com\\\/oldversion\\\/wp-content\\\/uploads\\\/2016\\\/08\\\/Micromar-AimSystem.jpg\",\"width\":640,\"height\":480},{\"@type\":\"BreadcrumbList\",\"@id\":\"https:\\\/\\\/www.seijiroyazawaiwai.com\\\/oldversion\\\/tienda\\\/healthcare\\\/tipos-healthcare\\\/marco-estereotaxico\\\/aimsystem\\\/#breadcrumb\",\"itemListElement\":[{\"@type\":\"ListItem\",\"position\":1,\"name\":\"Portada\",\"item\":\"https:\\\/\\\/www.seijiroyazawaiwai.com\\\/oldversion\\\/\"},{\"@type\":\"ListItem\",\"position\":2,\"name\":\"Tienda\",\"item\":\"https:\\\/\\\/www.seijiroyazawaiwai.com\\\/oldversion\\\/tienda\\\/\"},{\"@type\":\"ListItem\",\"position\":3,\"name\":\"AimSystem\"}]},{\"@type\":\"WebSite\",\"@id\":\"https:\\\/\\\/www.seijiroyazawaiwai.com\\\/oldversion\\\/#website\",\"url\":\"https:\\\/\\\/www.seijiroyazawaiwai.com\\\/oldversion\\\/\",\"name\":\"syi\",\"description\":\"Otro sitio realizado con WordPress\",\"publisher\":{\"@id\":\"https:\\\/\\\/www.seijiroyazawaiwai.com\\\/oldversion\\\/#organization\"},\"potentialAction\":[{\"@type\":\"SearchAction\",\"target\":{\"@type\":\"EntryPoint\",\"urlTemplate\":\"https:\\\/\\\/www.seijiroyazawaiwai.com\\\/oldversion\\\/?s={search_term_string}\"},\"query-input\":{\"@type\":\"PropertyValueSpecification\",\"valueRequired\":true,\"valueName\":\"search_term_string\"}}],\"inLanguage\":\"es\"},{\"@type\":\"Organization\",\"@id\":\"https:\\\/\\\/www.seijiroyazawaiwai.com\\\/oldversion\\\/#organization\",\"name\":\"Seijiro Yazawa Iwai\",\"url\":\"https:\\\/\\\/www.seijiroyazawaiwai.com\\\/oldversion\\\/\",\"logo\":{\"@type\":\"ImageObject\",\"inLanguage\":\"es\",\"@id\":\"https:\\\/\\\/www.seijiroyazawaiwai.com\\\/oldversion\\\/#\\\/schema\\\/logo\\\/image\\\/\",\"url\":\"https:\\\/\\\/www.seijiroyazawaiwai.com\\\/oldversion\\\/wp-content\\\/uploads\\\/2015\\\/10\\\/logo_historia.png\",\"contentUrl\":\"https:\\\/\\\/www.seijiroyazawaiwai.com\\\/oldversion\\\/wp-content\\\/uploads\\\/2015\\\/10\\\/logo_historia.png\",\"width\":150,\"height\":150,\"caption\":\"Seijiro Yazawa Iwai\"},\"image\":{\"@id\":\"https:\\\/\\\/www.seijiroyazawaiwai.com\\\/oldversion\\\/#\\\/schema\\\/logo\\\/image\\\/\"},\"sameAs\":[\"https:\\\/\\\/www.facebook.com\\\/SYIGlobal\\\/\",\"https:\\\/\\\/www.instagram.com\\\/seijiroyazawaiwai\\\/\",\"https:\\\/\\\/www.linkedin.com\\\/company\\\/3261708\"]}]}<\/script>\n<!-- \/ Yoast SEO plugin. -->","yoast_head_json":{"title":"AimSystem - syi","robots":{"index":"index","follow":"follow","max-snippet":"max-snippet:-1","max-image-preview":"max-image-preview:large","max-video-preview":"max-video-preview:-1"},"canonical":"https:\/\/www.seijiroyazawaiwai.com\/oldversion\/tienda\/healthcare\/tipos-healthcare\/marco-estereotaxico\/aimsystem\/","og_locale":"es_ES","og_type":"article","og_title":"AimSystem - syi","og_description":"Permite la directa fijaci\u00f3n con pernos de 3 o 4, o con barras de extensi\u00f3n.  Permite\u00a0el montaje del sistema en varios tipos de enfoques, tales como: transesfenoidal, cr\u00e1neo caudal, lateral y posterior de la fosa.  Compatible con equipos de tomograf\u00eda computarizada, resonancia magn\u00e9tica nuclear y angiograf\u00eda digital.","og_url":"https:\/\/www.seijiroyazawaiwai.com\/oldversion\/tienda\/healthcare\/tipos-healthcare\/marco-estereotaxico\/aimsystem\/","og_site_name":"syi","article_publisher":"https:\/\/www.facebook.com\/SYIGlobal\/","article_modified_time":"2016-09-15T19:38:25+00:00","og_image":[{"width":640,"height":480,"url":"https:\/\/www.seijiroyazawaiwai.com\/oldversion\/wp-content\/uploads\/2016\/08\/Micromar-AimSystem.jpg","type":"image\/jpeg"}],"twitter_card":"summary_large_image","twitter_misc":{"Tiempo de lectura":"1 minuto"},"schema":{"@context":"https:\/\/schema.org","@graph":[{"@type":"WebPage","@id":"https:\/\/www.seijiroyazawaiwai.com\/oldversion\/tienda\/healthcare\/tipos-healthcare\/marco-estereotaxico\/aimsystem\/","url":"https:\/\/www.seijiroyazawaiwai.com\/oldversion\/tienda\/healthcare\/tipos-healthcare\/marco-estereotaxico\/aimsystem\/","name":"AimSystem - syi","isPartOf":{"@id":"https:\/\/www.seijiroyazawaiwai.com\/oldversion\/#website"},"primaryImageOfPage":{"@id":"https:\/\/www.seijiroyazawaiwai.com\/oldversion\/tienda\/healthcare\/tipos-healthcare\/marco-estereotaxico\/aimsystem\/#primaryimage"},"image":{"@id":"https:\/\/www.seijiroyazawaiwai.com\/oldversion\/tienda\/healthcare\/tipos-healthcare\/marco-estereotaxico\/aimsystem\/#primaryimage"},"thumbnailUrl":"https:\/\/www.seijiroyazawaiwai.com\/oldversion\/wp-content\/uploads\/2016\/08\/Micromar-AimSystem.jpg","datePublished":"2016-08-22T20:34:42+00:00","dateModified":"2016-09-15T19:38:25+00:00","breadcrumb":{"@id":"https:\/\/www.seijiroyazawaiwai.com\/oldversion\/tienda\/healthcare\/tipos-healthcare\/marco-estereotaxico\/aimsystem\/#breadcrumb"},"inLanguage":"es","potentialAction":[{"@type":"ReadAction","target":["https:\/\/www.seijiroyazawaiwai.com\/oldversion\/tienda\/healthcare\/tipos-healthcare\/marco-estereotaxico\/aimsystem\/"]}]},{"@type":"ImageObject","inLanguage":"es","@id":"https:\/\/www.seijiroyazawaiwai.com\/oldversion\/tienda\/healthcare\/tipos-healthcare\/marco-estereotaxico\/aimsystem\/#primaryimage","url":"https:\/\/www.seijiroyazawaiwai.com\/oldversion\/wp-content\/uploads\/2016\/08\/Micromar-AimSystem.jpg","contentUrl":"https:\/\/www.seijiroyazawaiwai.com\/oldversion\/wp-content\/uploads\/2016\/08\/Micromar-AimSystem.jpg","width":640,"height":480},{"@type":"BreadcrumbList","@id":"https:\/\/www.seijiroyazawaiwai.com\/oldversion\/tienda\/healthcare\/tipos-healthcare\/marco-estereotaxico\/aimsystem\/#breadcrumb","itemListElement":[{"@type":"ListItem","position":1,"name":"Portada","item":"https:\/\/www.seijiroyazawaiwai.com\/oldversion\/"},{"@type":"ListItem","position":2,"name":"Tienda","item":"https:\/\/www.seijiroyazawaiwai.com\/oldversion\/tienda\/"},{"@type":"ListItem","position":3,"name":"AimSystem"}]},{"@type":"WebSite","@id":"https:\/\/www.seijiroyazawaiwai.com\/oldversion\/#website","url":"https:\/\/www.seijiroyazawaiwai.com\/oldversion\/","name":"syi","description":"Otro sitio realizado con WordPress","publisher":{"@id":"https:\/\/www.seijiroyazawaiwai.com\/oldversion\/#organization"},"potentialAction":[{"@type":"SearchAction","target":{"@type":"EntryPoint","urlTemplate":"https:\/\/www.seijiroyazawaiwai.com\/oldversion\/?s={search_term_string}"},"query-input":{"@type":"PropertyValueSpecification","valueRequired":true,"valueName":"search_term_string"}}],"inLanguage":"es"},{"@type":"Organization","@id":"https:\/\/www.seijiroyazawaiwai.com\/oldversion\/#organization","name":"Seijiro Yazawa Iwai","url":"https:\/\/www.seijiroyazawaiwai.com\/oldversion\/","logo":{"@type":"ImageObject","inLanguage":"es","@id":"https:\/\/www.seijiroyazawaiwai.com\/oldversion\/#\/schema\/logo\/image\/","url":"https:\/\/www.seijiroyazawaiwai.com\/oldversion\/wp-content\/uploads\/2015\/10\/logo_historia.png","contentUrl":"https:\/\/www.seijiroyazawaiwai.com\/oldversion\/wp-content\/uploads\/2015\/10\/logo_historia.png","width":150,"height":150,"caption":"Seijiro Yazawa Iwai"},"image":{"@id":"https:\/\/www.seijiroyazawaiwai.com\/oldversion\/#\/schema\/logo\/image\/"},"sameAs":["https:\/\/www.facebook.com\/SYIGlobal\/","https:\/\/www.instagram.com\/seijiroyazawaiwai\/","https:\/\/www.linkedin.com\/company\/3261708"]}]}},"_links":{"self":[{"href":"https:\/\/www.seijiroyazawaiwai.com\/oldversion\/wp-json\/wp\/v2\/product\/2915","targetHints":{"allow":["GET"]}}],"collection":[{"href":"https:\/\/www.seijiroyazawaiwai.com\/oldversion\/wp-json\/wp\/v2\/product"}],"about":[{"href":"https:\/\/www.seijiroyazawaiwai.com\/oldversion\/wp-json\/wp\/v2\/types\/product"}],"replies":[{"embeddable":true,"href":"https:\/\/www.seijiroyazawaiwai.com\/oldversion\/wp-json\/wp\/v2\/comments?post=2915"}],"wp:featuredmedia":[{"embeddable":true,"href":"https:\/\/www.seijiroyazawaiwai.com\/oldversion\/wp-json\/wp\/v2\/media\/2918"}],"wp:attachment":[{"href":"https:\/\/www.seijiroyazawaiwai.com\/oldversion\/wp-json\/wp\/v2\/media?parent=2915"}],"wp:term":[{"taxonomy":"product_brand","embeddable":true,"href":"https:\/\/www.seijiroyazawaiwai.com\/oldversion\/wp-json\/wp\/v2\/product_brand?post=2915"},{"taxonomy":"product_cat","embeddable":true,"href":"https:\/\/www.seijiroyazawaiwai.com\/oldversion\/wp-json\/wp\/v2\/product_cat?post=2915"},{"taxonomy":"product_tag","embeddable":true,"href":"https:\/\/www.seijiroyazawaiwai.com\/oldversion\/wp-json\/wp\/v2\/product_tag?post=2915"}],"curies":[{"name":"wp","href":"https:\/\/api.w.org\/{rel}","templated":true}]}}