{"id":2865,"date":"2016-08-22T18:55:27","date_gmt":"2016-08-22T18:55:27","guid":{"rendered":"http:\/\/syi.webdiv.co\/?post_type=product&#038;p=2865"},"modified":"2016-09-02T13:32:55","modified_gmt":"2016-09-02T13:32:55","slug":"opmi-pentero-900","status":"publish","type":"product","link":"https:\/\/www.seijiroyazawaiwai.com\/oldversion\/tienda\/healthcare\/tipos-healthcare\/microscopio-para-la-especialidad-de-neurocirugia\/opmi-pentero-900\/","title":{"rendered":"OPMI Pentero 900"},"content":{"rendered":"<p style=\"text-align: justify;\">OPMI\u00ae\u00a0PENTERO\u00ae\u00a0900 de ZEISS constituye la pr\u00f3xima generaci\u00f3n en visualizaci\u00f3n. Basado en las innovaciones de ZEISS OPMI Pentero introducidas en 2004, combina conceptos de dise\u00f1o galardonados con otras funciones nuevas en un microscopio quir\u00fargico probado y completamente integrado. Se han mejorado las funciones clave y se han integrado nuevos m\u00e9todos de visualizaci\u00f3n, logrando un elevado nivel de rendimiento de OPMI PENTERO 900.<\/p>\n<h5 style=\"text-align: justify;\"><strong>Visualizaci\u00f3n brillante.<\/strong><\/h5>\n<ul style=\"text-align: justify;\">\n<li>\u00d3ptica apocrom\u00e1tica.<\/li>\n<li>Im\u00e1genes de v\u00eddeo extremadamente n\u00edtidas en calidad Full HD.<\/li>\n<li>M\u00f3dulos de fluorescencia intraoperatoria innovadores.<\/li>\n<\/ul>\n<p style=\"text-align: justify;\"><strong>Alto rendimiento.<\/strong><\/p>\n<ul style=\"text-align: justify;\">\n<li>Manejo sencillo del sistema con la pantalla t\u00e1ctil, las empu\u00f1aduras, el interruptor bucal o el panel de control de pedal sin cable.<\/li>\n<li>M\u00e1xima funcionalidad, por ejemplo, con el tubo plegable f170\/f260<\/li>\n<li>AutoBalance y AutoDrape\u00ae\u00a0para la configuraci\u00f3n r\u00e1pida del sistema.<\/li>\n<\/ul>\n<p style=\"text-align: justify;\"><strong>M\u00e1s all\u00e1 de la visualizaci\u00f3n.<\/strong><\/p>\n<ul>\n<li style=\"text-align: justify;\">Interact\u00faa con las tecnolog\u00edas de puesto de trabajo actuales y emergentes (por ejemplo, neuromonitorizaci\u00f3n)<\/li>\n<li style=\"text-align: justify;\">Crea una experiencia quir\u00fargica \u00f3ptima con soluciones de flujo de trabajo.<\/li>\n<li style=\"text-align: justify;\">Interfaz integrada para navegaci\u00f3n y neuromonitorizaci\u00f3n.<\/li>\n<\/ul>\n","protected":false},"excerpt":{"rendered":"<ul>\n<li>Im\u00e1genes de v\u00eddeo extremadamente n\u00edtidas en calidad Full HD.<\/li>\n<li>Manejo sencillo del sistema con la pantalla t\u00e1ctil, las empu\u00f1aduras, el interruptor bucal o el panel de control de pedal sin cable.<\/li>\n<li>M\u00e1xima funcionalidad, por ejemplo, con el tubo plegable f170\/f260.<\/li>\n<li>Interact\u00faa con las tecnolog\u00edas de puesto de trabajo actuales y emergentes (por ejemplo, neuromonitorizaci\u00f3n)<\/li>\n<\/ul>\n","protected":false},"featured_media":2866,"comment_status":"open","ping_status":"closed","template":"","meta":{"_acf_changed":false,"_monsterinsights_skip_tracking":false,"_monsterinsights_sitenote_active":false,"_monsterinsights_sitenote_note":"","_monsterinsights_sitenote_category":0},"product_brand":[],"product_cat":[37,36,47,41,51,215,601,655],"product_tag":[],"class_list":{"0":"post-2865","1":"product","2":"type-product","3":"status-publish","4":"has-post-thumbnail","6":"product_cat-healthcare-categorias","7":"product_cat-healthcare","8":"product_cat-marcas-healthcare","9":"product_cat-microscopia","10":"product_cat-tipos-healthcare","11":"product_cat-zeiss","12":"product_cat-microscopio-para-la-especialidad-de-neurocirugia","13":"product_cat-neurocirugia","15":"first","16":"instock","17":"shipping-taxable","18":"product-type-simple"},"acf":[],"yoast_head":"<!-- This site is optimized with the Yoast SEO plugin v27.5 - https:\/\/yoast.com\/product\/yoast-seo-wordpress\/ -->\n<title>OPMI Pentero 900 - syi<\/title>\n<meta name=\"robots\" content=\"index, follow, max-snippet:-1, max-image-preview:large, max-video-preview:-1\" \/>\n<link rel=\"canonical\" href=\"https:\/\/www.seijiroyazawaiwai.com\/oldversion\/tienda\/healthcare\/tipos-healthcare\/microscopio-para-la-especialidad-de-neurocirugia\/opmi-pentero-900\/\" \/>\n<meta property=\"og:locale\" content=\"es_ES\" \/>\n<meta property=\"og:type\" content=\"article\" \/>\n<meta property=\"og:title\" content=\"OPMI Pentero 900 - syi\" \/>\n<meta property=\"og:description\" content=\"Im\u00e1genes de v\u00eddeo extremadamente n\u00edtidas en calidad Full HD.  Manejo sencillo del sistema con la pantalla t\u00e1ctil, las empu\u00f1aduras, el interruptor bucal o el panel de control de pedal sin cable.  M\u00e1xima funcionalidad, por ejemplo, con el tubo plegable f170\/f260.  Interact\u00faa con las tecnolog\u00edas de puesto de trabajo actuales y emergentes (por ejemplo, neuromonitorizaci\u00f3n)\" \/>\n<meta property=\"og:url\" content=\"https:\/\/www.seijiroyazawaiwai.com\/oldversion\/tienda\/healthcare\/tipos-healthcare\/microscopio-para-la-especialidad-de-neurocirugia\/opmi-pentero-900\/\" \/>\n<meta property=\"og:site_name\" content=\"syi\" \/>\n<meta property=\"article:publisher\" content=\"https:\/\/www.facebook.com\/SYIGlobal\/\" \/>\n<meta property=\"article:modified_time\" content=\"2016-09-02T13:32:55+00:00\" \/>\n<meta property=\"og:image\" content=\"https:\/\/www.seijiroyazawaiwai.com\/oldversion\/wp-content\/uploads\/2016\/08\/Carl-Zeiss-Microscopio-Neurocirug\u00eda-OPMI-Pentero-900.jpg\" \/>\n\t<meta property=\"og:image:width\" content=\"640\" \/>\n\t<meta property=\"og:image:height\" content=\"480\" \/>\n\t<meta property=\"og:image:type\" content=\"image\/jpeg\" \/>\n<meta name=\"twitter:card\" content=\"summary_large_image\" \/>\n<meta name=\"twitter:label1\" content=\"Tiempo de lectura\" \/>\n\t<meta name=\"twitter:data1\" content=\"1 minuto\" \/>\n<script type=\"application\/ld+json\" class=\"yoast-schema-graph\">{\"@context\":\"https:\\\/\\\/schema.org\",\"@graph\":[{\"@type\":\"WebPage\",\"@id\":\"https:\\\/\\\/www.seijiroyazawaiwai.com\\\/oldversion\\\/tienda\\\/healthcare\\\/tipos-healthcare\\\/microscopio-para-la-especialidad-de-neurocirugia\\\/opmi-pentero-900\\\/\",\"url\":\"https:\\\/\\\/www.seijiroyazawaiwai.com\\\/oldversion\\\/tienda\\\/healthcare\\\/tipos-healthcare\\\/microscopio-para-la-especialidad-de-neurocirugia\\\/opmi-pentero-900\\\/\",\"name\":\"OPMI Pentero 900 - syi\",\"isPartOf\":{\"@id\":\"https:\\\/\\\/www.seijiroyazawaiwai.com\\\/oldversion\\\/#website\"},\"primaryImageOfPage\":{\"@id\":\"https:\\\/\\\/www.seijiroyazawaiwai.com\\\/oldversion\\\/tienda\\\/healthcare\\\/tipos-healthcare\\\/microscopio-para-la-especialidad-de-neurocirugia\\\/opmi-pentero-900\\\/#primaryimage\"},\"image\":{\"@id\":\"https:\\\/\\\/www.seijiroyazawaiwai.com\\\/oldversion\\\/tienda\\\/healthcare\\\/tipos-healthcare\\\/microscopio-para-la-especialidad-de-neurocirugia\\\/opmi-pentero-900\\\/#primaryimage\"},\"thumbnailUrl\":\"https:\\\/\\\/www.seijiroyazawaiwai.com\\\/oldversion\\\/wp-content\\\/uploads\\\/2016\\\/08\\\/Carl-Zeiss-Microscopio-Neurocirug\u00eda-OPMI-Pentero-900.jpg\",\"datePublished\":\"2016-08-22T18:55:27+00:00\",\"dateModified\":\"2016-09-02T13:32:55+00:00\",\"breadcrumb\":{\"@id\":\"https:\\\/\\\/www.seijiroyazawaiwai.com\\\/oldversion\\\/tienda\\\/healthcare\\\/tipos-healthcare\\\/microscopio-para-la-especialidad-de-neurocirugia\\\/opmi-pentero-900\\\/#breadcrumb\"},\"inLanguage\":\"es\",\"potentialAction\":[{\"@type\":\"ReadAction\",\"target\":[\"https:\\\/\\\/www.seijiroyazawaiwai.com\\\/oldversion\\\/tienda\\\/healthcare\\\/tipos-healthcare\\\/microscopio-para-la-especialidad-de-neurocirugia\\\/opmi-pentero-900\\\/\"]}]},{\"@type\":\"ImageObject\",\"inLanguage\":\"es\",\"@id\":\"https:\\\/\\\/www.seijiroyazawaiwai.com\\\/oldversion\\\/tienda\\\/healthcare\\\/tipos-healthcare\\\/microscopio-para-la-especialidad-de-neurocirugia\\\/opmi-pentero-900\\\/#primaryimage\",\"url\":\"https:\\\/\\\/www.seijiroyazawaiwai.com\\\/oldversion\\\/wp-content\\\/uploads\\\/2016\\\/08\\\/Carl-Zeiss-Microscopio-Neurocirug\u00eda-OPMI-Pentero-900.jpg\",\"contentUrl\":\"https:\\\/\\\/www.seijiroyazawaiwai.com\\\/oldversion\\\/wp-content\\\/uploads\\\/2016\\\/08\\\/Carl-Zeiss-Microscopio-Neurocirug\u00eda-OPMI-Pentero-900.jpg\",\"width\":640,\"height\":480},{\"@type\":\"BreadcrumbList\",\"@id\":\"https:\\\/\\\/www.seijiroyazawaiwai.com\\\/oldversion\\\/tienda\\\/healthcare\\\/tipos-healthcare\\\/microscopio-para-la-especialidad-de-neurocirugia\\\/opmi-pentero-900\\\/#breadcrumb\",\"itemListElement\":[{\"@type\":\"ListItem\",\"position\":1,\"name\":\"Portada\",\"item\":\"https:\\\/\\\/www.seijiroyazawaiwai.com\\\/oldversion\\\/\"},{\"@type\":\"ListItem\",\"position\":2,\"name\":\"Tienda\",\"item\":\"https:\\\/\\\/www.seijiroyazawaiwai.com\\\/oldversion\\\/tienda\\\/\"},{\"@type\":\"ListItem\",\"position\":3,\"name\":\"OPMI Pentero 900\"}]},{\"@type\":\"WebSite\",\"@id\":\"https:\\\/\\\/www.seijiroyazawaiwai.com\\\/oldversion\\\/#website\",\"url\":\"https:\\\/\\\/www.seijiroyazawaiwai.com\\\/oldversion\\\/\",\"name\":\"syi\",\"description\":\"Otro sitio realizado con WordPress\",\"publisher\":{\"@id\":\"https:\\\/\\\/www.seijiroyazawaiwai.com\\\/oldversion\\\/#organization\"},\"potentialAction\":[{\"@type\":\"SearchAction\",\"target\":{\"@type\":\"EntryPoint\",\"urlTemplate\":\"https:\\\/\\\/www.seijiroyazawaiwai.com\\\/oldversion\\\/?s={search_term_string}\"},\"query-input\":{\"@type\":\"PropertyValueSpecification\",\"valueRequired\":true,\"valueName\":\"search_term_string\"}}],\"inLanguage\":\"es\"},{\"@type\":\"Organization\",\"@id\":\"https:\\\/\\\/www.seijiroyazawaiwai.com\\\/oldversion\\\/#organization\",\"name\":\"Seijiro Yazawa Iwai\",\"url\":\"https:\\\/\\\/www.seijiroyazawaiwai.com\\\/oldversion\\\/\",\"logo\":{\"@type\":\"ImageObject\",\"inLanguage\":\"es\",\"@id\":\"https:\\\/\\\/www.seijiroyazawaiwai.com\\\/oldversion\\\/#\\\/schema\\\/logo\\\/image\\\/\",\"url\":\"https:\\\/\\\/www.seijiroyazawaiwai.com\\\/oldversion\\\/wp-content\\\/uploads\\\/2015\\\/10\\\/logo_historia.png\",\"contentUrl\":\"https:\\\/\\\/www.seijiroyazawaiwai.com\\\/oldversion\\\/wp-content\\\/uploads\\\/2015\\\/10\\\/logo_historia.png\",\"width\":150,\"height\":150,\"caption\":\"Seijiro Yazawa Iwai\"},\"image\":{\"@id\":\"https:\\\/\\\/www.seijiroyazawaiwai.com\\\/oldversion\\\/#\\\/schema\\\/logo\\\/image\\\/\"},\"sameAs\":[\"https:\\\/\\\/www.facebook.com\\\/SYIGlobal\\\/\",\"https:\\\/\\\/www.instagram.com\\\/seijiroyazawaiwai\\\/\",\"https:\\\/\\\/www.linkedin.com\\\/company\\\/3261708\"]}]}<\/script>\n<!-- \/ Yoast SEO plugin. -->","yoast_head_json":{"title":"OPMI Pentero 900 - syi","robots":{"index":"index","follow":"follow","max-snippet":"max-snippet:-1","max-image-preview":"max-image-preview:large","max-video-preview":"max-video-preview:-1"},"canonical":"https:\/\/www.seijiroyazawaiwai.com\/oldversion\/tienda\/healthcare\/tipos-healthcare\/microscopio-para-la-especialidad-de-neurocirugia\/opmi-pentero-900\/","og_locale":"es_ES","og_type":"article","og_title":"OPMI Pentero 900 - syi","og_description":"Im\u00e1genes de v\u00eddeo extremadamente n\u00edtidas en calidad Full HD.  Manejo sencillo del sistema con la pantalla t\u00e1ctil, las empu\u00f1aduras, el interruptor bucal o el panel de control de pedal sin cable.  M\u00e1xima funcionalidad, por ejemplo, con el tubo plegable f170\/f260.  Interact\u00faa con las tecnolog\u00edas de puesto de trabajo actuales y emergentes (por ejemplo, neuromonitorizaci\u00f3n)","og_url":"https:\/\/www.seijiroyazawaiwai.com\/oldversion\/tienda\/healthcare\/tipos-healthcare\/microscopio-para-la-especialidad-de-neurocirugia\/opmi-pentero-900\/","og_site_name":"syi","article_publisher":"https:\/\/www.facebook.com\/SYIGlobal\/","article_modified_time":"2016-09-02T13:32:55+00:00","og_image":[{"width":640,"height":480,"url":"https:\/\/www.seijiroyazawaiwai.com\/oldversion\/wp-content\/uploads\/2016\/08\/Carl-Zeiss-Microscopio-Neurocirug\u00eda-OPMI-Pentero-900.jpg","type":"image\/jpeg"}],"twitter_card":"summary_large_image","twitter_misc":{"Tiempo de lectura":"1 minuto"},"schema":{"@context":"https:\/\/schema.org","@graph":[{"@type":"WebPage","@id":"https:\/\/www.seijiroyazawaiwai.com\/oldversion\/tienda\/healthcare\/tipos-healthcare\/microscopio-para-la-especialidad-de-neurocirugia\/opmi-pentero-900\/","url":"https:\/\/www.seijiroyazawaiwai.com\/oldversion\/tienda\/healthcare\/tipos-healthcare\/microscopio-para-la-especialidad-de-neurocirugia\/opmi-pentero-900\/","name":"OPMI Pentero 900 - syi","isPartOf":{"@id":"https:\/\/www.seijiroyazawaiwai.com\/oldversion\/#website"},"primaryImageOfPage":{"@id":"https:\/\/www.seijiroyazawaiwai.com\/oldversion\/tienda\/healthcare\/tipos-healthcare\/microscopio-para-la-especialidad-de-neurocirugia\/opmi-pentero-900\/#primaryimage"},"image":{"@id":"https:\/\/www.seijiroyazawaiwai.com\/oldversion\/tienda\/healthcare\/tipos-healthcare\/microscopio-para-la-especialidad-de-neurocirugia\/opmi-pentero-900\/#primaryimage"},"thumbnailUrl":"https:\/\/www.seijiroyazawaiwai.com\/oldversion\/wp-content\/uploads\/2016\/08\/Carl-Zeiss-Microscopio-Neurocirug\u00eda-OPMI-Pentero-900.jpg","datePublished":"2016-08-22T18:55:27+00:00","dateModified":"2016-09-02T13:32:55+00:00","breadcrumb":{"@id":"https:\/\/www.seijiroyazawaiwai.com\/oldversion\/tienda\/healthcare\/tipos-healthcare\/microscopio-para-la-especialidad-de-neurocirugia\/opmi-pentero-900\/#breadcrumb"},"inLanguage":"es","potentialAction":[{"@type":"ReadAction","target":["https:\/\/www.seijiroyazawaiwai.com\/oldversion\/tienda\/healthcare\/tipos-healthcare\/microscopio-para-la-especialidad-de-neurocirugia\/opmi-pentero-900\/"]}]},{"@type":"ImageObject","inLanguage":"es","@id":"https:\/\/www.seijiroyazawaiwai.com\/oldversion\/tienda\/healthcare\/tipos-healthcare\/microscopio-para-la-especialidad-de-neurocirugia\/opmi-pentero-900\/#primaryimage","url":"https:\/\/www.seijiroyazawaiwai.com\/oldversion\/wp-content\/uploads\/2016\/08\/Carl-Zeiss-Microscopio-Neurocirug\u00eda-OPMI-Pentero-900.jpg","contentUrl":"https:\/\/www.seijiroyazawaiwai.com\/oldversion\/wp-content\/uploads\/2016\/08\/Carl-Zeiss-Microscopio-Neurocirug\u00eda-OPMI-Pentero-900.jpg","width":640,"height":480},{"@type":"BreadcrumbList","@id":"https:\/\/www.seijiroyazawaiwai.com\/oldversion\/tienda\/healthcare\/tipos-healthcare\/microscopio-para-la-especialidad-de-neurocirugia\/opmi-pentero-900\/#breadcrumb","itemListElement":[{"@type":"ListItem","position":1,"name":"Portada","item":"https:\/\/www.seijiroyazawaiwai.com\/oldversion\/"},{"@type":"ListItem","position":2,"name":"Tienda","item":"https:\/\/www.seijiroyazawaiwai.com\/oldversion\/tienda\/"},{"@type":"ListItem","position":3,"name":"OPMI Pentero 900"}]},{"@type":"WebSite","@id":"https:\/\/www.seijiroyazawaiwai.com\/oldversion\/#website","url":"https:\/\/www.seijiroyazawaiwai.com\/oldversion\/","name":"syi","description":"Otro sitio realizado con WordPress","publisher":{"@id":"https:\/\/www.seijiroyazawaiwai.com\/oldversion\/#organization"},"potentialAction":[{"@type":"SearchAction","target":{"@type":"EntryPoint","urlTemplate":"https:\/\/www.seijiroyazawaiwai.com\/oldversion\/?s={search_term_string}"},"query-input":{"@type":"PropertyValueSpecification","valueRequired":true,"valueName":"search_term_string"}}],"inLanguage":"es"},{"@type":"Organization","@id":"https:\/\/www.seijiroyazawaiwai.com\/oldversion\/#organization","name":"Seijiro Yazawa Iwai","url":"https:\/\/www.seijiroyazawaiwai.com\/oldversion\/","logo":{"@type":"ImageObject","inLanguage":"es","@id":"https:\/\/www.seijiroyazawaiwai.com\/oldversion\/#\/schema\/logo\/image\/","url":"https:\/\/www.seijiroyazawaiwai.com\/oldversion\/wp-content\/uploads\/2015\/10\/logo_historia.png","contentUrl":"https:\/\/www.seijiroyazawaiwai.com\/oldversion\/wp-content\/uploads\/2015\/10\/logo_historia.png","width":150,"height":150,"caption":"Seijiro Yazawa Iwai"},"image":{"@id":"https:\/\/www.seijiroyazawaiwai.com\/oldversion\/#\/schema\/logo\/image\/"},"sameAs":["https:\/\/www.facebook.com\/SYIGlobal\/","https:\/\/www.instagram.com\/seijiroyazawaiwai\/","https:\/\/www.linkedin.com\/company\/3261708"]}]}},"_links":{"self":[{"href":"https:\/\/www.seijiroyazawaiwai.com\/oldversion\/wp-json\/wp\/v2\/product\/2865","targetHints":{"allow":["GET"]}}],"collection":[{"href":"https:\/\/www.seijiroyazawaiwai.com\/oldversion\/wp-json\/wp\/v2\/product"}],"about":[{"href":"https:\/\/www.seijiroyazawaiwai.com\/oldversion\/wp-json\/wp\/v2\/types\/product"}],"replies":[{"embeddable":true,"href":"https:\/\/www.seijiroyazawaiwai.com\/oldversion\/wp-json\/wp\/v2\/comments?post=2865"}],"wp:featuredmedia":[{"embeddable":true,"href":"https:\/\/www.seijiroyazawaiwai.com\/oldversion\/wp-json\/wp\/v2\/media\/2866"}],"wp:attachment":[{"href":"https:\/\/www.seijiroyazawaiwai.com\/oldversion\/wp-json\/wp\/v2\/media?parent=2865"}],"wp:term":[{"taxonomy":"product_brand","embeddable":true,"href":"https:\/\/www.seijiroyazawaiwai.com\/oldversion\/wp-json\/wp\/v2\/product_brand?post=2865"},{"taxonomy":"product_cat","embeddable":true,"href":"https:\/\/www.seijiroyazawaiwai.com\/oldversion\/wp-json\/wp\/v2\/product_cat?post=2865"},{"taxonomy":"product_tag","embeddable":true,"href":"https:\/\/www.seijiroyazawaiwai.com\/oldversion\/wp-json\/wp\/v2\/product_tag?post=2865"}],"curies":[{"name":"wp","href":"https:\/\/api.w.org\/{rel}","templated":true}]}}