{"id":2831,"date":"2016-08-22T17:24:22","date_gmt":"2016-08-22T17:24:22","guid":{"rendered":"http:\/\/syi.webdiv.co\/?post_type=product&#038;p=2831"},"modified":"2016-09-15T22:18:07","modified_gmt":"2016-09-15T22:18:07","slug":"lumera-700","status":"publish","type":"product","link":"https:\/\/www.seijiroyazawaiwai.com\/oldversion\/tienda\/healthcare\/tipos-healthcare\/microscopio-para-la-especialidad-de-oftalmologia\/lumera-700\/","title":{"rendered":"Lumera 700"},"content":{"rendered":"<p style=\"text-align: justify;\">La incorporaci\u00f3n de las \u00faltimas tecnolog\u00edas de Carl Zeiss en un dise\u00f1o modular, el OPMI LUMERA (R) 700 representa el pin\u00e1culo de la visualizaci\u00f3n quir\u00fargica oft\u00e1lmica para ambas cirug\u00edas de segmento anterior y posterior.\u00a0Con SCI (TM) para un reflejo rojo brillante, cadena de v\u00eddeo de alta definici\u00f3n totalmente integrado que incluye la grabaci\u00f3n, Superlux Ojo de iluminaci\u00f3n de xen\u00f3n para una luz m\u00e1s blanca, m\u00e1s natural y una serie de funciones automatizadas, espec\u00edficamente dise\u00f1ados para ahorrar tiempo tanto para el cirujano y el personal de quir\u00f3fano. Ning\u00fan otro microscopio quir\u00fargico oft\u00e1lmico es m\u00e1s avanzado. El OPMI LUMERA 700 est\u00e1 disponible en configuraciones de montaje en soporte de suelo y de techo.<\/p>\n<p style=\"text-align: justify;\"><strong>Caracter\u00edsticas:<\/strong><\/p>\n<ul>\n<li style=\"text-align: justify;\">SCI \u2122 (est\u00e9reo iluminaci\u00f3n coaxial) para la brillantez y luminosidad constante: cada detalle del ojo del paciente se hace visible la \u00f3ptica completamente apocrom\u00e1tica con alta transmisi\u00f3n de la luz, lo que resulta en una calidad de imagen m\u00e1xima para la cirug\u00eda y la documentaci\u00f3n.<\/li>\n<li style=\"text-align: justify;\">El microscopio de asistente integrado con el enfoque independiente y su propio zoom motorizado. La ampliaci\u00f3n puede realizarse independientemente o en paralelo (vinculado) al zoom del observador principal. Xen\u00f3n Superlux Ojo de iluminaci\u00f3n, ofrece a los cirujanos una mayor imagen, m\u00e1s blanca, m\u00e1s natural, el contraste del campo quir\u00fargico de iluminaci\u00f3n hal\u00f3gena est\u00e1ndar.<\/li>\n<li style=\"text-align: justify;\">Un pedal de control inal\u00e1mbrico totalmente programable que permite la operaci\u00f3n alcance de manos libres.<\/li>\n<li style=\"text-align: justify;\">Las preferencias personales, tales como intensidad de la luz, el foco y el zoom de velocidad, acoplamiento XY, configuraci\u00f3n de filtros y configuraciones del panel de control de pie y empu\u00f1aduras se pueden guardar para hasta 20 usuarios.<\/li>\n<li style=\"text-align: justify;\">Monitor integrado de 22 \u00ab, ofrece una visi\u00f3n \u00f3ptima del campo quir\u00fargico a todos los miembros del personal.<\/li>\n<li style=\"text-align: justify;\">Keratoscopio integrado le permite evaluar la esfericidad corneal durante la cirug\u00eda.<\/li>\n<li style=\"text-align: justify;\">Iluminador de hendidura integrado para manos libres de iluminaci\u00f3n de fondo de ojo.<\/li>\n<li style=\"text-align: justify;\">V\u00eddeo de alta definici\u00f3n totalmente integrado para la pendiente o la visualizaci\u00f3n y documentaci\u00f3n.<\/li>\n<\/ul>\n","protected":false},"excerpt":{"rendered":"<ul>\n<li style=\"text-align: justify;\">Monitor integrado de 22 \u00ab, ofrece una visi\u00f3n \u00f3ptima del campo quir\u00fargico a todos los miembros del personal.<\/li>\n<li style=\"text-align: justify;\">Keratoscopio integrado le permite evaluar la esfericidad corneal durante la cirug\u00eda.<\/li>\n<li style=\"text-align: justify;\">Iluminador de hendidura integrado para manos libres de iluminaci\u00f3n de fondo de ojo.<\/li>\n<li style=\"text-align: justify;\">Un pedal de control inal\u00e1mbrico totalmente programable que permite la operaci\u00f3n alcance de manos libres.<\/li>\n<\/ul>\n","protected":false},"featured_media":3175,"comment_status":"open","ping_status":"closed","template":"","meta":{"_acf_changed":false,"_monsterinsights_skip_tracking":false,"_monsterinsights_sitenote_active":false,"_monsterinsights_sitenote_note":"","_monsterinsights_sitenote_category":0},"product_brand":[],"product_cat":[37,36,47,41,569,45,51,215],"product_tag":[],"class_list":{"0":"post-2831","1":"product","2":"type-product","3":"status-publish","4":"has-post-thumbnail","6":"product_cat-healthcare-categorias","7":"product_cat-healthcare","8":"product_cat-marcas-healthcare","9":"product_cat-microscopia","10":"product_cat-microscopio-para-la-especialidad-de-oftalmologia","11":"product_cat-oftalmologia","12":"product_cat-tipos-healthcare","13":"product_cat-zeiss","15":"first","16":"instock","17":"shipping-taxable","18":"product-type-simple"},"acf":[],"yoast_head":"<!-- This site is optimized with the Yoast SEO plugin v27.5 - https:\/\/yoast.com\/product\/yoast-seo-wordpress\/ -->\n<title>Lumera 700 - syi<\/title>\n<meta name=\"robots\" content=\"index, follow, max-snippet:-1, max-image-preview:large, max-video-preview:-1\" \/>\n<link rel=\"canonical\" href=\"https:\/\/www.seijiroyazawaiwai.com\/oldversion\/tienda\/healthcare\/tipos-healthcare\/microscopio-para-la-especialidad-de-oftalmologia\/lumera-700\/\" \/>\n<meta property=\"og:locale\" content=\"es_ES\" \/>\n<meta property=\"og:type\" content=\"article\" \/>\n<meta property=\"og:title\" content=\"Lumera 700 - syi\" \/>\n<meta property=\"og:description\" content=\"Monitor integrado de 22 &quot;, ofrece una visi\u00f3n \u00f3ptima del campo quir\u00fargico a todos los miembros del personal.  Keratoscopio integrado le permite evaluar la esfericidad corneal durante la cirug\u00eda.  Iluminador de hendidura integrado para manos libres de iluminaci\u00f3n de fondo de ojo.  Un pedal de control inal\u00e1mbrico totalmente programable que permite la operaci\u00f3n alcance de manos libres.\" \/>\n<meta property=\"og:url\" content=\"https:\/\/www.seijiroyazawaiwai.com\/oldversion\/tienda\/healthcare\/tipos-healthcare\/microscopio-para-la-especialidad-de-oftalmologia\/lumera-700\/\" \/>\n<meta property=\"og:site_name\" content=\"syi\" \/>\n<meta property=\"article:publisher\" content=\"https:\/\/www.facebook.com\/SYIGlobal\/\" \/>\n<meta property=\"article:modified_time\" content=\"2016-09-15T22:18:07+00:00\" \/>\n<meta property=\"og:image\" content=\"https:\/\/www.seijiroyazawaiwai.com\/oldversion\/wp-content\/uploads\/2016\/08\/MICROSCOPIO-ZEISS-LUMERA-700.jpg\" \/>\n\t<meta property=\"og:image:width\" content=\"640\" \/>\n\t<meta property=\"og:image:height\" content=\"480\" \/>\n\t<meta property=\"og:image:type\" content=\"image\/jpeg\" \/>\n<meta name=\"twitter:card\" content=\"summary_large_image\" \/>\n<meta name=\"twitter:label1\" content=\"Tiempo de lectura\" \/>\n\t<meta name=\"twitter:data1\" content=\"2 minutos\" \/>\n<script type=\"application\/ld+json\" class=\"yoast-schema-graph\">{\"@context\":\"https:\\\/\\\/schema.org\",\"@graph\":[{\"@type\":\"WebPage\",\"@id\":\"https:\\\/\\\/www.seijiroyazawaiwai.com\\\/oldversion\\\/tienda\\\/healthcare\\\/tipos-healthcare\\\/microscopio-para-la-especialidad-de-oftalmologia\\\/lumera-700\\\/\",\"url\":\"https:\\\/\\\/www.seijiroyazawaiwai.com\\\/oldversion\\\/tienda\\\/healthcare\\\/tipos-healthcare\\\/microscopio-para-la-especialidad-de-oftalmologia\\\/lumera-700\\\/\",\"name\":\"Lumera 700 - syi\",\"isPartOf\":{\"@id\":\"https:\\\/\\\/www.seijiroyazawaiwai.com\\\/oldversion\\\/#website\"},\"primaryImageOfPage\":{\"@id\":\"https:\\\/\\\/www.seijiroyazawaiwai.com\\\/oldversion\\\/tienda\\\/healthcare\\\/tipos-healthcare\\\/microscopio-para-la-especialidad-de-oftalmologia\\\/lumera-700\\\/#primaryimage\"},\"image\":{\"@id\":\"https:\\\/\\\/www.seijiroyazawaiwai.com\\\/oldversion\\\/tienda\\\/healthcare\\\/tipos-healthcare\\\/microscopio-para-la-especialidad-de-oftalmologia\\\/lumera-700\\\/#primaryimage\"},\"thumbnailUrl\":\"https:\\\/\\\/www.seijiroyazawaiwai.com\\\/oldversion\\\/wp-content\\\/uploads\\\/2016\\\/08\\\/MICROSCOPIO-ZEISS-LUMERA-700.jpg\",\"datePublished\":\"2016-08-22T17:24:22+00:00\",\"dateModified\":\"2016-09-15T22:18:07+00:00\",\"breadcrumb\":{\"@id\":\"https:\\\/\\\/www.seijiroyazawaiwai.com\\\/oldversion\\\/tienda\\\/healthcare\\\/tipos-healthcare\\\/microscopio-para-la-especialidad-de-oftalmologia\\\/lumera-700\\\/#breadcrumb\"},\"inLanguage\":\"es\",\"potentialAction\":[{\"@type\":\"ReadAction\",\"target\":[\"https:\\\/\\\/www.seijiroyazawaiwai.com\\\/oldversion\\\/tienda\\\/healthcare\\\/tipos-healthcare\\\/microscopio-para-la-especialidad-de-oftalmologia\\\/lumera-700\\\/\"]}]},{\"@type\":\"ImageObject\",\"inLanguage\":\"es\",\"@id\":\"https:\\\/\\\/www.seijiroyazawaiwai.com\\\/oldversion\\\/tienda\\\/healthcare\\\/tipos-healthcare\\\/microscopio-para-la-especialidad-de-oftalmologia\\\/lumera-700\\\/#primaryimage\",\"url\":\"https:\\\/\\\/www.seijiroyazawaiwai.com\\\/oldversion\\\/wp-content\\\/uploads\\\/2016\\\/08\\\/MICROSCOPIO-ZEISS-LUMERA-700.jpg\",\"contentUrl\":\"https:\\\/\\\/www.seijiroyazawaiwai.com\\\/oldversion\\\/wp-content\\\/uploads\\\/2016\\\/08\\\/MICROSCOPIO-ZEISS-LUMERA-700.jpg\",\"width\":640,\"height\":480},{\"@type\":\"BreadcrumbList\",\"@id\":\"https:\\\/\\\/www.seijiroyazawaiwai.com\\\/oldversion\\\/tienda\\\/healthcare\\\/tipos-healthcare\\\/microscopio-para-la-especialidad-de-oftalmologia\\\/lumera-700\\\/#breadcrumb\",\"itemListElement\":[{\"@type\":\"ListItem\",\"position\":1,\"name\":\"Portada\",\"item\":\"https:\\\/\\\/www.seijiroyazawaiwai.com\\\/oldversion\\\/\"},{\"@type\":\"ListItem\",\"position\":2,\"name\":\"Tienda\",\"item\":\"https:\\\/\\\/www.seijiroyazawaiwai.com\\\/oldversion\\\/tienda\\\/\"},{\"@type\":\"ListItem\",\"position\":3,\"name\":\"Lumera 700\"}]},{\"@type\":\"WebSite\",\"@id\":\"https:\\\/\\\/www.seijiroyazawaiwai.com\\\/oldversion\\\/#website\",\"url\":\"https:\\\/\\\/www.seijiroyazawaiwai.com\\\/oldversion\\\/\",\"name\":\"syi\",\"description\":\"Otro sitio realizado con WordPress\",\"publisher\":{\"@id\":\"https:\\\/\\\/www.seijiroyazawaiwai.com\\\/oldversion\\\/#organization\"},\"potentialAction\":[{\"@type\":\"SearchAction\",\"target\":{\"@type\":\"EntryPoint\",\"urlTemplate\":\"https:\\\/\\\/www.seijiroyazawaiwai.com\\\/oldversion\\\/?s={search_term_string}\"},\"query-input\":{\"@type\":\"PropertyValueSpecification\",\"valueRequired\":true,\"valueName\":\"search_term_string\"}}],\"inLanguage\":\"es\"},{\"@type\":\"Organization\",\"@id\":\"https:\\\/\\\/www.seijiroyazawaiwai.com\\\/oldversion\\\/#organization\",\"name\":\"Seijiro Yazawa Iwai\",\"url\":\"https:\\\/\\\/www.seijiroyazawaiwai.com\\\/oldversion\\\/\",\"logo\":{\"@type\":\"ImageObject\",\"inLanguage\":\"es\",\"@id\":\"https:\\\/\\\/www.seijiroyazawaiwai.com\\\/oldversion\\\/#\\\/schema\\\/logo\\\/image\\\/\",\"url\":\"https:\\\/\\\/www.seijiroyazawaiwai.com\\\/oldversion\\\/wp-content\\\/uploads\\\/2015\\\/10\\\/logo_historia.png\",\"contentUrl\":\"https:\\\/\\\/www.seijiroyazawaiwai.com\\\/oldversion\\\/wp-content\\\/uploads\\\/2015\\\/10\\\/logo_historia.png\",\"width\":150,\"height\":150,\"caption\":\"Seijiro Yazawa Iwai\"},\"image\":{\"@id\":\"https:\\\/\\\/www.seijiroyazawaiwai.com\\\/oldversion\\\/#\\\/schema\\\/logo\\\/image\\\/\"},\"sameAs\":[\"https:\\\/\\\/www.facebook.com\\\/SYIGlobal\\\/\",\"https:\\\/\\\/www.instagram.com\\\/seijiroyazawaiwai\\\/\",\"https:\\\/\\\/www.linkedin.com\\\/company\\\/3261708\"]}]}<\/script>\n<!-- \/ Yoast SEO plugin. -->","yoast_head_json":{"title":"Lumera 700 - syi","robots":{"index":"index","follow":"follow","max-snippet":"max-snippet:-1","max-image-preview":"max-image-preview:large","max-video-preview":"max-video-preview:-1"},"canonical":"https:\/\/www.seijiroyazawaiwai.com\/oldversion\/tienda\/healthcare\/tipos-healthcare\/microscopio-para-la-especialidad-de-oftalmologia\/lumera-700\/","og_locale":"es_ES","og_type":"article","og_title":"Lumera 700 - syi","og_description":"Monitor integrado de 22 \", ofrece una visi\u00f3n \u00f3ptima del campo quir\u00fargico a todos los miembros del personal.  Keratoscopio integrado le permite evaluar la esfericidad corneal durante la cirug\u00eda.  Iluminador de hendidura integrado para manos libres de iluminaci\u00f3n de fondo de ojo.  Un pedal de control inal\u00e1mbrico totalmente programable que permite la operaci\u00f3n alcance de manos libres.","og_url":"https:\/\/www.seijiroyazawaiwai.com\/oldversion\/tienda\/healthcare\/tipos-healthcare\/microscopio-para-la-especialidad-de-oftalmologia\/lumera-700\/","og_site_name":"syi","article_publisher":"https:\/\/www.facebook.com\/SYIGlobal\/","article_modified_time":"2016-09-15T22:18:07+00:00","og_image":[{"width":640,"height":480,"url":"https:\/\/www.seijiroyazawaiwai.com\/oldversion\/wp-content\/uploads\/2016\/08\/MICROSCOPIO-ZEISS-LUMERA-700.jpg","type":"image\/jpeg"}],"twitter_card":"summary_large_image","twitter_misc":{"Tiempo de lectura":"2 minutos"},"schema":{"@context":"https:\/\/schema.org","@graph":[{"@type":"WebPage","@id":"https:\/\/www.seijiroyazawaiwai.com\/oldversion\/tienda\/healthcare\/tipos-healthcare\/microscopio-para-la-especialidad-de-oftalmologia\/lumera-700\/","url":"https:\/\/www.seijiroyazawaiwai.com\/oldversion\/tienda\/healthcare\/tipos-healthcare\/microscopio-para-la-especialidad-de-oftalmologia\/lumera-700\/","name":"Lumera 700 - syi","isPartOf":{"@id":"https:\/\/www.seijiroyazawaiwai.com\/oldversion\/#website"},"primaryImageOfPage":{"@id":"https:\/\/www.seijiroyazawaiwai.com\/oldversion\/tienda\/healthcare\/tipos-healthcare\/microscopio-para-la-especialidad-de-oftalmologia\/lumera-700\/#primaryimage"},"image":{"@id":"https:\/\/www.seijiroyazawaiwai.com\/oldversion\/tienda\/healthcare\/tipos-healthcare\/microscopio-para-la-especialidad-de-oftalmologia\/lumera-700\/#primaryimage"},"thumbnailUrl":"https:\/\/www.seijiroyazawaiwai.com\/oldversion\/wp-content\/uploads\/2016\/08\/MICROSCOPIO-ZEISS-LUMERA-700.jpg","datePublished":"2016-08-22T17:24:22+00:00","dateModified":"2016-09-15T22:18:07+00:00","breadcrumb":{"@id":"https:\/\/www.seijiroyazawaiwai.com\/oldversion\/tienda\/healthcare\/tipos-healthcare\/microscopio-para-la-especialidad-de-oftalmologia\/lumera-700\/#breadcrumb"},"inLanguage":"es","potentialAction":[{"@type":"ReadAction","target":["https:\/\/www.seijiroyazawaiwai.com\/oldversion\/tienda\/healthcare\/tipos-healthcare\/microscopio-para-la-especialidad-de-oftalmologia\/lumera-700\/"]}]},{"@type":"ImageObject","inLanguage":"es","@id":"https:\/\/www.seijiroyazawaiwai.com\/oldversion\/tienda\/healthcare\/tipos-healthcare\/microscopio-para-la-especialidad-de-oftalmologia\/lumera-700\/#primaryimage","url":"https:\/\/www.seijiroyazawaiwai.com\/oldversion\/wp-content\/uploads\/2016\/08\/MICROSCOPIO-ZEISS-LUMERA-700.jpg","contentUrl":"https:\/\/www.seijiroyazawaiwai.com\/oldversion\/wp-content\/uploads\/2016\/08\/MICROSCOPIO-ZEISS-LUMERA-700.jpg","width":640,"height":480},{"@type":"BreadcrumbList","@id":"https:\/\/www.seijiroyazawaiwai.com\/oldversion\/tienda\/healthcare\/tipos-healthcare\/microscopio-para-la-especialidad-de-oftalmologia\/lumera-700\/#breadcrumb","itemListElement":[{"@type":"ListItem","position":1,"name":"Portada","item":"https:\/\/www.seijiroyazawaiwai.com\/oldversion\/"},{"@type":"ListItem","position":2,"name":"Tienda","item":"https:\/\/www.seijiroyazawaiwai.com\/oldversion\/tienda\/"},{"@type":"ListItem","position":3,"name":"Lumera 700"}]},{"@type":"WebSite","@id":"https:\/\/www.seijiroyazawaiwai.com\/oldversion\/#website","url":"https:\/\/www.seijiroyazawaiwai.com\/oldversion\/","name":"syi","description":"Otro sitio realizado con WordPress","publisher":{"@id":"https:\/\/www.seijiroyazawaiwai.com\/oldversion\/#organization"},"potentialAction":[{"@type":"SearchAction","target":{"@type":"EntryPoint","urlTemplate":"https:\/\/www.seijiroyazawaiwai.com\/oldversion\/?s={search_term_string}"},"query-input":{"@type":"PropertyValueSpecification","valueRequired":true,"valueName":"search_term_string"}}],"inLanguage":"es"},{"@type":"Organization","@id":"https:\/\/www.seijiroyazawaiwai.com\/oldversion\/#organization","name":"Seijiro Yazawa Iwai","url":"https:\/\/www.seijiroyazawaiwai.com\/oldversion\/","logo":{"@type":"ImageObject","inLanguage":"es","@id":"https:\/\/www.seijiroyazawaiwai.com\/oldversion\/#\/schema\/logo\/image\/","url":"https:\/\/www.seijiroyazawaiwai.com\/oldversion\/wp-content\/uploads\/2015\/10\/logo_historia.png","contentUrl":"https:\/\/www.seijiroyazawaiwai.com\/oldversion\/wp-content\/uploads\/2015\/10\/logo_historia.png","width":150,"height":150,"caption":"Seijiro Yazawa Iwai"},"image":{"@id":"https:\/\/www.seijiroyazawaiwai.com\/oldversion\/#\/schema\/logo\/image\/"},"sameAs":["https:\/\/www.facebook.com\/SYIGlobal\/","https:\/\/www.instagram.com\/seijiroyazawaiwai\/","https:\/\/www.linkedin.com\/company\/3261708"]}]}},"_links":{"self":[{"href":"https:\/\/www.seijiroyazawaiwai.com\/oldversion\/wp-json\/wp\/v2\/product\/2831","targetHints":{"allow":["GET"]}}],"collection":[{"href":"https:\/\/www.seijiroyazawaiwai.com\/oldversion\/wp-json\/wp\/v2\/product"}],"about":[{"href":"https:\/\/www.seijiroyazawaiwai.com\/oldversion\/wp-json\/wp\/v2\/types\/product"}],"replies":[{"embeddable":true,"href":"https:\/\/www.seijiroyazawaiwai.com\/oldversion\/wp-json\/wp\/v2\/comments?post=2831"}],"wp:featuredmedia":[{"embeddable":true,"href":"https:\/\/www.seijiroyazawaiwai.com\/oldversion\/wp-json\/wp\/v2\/media\/3175"}],"wp:attachment":[{"href":"https:\/\/www.seijiroyazawaiwai.com\/oldversion\/wp-json\/wp\/v2\/media?parent=2831"}],"wp:term":[{"taxonomy":"product_brand","embeddable":true,"href":"https:\/\/www.seijiroyazawaiwai.com\/oldversion\/wp-json\/wp\/v2\/product_brand?post=2831"},{"taxonomy":"product_cat","embeddable":true,"href":"https:\/\/www.seijiroyazawaiwai.com\/oldversion\/wp-json\/wp\/v2\/product_cat?post=2831"},{"taxonomy":"product_tag","embeddable":true,"href":"https:\/\/www.seijiroyazawaiwai.com\/oldversion\/wp-json\/wp\/v2\/product_tag?post=2831"}],"curies":[{"name":"wp","href":"https:\/\/api.w.org\/{rel}","templated":true}]}}