{"id":2591,"date":"2016-08-19T12:10:18","date_gmt":"2016-08-19T12:10:18","guid":{"rendered":"http:\/\/syi.webdiv.co\/?post_type=product&#038;p=2591"},"modified":"2016-08-22T17:56:37","modified_gmt":"2016-08-22T17:56:37","slug":"voyager-ii","status":"publish","type":"product","link":"https:\/\/www.seijiroyazawaiwai.com\/oldversion\/tienda\/healthcare\/tipos-healthcare\/conjunto-dental\/voyager-ii\/","title":{"rendered":"Voyager II"},"content":{"rendered":"<p style=\"text-align: justify;\">El conjunto dental Voyager II cuenta con dos posiciones de trabajo programables, seg\u00fan sea el requerimiento del odont\u00f3logo. Apoya cabeza con articulaci\u00f3n y ajuste de altura integrado en el espaldar. Escupidera de cer\u00e1mica amplia y resistente, f\u00e1cil de limpiar y llenado de vaso. L\u00e1mpara de luz fr\u00eda, de dos intensidades (alta y baja). Sistema de agua limpia, presurizada en recipiente tipo botella, con man\u00f3metro indicador de presi\u00f3n. Producto de Jap\u00f3n.<\/p>\n","protected":false},"excerpt":{"rendered":"<ul>\n<li style=\"text-align: justify;\">Dos posiciones de trabajo programables<\/li>\n<li style=\"text-align: justify;\">Escupidera de cer\u00e1mica amplia y resistente, f\u00e1cil de limpiar y llenado de vaso<\/li>\n<li style=\"text-align: justify;\">L\u00e1mpara de luz fr\u00eda, de dos intensidades (alta y baja)<\/li>\n<\/ul>\n","protected":false},"featured_media":2598,"comment_status":"open","ping_status":"closed","template":"","meta":{"_acf_changed":false,"_monsterinsights_skip_tracking":false,"_monsterinsights_sitenote_active":false,"_monsterinsights_sitenote_note":"","_monsterinsights_sitenote_category":0},"product_brand":[],"product_cat":[37,496,36,47,44,256,51],"product_tag":[],"class_list":{"0":"post-2591","1":"product","2":"type-product","3":"status-publish","4":"has-post-thumbnail","6":"product_cat-healthcare-categorias","7":"product_cat-conjunto-dental","8":"product_cat-healthcare","9":"product_cat-marcas-healthcare","10":"product_cat-odontologia","11":"product_cat-belmont","12":"product_cat-tipos-healthcare","14":"first","15":"instock","16":"shipping-taxable","17":"product-type-simple"},"acf":[],"yoast_head":"<!-- This site is optimized with the Yoast SEO plugin v27.5 - https:\/\/yoast.com\/product\/yoast-seo-wordpress\/ -->\n<title>Voyager II - syi<\/title>\n<meta name=\"robots\" content=\"index, follow, max-snippet:-1, max-image-preview:large, max-video-preview:-1\" \/>\n<link rel=\"canonical\" href=\"https:\/\/www.seijiroyazawaiwai.com\/oldversion\/tienda\/healthcare\/tipos-healthcare\/conjunto-dental\/voyager-ii\/\" \/>\n<meta property=\"og:locale\" content=\"es_ES\" \/>\n<meta property=\"og:type\" content=\"article\" \/>\n<meta property=\"og:title\" content=\"Voyager II - syi\" \/>\n<meta property=\"og:description\" content=\"Dos posiciones de trabajo programables  Escupidera de cer\u00e1mica amplia y resistente, f\u00e1cil de limpiar y llenado de vaso  L\u00e1mpara de luz fr\u00eda, de dos intensidades (alta y baja)\" \/>\n<meta property=\"og:url\" content=\"https:\/\/www.seijiroyazawaiwai.com\/oldversion\/tienda\/healthcare\/tipos-healthcare\/conjunto-dental\/voyager-ii\/\" \/>\n<meta property=\"og:site_name\" content=\"syi\" \/>\n<meta property=\"article:publisher\" content=\"https:\/\/www.facebook.com\/SYIGlobal\/\" \/>\n<meta property=\"article:modified_time\" content=\"2016-08-22T17:56:37+00:00\" \/>\n<meta property=\"og:image\" content=\"https:\/\/www.seijiroyazawaiwai.com\/oldversion\/wp-content\/uploads\/2016\/08\/belmont-voyager-II_2.jpg\" \/>\n\t<meta property=\"og:image:width\" content=\"640\" \/>\n\t<meta property=\"og:image:height\" content=\"480\" \/>\n\t<meta property=\"og:image:type\" content=\"image\/jpeg\" \/>\n<meta name=\"twitter:card\" content=\"summary_large_image\" \/>\n<script type=\"application\/ld+json\" class=\"yoast-schema-graph\">{\"@context\":\"https:\\\/\\\/schema.org\",\"@graph\":[{\"@type\":\"WebPage\",\"@id\":\"https:\\\/\\\/www.seijiroyazawaiwai.com\\\/oldversion\\\/tienda\\\/healthcare\\\/tipos-healthcare\\\/conjunto-dental\\\/voyager-ii\\\/\",\"url\":\"https:\\\/\\\/www.seijiroyazawaiwai.com\\\/oldversion\\\/tienda\\\/healthcare\\\/tipos-healthcare\\\/conjunto-dental\\\/voyager-ii\\\/\",\"name\":\"Voyager II - syi\",\"isPartOf\":{\"@id\":\"https:\\\/\\\/www.seijiroyazawaiwai.com\\\/oldversion\\\/#website\"},\"primaryImageOfPage\":{\"@id\":\"https:\\\/\\\/www.seijiroyazawaiwai.com\\\/oldversion\\\/tienda\\\/healthcare\\\/tipos-healthcare\\\/conjunto-dental\\\/voyager-ii\\\/#primaryimage\"},\"image\":{\"@id\":\"https:\\\/\\\/www.seijiroyazawaiwai.com\\\/oldversion\\\/tienda\\\/healthcare\\\/tipos-healthcare\\\/conjunto-dental\\\/voyager-ii\\\/#primaryimage\"},\"thumbnailUrl\":\"https:\\\/\\\/www.seijiroyazawaiwai.com\\\/oldversion\\\/wp-content\\\/uploads\\\/2016\\\/08\\\/belmont-voyager-II_2.jpg\",\"datePublished\":\"2016-08-19T12:10:18+00:00\",\"dateModified\":\"2016-08-22T17:56:37+00:00\",\"breadcrumb\":{\"@id\":\"https:\\\/\\\/www.seijiroyazawaiwai.com\\\/oldversion\\\/tienda\\\/healthcare\\\/tipos-healthcare\\\/conjunto-dental\\\/voyager-ii\\\/#breadcrumb\"},\"inLanguage\":\"es\",\"potentialAction\":[{\"@type\":\"ReadAction\",\"target\":[\"https:\\\/\\\/www.seijiroyazawaiwai.com\\\/oldversion\\\/tienda\\\/healthcare\\\/tipos-healthcare\\\/conjunto-dental\\\/voyager-ii\\\/\"]}]},{\"@type\":\"ImageObject\",\"inLanguage\":\"es\",\"@id\":\"https:\\\/\\\/www.seijiroyazawaiwai.com\\\/oldversion\\\/tienda\\\/healthcare\\\/tipos-healthcare\\\/conjunto-dental\\\/voyager-ii\\\/#primaryimage\",\"url\":\"https:\\\/\\\/www.seijiroyazawaiwai.com\\\/oldversion\\\/wp-content\\\/uploads\\\/2016\\\/08\\\/belmont-voyager-II_2.jpg\",\"contentUrl\":\"https:\\\/\\\/www.seijiroyazawaiwai.com\\\/oldversion\\\/wp-content\\\/uploads\\\/2016\\\/08\\\/belmont-voyager-II_2.jpg\",\"width\":640,\"height\":480},{\"@type\":\"BreadcrumbList\",\"@id\":\"https:\\\/\\\/www.seijiroyazawaiwai.com\\\/oldversion\\\/tienda\\\/healthcare\\\/tipos-healthcare\\\/conjunto-dental\\\/voyager-ii\\\/#breadcrumb\",\"itemListElement\":[{\"@type\":\"ListItem\",\"position\":1,\"name\":\"Portada\",\"item\":\"https:\\\/\\\/www.seijiroyazawaiwai.com\\\/oldversion\\\/\"},{\"@type\":\"ListItem\",\"position\":2,\"name\":\"Tienda\",\"item\":\"https:\\\/\\\/www.seijiroyazawaiwai.com\\\/oldversion\\\/tienda\\\/\"},{\"@type\":\"ListItem\",\"position\":3,\"name\":\"Voyager II\"}]},{\"@type\":\"WebSite\",\"@id\":\"https:\\\/\\\/www.seijiroyazawaiwai.com\\\/oldversion\\\/#website\",\"url\":\"https:\\\/\\\/www.seijiroyazawaiwai.com\\\/oldversion\\\/\",\"name\":\"syi\",\"description\":\"Otro sitio realizado con WordPress\",\"publisher\":{\"@id\":\"https:\\\/\\\/www.seijiroyazawaiwai.com\\\/oldversion\\\/#organization\"},\"potentialAction\":[{\"@type\":\"SearchAction\",\"target\":{\"@type\":\"EntryPoint\",\"urlTemplate\":\"https:\\\/\\\/www.seijiroyazawaiwai.com\\\/oldversion\\\/?s={search_term_string}\"},\"query-input\":{\"@type\":\"PropertyValueSpecification\",\"valueRequired\":true,\"valueName\":\"search_term_string\"}}],\"inLanguage\":\"es\"},{\"@type\":\"Organization\",\"@id\":\"https:\\\/\\\/www.seijiroyazawaiwai.com\\\/oldversion\\\/#organization\",\"name\":\"Seijiro Yazawa Iwai\",\"url\":\"https:\\\/\\\/www.seijiroyazawaiwai.com\\\/oldversion\\\/\",\"logo\":{\"@type\":\"ImageObject\",\"inLanguage\":\"es\",\"@id\":\"https:\\\/\\\/www.seijiroyazawaiwai.com\\\/oldversion\\\/#\\\/schema\\\/logo\\\/image\\\/\",\"url\":\"https:\\\/\\\/www.seijiroyazawaiwai.com\\\/oldversion\\\/wp-content\\\/uploads\\\/2015\\\/10\\\/logo_historia.png\",\"contentUrl\":\"https:\\\/\\\/www.seijiroyazawaiwai.com\\\/oldversion\\\/wp-content\\\/uploads\\\/2015\\\/10\\\/logo_historia.png\",\"width\":150,\"height\":150,\"caption\":\"Seijiro Yazawa Iwai\"},\"image\":{\"@id\":\"https:\\\/\\\/www.seijiroyazawaiwai.com\\\/oldversion\\\/#\\\/schema\\\/logo\\\/image\\\/\"},\"sameAs\":[\"https:\\\/\\\/www.facebook.com\\\/SYIGlobal\\\/\",\"https:\\\/\\\/www.instagram.com\\\/seijiroyazawaiwai\\\/\",\"https:\\\/\\\/www.linkedin.com\\\/company\\\/3261708\"]}]}<\/script>\n<!-- \/ Yoast SEO plugin. -->","yoast_head_json":{"title":"Voyager II - syi","robots":{"index":"index","follow":"follow","max-snippet":"max-snippet:-1","max-image-preview":"max-image-preview:large","max-video-preview":"max-video-preview:-1"},"canonical":"https:\/\/www.seijiroyazawaiwai.com\/oldversion\/tienda\/healthcare\/tipos-healthcare\/conjunto-dental\/voyager-ii\/","og_locale":"es_ES","og_type":"article","og_title":"Voyager II - syi","og_description":"Dos posiciones de trabajo programables  Escupidera de cer\u00e1mica amplia y resistente, f\u00e1cil de limpiar y llenado de vaso  L\u00e1mpara de luz fr\u00eda, de dos intensidades (alta y baja)","og_url":"https:\/\/www.seijiroyazawaiwai.com\/oldversion\/tienda\/healthcare\/tipos-healthcare\/conjunto-dental\/voyager-ii\/","og_site_name":"syi","article_publisher":"https:\/\/www.facebook.com\/SYIGlobal\/","article_modified_time":"2016-08-22T17:56:37+00:00","og_image":[{"width":640,"height":480,"url":"https:\/\/www.seijiroyazawaiwai.com\/oldversion\/wp-content\/uploads\/2016\/08\/belmont-voyager-II_2.jpg","type":"image\/jpeg"}],"twitter_card":"summary_large_image","schema":{"@context":"https:\/\/schema.org","@graph":[{"@type":"WebPage","@id":"https:\/\/www.seijiroyazawaiwai.com\/oldversion\/tienda\/healthcare\/tipos-healthcare\/conjunto-dental\/voyager-ii\/","url":"https:\/\/www.seijiroyazawaiwai.com\/oldversion\/tienda\/healthcare\/tipos-healthcare\/conjunto-dental\/voyager-ii\/","name":"Voyager II - syi","isPartOf":{"@id":"https:\/\/www.seijiroyazawaiwai.com\/oldversion\/#website"},"primaryImageOfPage":{"@id":"https:\/\/www.seijiroyazawaiwai.com\/oldversion\/tienda\/healthcare\/tipos-healthcare\/conjunto-dental\/voyager-ii\/#primaryimage"},"image":{"@id":"https:\/\/www.seijiroyazawaiwai.com\/oldversion\/tienda\/healthcare\/tipos-healthcare\/conjunto-dental\/voyager-ii\/#primaryimage"},"thumbnailUrl":"https:\/\/www.seijiroyazawaiwai.com\/oldversion\/wp-content\/uploads\/2016\/08\/belmont-voyager-II_2.jpg","datePublished":"2016-08-19T12:10:18+00:00","dateModified":"2016-08-22T17:56:37+00:00","breadcrumb":{"@id":"https:\/\/www.seijiroyazawaiwai.com\/oldversion\/tienda\/healthcare\/tipos-healthcare\/conjunto-dental\/voyager-ii\/#breadcrumb"},"inLanguage":"es","potentialAction":[{"@type":"ReadAction","target":["https:\/\/www.seijiroyazawaiwai.com\/oldversion\/tienda\/healthcare\/tipos-healthcare\/conjunto-dental\/voyager-ii\/"]}]},{"@type":"ImageObject","inLanguage":"es","@id":"https:\/\/www.seijiroyazawaiwai.com\/oldversion\/tienda\/healthcare\/tipos-healthcare\/conjunto-dental\/voyager-ii\/#primaryimage","url":"https:\/\/www.seijiroyazawaiwai.com\/oldversion\/wp-content\/uploads\/2016\/08\/belmont-voyager-II_2.jpg","contentUrl":"https:\/\/www.seijiroyazawaiwai.com\/oldversion\/wp-content\/uploads\/2016\/08\/belmont-voyager-II_2.jpg","width":640,"height":480},{"@type":"BreadcrumbList","@id":"https:\/\/www.seijiroyazawaiwai.com\/oldversion\/tienda\/healthcare\/tipos-healthcare\/conjunto-dental\/voyager-ii\/#breadcrumb","itemListElement":[{"@type":"ListItem","position":1,"name":"Portada","item":"https:\/\/www.seijiroyazawaiwai.com\/oldversion\/"},{"@type":"ListItem","position":2,"name":"Tienda","item":"https:\/\/www.seijiroyazawaiwai.com\/oldversion\/tienda\/"},{"@type":"ListItem","position":3,"name":"Voyager II"}]},{"@type":"WebSite","@id":"https:\/\/www.seijiroyazawaiwai.com\/oldversion\/#website","url":"https:\/\/www.seijiroyazawaiwai.com\/oldversion\/","name":"syi","description":"Otro sitio realizado con WordPress","publisher":{"@id":"https:\/\/www.seijiroyazawaiwai.com\/oldversion\/#organization"},"potentialAction":[{"@type":"SearchAction","target":{"@type":"EntryPoint","urlTemplate":"https:\/\/www.seijiroyazawaiwai.com\/oldversion\/?s={search_term_string}"},"query-input":{"@type":"PropertyValueSpecification","valueRequired":true,"valueName":"search_term_string"}}],"inLanguage":"es"},{"@type":"Organization","@id":"https:\/\/www.seijiroyazawaiwai.com\/oldversion\/#organization","name":"Seijiro Yazawa Iwai","url":"https:\/\/www.seijiroyazawaiwai.com\/oldversion\/","logo":{"@type":"ImageObject","inLanguage":"es","@id":"https:\/\/www.seijiroyazawaiwai.com\/oldversion\/#\/schema\/logo\/image\/","url":"https:\/\/www.seijiroyazawaiwai.com\/oldversion\/wp-content\/uploads\/2015\/10\/logo_historia.png","contentUrl":"https:\/\/www.seijiroyazawaiwai.com\/oldversion\/wp-content\/uploads\/2015\/10\/logo_historia.png","width":150,"height":150,"caption":"Seijiro Yazawa Iwai"},"image":{"@id":"https:\/\/www.seijiroyazawaiwai.com\/oldversion\/#\/schema\/logo\/image\/"},"sameAs":["https:\/\/www.facebook.com\/SYIGlobal\/","https:\/\/www.instagram.com\/seijiroyazawaiwai\/","https:\/\/www.linkedin.com\/company\/3261708"]}]}},"_links":{"self":[{"href":"https:\/\/www.seijiroyazawaiwai.com\/oldversion\/wp-json\/wp\/v2\/product\/2591","targetHints":{"allow":["GET"]}}],"collection":[{"href":"https:\/\/www.seijiroyazawaiwai.com\/oldversion\/wp-json\/wp\/v2\/product"}],"about":[{"href":"https:\/\/www.seijiroyazawaiwai.com\/oldversion\/wp-json\/wp\/v2\/types\/product"}],"replies":[{"embeddable":true,"href":"https:\/\/www.seijiroyazawaiwai.com\/oldversion\/wp-json\/wp\/v2\/comments?post=2591"}],"wp:featuredmedia":[{"embeddable":true,"href":"https:\/\/www.seijiroyazawaiwai.com\/oldversion\/wp-json\/wp\/v2\/media\/2598"}],"wp:attachment":[{"href":"https:\/\/www.seijiroyazawaiwai.com\/oldversion\/wp-json\/wp\/v2\/media?parent=2591"}],"wp:term":[{"taxonomy":"product_brand","embeddable":true,"href":"https:\/\/www.seijiroyazawaiwai.com\/oldversion\/wp-json\/wp\/v2\/product_brand?post=2591"},{"taxonomy":"product_cat","embeddable":true,"href":"https:\/\/www.seijiroyazawaiwai.com\/oldversion\/wp-json\/wp\/v2\/product_cat?post=2591"},{"taxonomy":"product_tag","embeddable":true,"href":"https:\/\/www.seijiroyazawaiwai.com\/oldversion\/wp-json\/wp\/v2\/product_tag?post=2591"}],"curies":[{"name":"wp","href":"https:\/\/api.w.org\/{rel}","templated":true}]}}