{"id":153,"date":"2015-10-30T14:21:04","date_gmt":"2015-10-30T14:21:04","guid":{"rendered":"http:\/\/syi.webdiv.co\/?page_id=153"},"modified":"2017-02-07T19:29:04","modified_gmt":"2017-02-07T19:29:04","slug":"historia","status":"publish","type":"page","link":"https:\/\/www.seijiroyazawaiwai.com\/oldversion\/historia\/","title":{"rendered":"Historia"},"content":{"rendered":"<h4>UN J\u00d3VEN LLAMADO SEIJIRO YAZAWA<\/h4>\n<p>El 24 de octubre de 1899, en la ciudad de Yokohama, Isla Honshu, en Jap\u00f3n, nace Seijiro Yazawa Iwai. Desde muy chico demostr\u00f3 laboriosidad y compromiso pues desde los 6 a\u00f1os inici\u00f3 sus pr\u00e1cticas de judo logrando a la edad de 18 a\u00f1os en el Dojo \u201cKodokan\u201d la categor\u00eda de primer DAN (SHO DAN) Cintur\u00f3n Negro.<\/p>\n<p>Ya en su juventud, realiz\u00f3 sus estudios de comercio en una prestigiosa escuela ubicada en Yokohama y empez\u00f3 a interesarse en la industria petrolera ya que por ese entonces la Armada Japonesa estaba promoviendo la adquisici\u00f3n de petr\u00f3leo en el extranjero. Desde ese momento, Seijiro Yazawa empez\u00f3 a abrazar el sue\u00f1o de embarcarse al extranjero y de forma autodidacta estudi\u00f3 miner\u00eda petrolera y se esforz\u00f3 por reunir fondos y provisiones para hacerlo realidad.<\/p>\n<h4>RUMBO HACIA LO DESCONOCIDO<\/h4>\n<p>En noviembre de 1928, el Sr. Seijiro Yazawa lleg\u00f3 a Venezuela con el objetivo de realizar investigaciones petroleras a lo largo y ancho del territorio para obtener eventualmente concesiones petroleras. Despu\u00e9s de mucho esfuerzo, logr\u00f3 obtener derechos sobre unos campos petroleros, pero al informar a la Armada Japonesa, la respuesta que recibi\u00f3 no fue alentadora, pues debido a las tensiones con Estados Unidos, Jap\u00f3n consideraba muy riesgoso hacer inversiones ante un eventual cierre del Canal de Panam\u00e1, desmoron\u00e1ndose as\u00ed su sue\u00f1o.<\/p>\n<h4>PANAM\u00c1<\/h4>\n<p>Ante la negativa, el joven Seijiro decide retornar a su pa\u00eds pero antes deb\u00eda pasar por Panam\u00e1. Ya estando all\u00ed en 1931 juega un papel muy importante en lo que fue el arribo a Venezuela de los pescadores japoneses que resid\u00edan en Panam\u00e1.<\/p>\n<p>En su investigaci\u00f3n petrolera, gracias a su sorprendente energ\u00eda, su capacidad anal\u00edtica y su previsi\u00f3n, incorpor\u00f3 investigaciones del sector agr\u00edcola, comercial y de pesca, entregando informaci\u00f3n valiosa a la comunidad japonesa residente en Panam\u00e1, que encontr\u00f3 en el informe de Seijiro una luz de esperanza para salir de la dif\u00edcil situaci\u00f3n en la que se encontraban en este pa\u00eds. Y as\u00ed, en un acto de solidaridad con sus conterr\u00e1neos, Seijiro decide volver a Venezuela con un grupo de pescadores japoneses, que posteriormente y de la mano de Seijiro, ser\u00edan los fundadores de la sociedad japonesa en este pa\u00eds.<\/p>\n<h4>CAMINO EMPRENDEDOR<\/h4>\n<p>A su regreso a Venezuela, el sr. Seijiro Yazawa se dedica a actividades comerciales representando a numerosas firmas japonesas y muchos otros fabricantes reconocidos a nivel mundial, logrando gran \u00e9xito y sentando las bases de lo que hoy es nuestra compa\u00f1\u00eda.<\/p>\n<p>Esta primera etapa de emprendimiento exitoso culmina con el llamado realizado por el ministerio de guerra en 1941 para representar a su pa\u00eds en la Segunda Guerra Mundial. Seijiro viaja a Jap\u00f3n llevando consigo a su familia.<\/p>\n<h4>UN NUEVO AMANECER<\/h4>\n<p>Despu\u00e9s de luchar en diferentes batallas y lograr sobrevivir, Seijiro regresa a Venezuela en 1949. Y de vuelta sin nada m\u00e1s que su talante, su esp\u00edritu emprendedor, su audacia y su estricto sistema \u00e9tico, logra construir un negocio exitoso, representando a las mejores marcas japonesas y atendiendo a sus clientes con rectitud y transparencia, logrando establecer relaciones comerciales duraderas y soportadas en lo que hoy en d\u00eda llamamos CONFIANZA M\u00c1XIMA.<\/p>\n<h4>EL LEGADO<\/h4>\n<p>Nuestro presidente, sr. Mitsuru Yazawa Sekimoto, mantiene vivas las ense\u00f1anzas y los valores que recibi\u00f3 de su padre sr Seijiro Yazawa, pero le a\u00f1ade innovaci\u00f3n y enfoque en nuevas tecnolog\u00edas a su forma de liderar.<\/p>\n<p>Este balance, hace que hoy nuestra compa\u00f1\u00eda sea una de las m\u00e1s importantes en Am\u00e9rica Latina en la distribuci\u00f3n de productos para las l\u00edneas de equipos e infraestructura de servicios m\u00e9dicos, maquinarias y equipos para la industria pesada y equipos e infraestructura para servicios de energ\u00eda el\u00e9ctrica con presencia en m\u00e1s de 8 pa\u00edses y se consolide como un aliado clave de negocio para los fabricantes m\u00e1s reconocidos e importantes del planeta.<\/p>\n","protected":false},"excerpt":{"rendered":"<p>UN J\u00d3VEN LLAMADO SEIJIRO YAZAWA El 24 de octubre de 1899, en la ciudad de Yokohama, Isla Honshu, en Jap\u00f3n, nace Seijiro Yazawa Iwai. Desde muy chico demostr\u00f3 laboriosidad y compromiso pues desde los 6 a\u00f1os inici\u00f3 sus pr\u00e1cticas de judo logrando a la edad de 18 a\u00f1os en el Dojo \u201cKodokan\u201d la categor\u00eda de [&hellip;]<\/p>\n","protected":false},"author":4,"featured_media":0,"parent":0,"menu_order":0,"comment_status":"closed","ping_status":"closed","template":"","meta":{"_acf_changed":false,"_monsterinsights_skip_tracking":false,"_monsterinsights_sitenote_active":false,"_monsterinsights_sitenote_note":"","_monsterinsights_sitenote_category":0,"footnotes":""},"class_list":["post-153","page","type-page","status-publish","hentry"],"acf":[],"yoast_head":"<!-- This site is optimized with the Yoast SEO plugin v27.5 - https:\/\/yoast.com\/product\/yoast-seo-wordpress\/ -->\n<title>Historia - syi<\/title>\n<meta name=\"robots\" content=\"index, follow, max-snippet:-1, max-image-preview:large, max-video-preview:-1\" \/>\n<link rel=\"canonical\" href=\"https:\/\/www.seijiroyazawaiwai.com\/oldversion\/historia\/\" \/>\n<meta property=\"og:locale\" content=\"es_ES\" \/>\n<meta property=\"og:type\" content=\"article\" \/>\n<meta property=\"og:title\" content=\"Historia - syi\" \/>\n<meta property=\"og:description\" content=\"UN J\u00d3VEN LLAMADO SEIJIRO YAZAWA El 24 de octubre de 1899, en la ciudad de Yokohama, Isla Honshu, en Jap\u00f3n, nace Seijiro Yazawa Iwai. Desde muy chico demostr\u00f3 laboriosidad y compromiso pues desde los 6 a\u00f1os inici\u00f3 sus pr\u00e1cticas de judo logrando a la edad de 18 a\u00f1os en el Dojo \u201cKodokan\u201d la categor\u00eda de [&hellip;]\" \/>\n<meta property=\"og:url\" content=\"https:\/\/www.seijiroyazawaiwai.com\/oldversion\/historia\/\" \/>\n<meta property=\"og:site_name\" content=\"syi\" \/>\n<meta property=\"article:publisher\" content=\"https:\/\/www.facebook.com\/SYIGlobal\/\" \/>\n<meta property=\"article:modified_time\" content=\"2017-02-07T19:29:04+00:00\" \/>\n<meta name=\"twitter:card\" content=\"summary_large_image\" \/>\n<meta name=\"twitter:label1\" content=\"Tiempo de lectura\" \/>\n\t<meta name=\"twitter:data1\" content=\"3 minutos\" \/>\n<script type=\"application\/ld+json\" class=\"yoast-schema-graph\">{\"@context\":\"https:\\\/\\\/schema.org\",\"@graph\":[{\"@type\":\"WebPage\",\"@id\":\"https:\\\/\\\/www.seijiroyazawaiwai.com\\\/oldversion\\\/historia\\\/\",\"url\":\"https:\\\/\\\/www.seijiroyazawaiwai.com\\\/oldversion\\\/historia\\\/\",\"name\":\"Historia - syi\",\"isPartOf\":{\"@id\":\"https:\\\/\\\/www.seijiroyazawaiwai.com\\\/oldversion\\\/#website\"},\"datePublished\":\"2015-10-30T14:21:04+00:00\",\"dateModified\":\"2017-02-07T19:29:04+00:00\",\"breadcrumb\":{\"@id\":\"https:\\\/\\\/www.seijiroyazawaiwai.com\\\/oldversion\\\/historia\\\/#breadcrumb\"},\"inLanguage\":\"es\",\"potentialAction\":[{\"@type\":\"ReadAction\",\"target\":[\"https:\\\/\\\/www.seijiroyazawaiwai.com\\\/oldversion\\\/historia\\\/\"]}]},{\"@type\":\"BreadcrumbList\",\"@id\":\"https:\\\/\\\/www.seijiroyazawaiwai.com\\\/oldversion\\\/historia\\\/#breadcrumb\",\"itemListElement\":[{\"@type\":\"ListItem\",\"position\":1,\"name\":\"Portada\",\"item\":\"https:\\\/\\\/www.seijiroyazawaiwai.com\\\/oldversion\\\/\"},{\"@type\":\"ListItem\",\"position\":2,\"name\":\"Historia\"}]},{\"@type\":\"WebSite\",\"@id\":\"https:\\\/\\\/www.seijiroyazawaiwai.com\\\/oldversion\\\/#website\",\"url\":\"https:\\\/\\\/www.seijiroyazawaiwai.com\\\/oldversion\\\/\",\"name\":\"syi\",\"description\":\"Otro sitio realizado con WordPress\",\"publisher\":{\"@id\":\"https:\\\/\\\/www.seijiroyazawaiwai.com\\\/oldversion\\\/#organization\"},\"potentialAction\":[{\"@type\":\"SearchAction\",\"target\":{\"@type\":\"EntryPoint\",\"urlTemplate\":\"https:\\\/\\\/www.seijiroyazawaiwai.com\\\/oldversion\\\/?s={search_term_string}\"},\"query-input\":{\"@type\":\"PropertyValueSpecification\",\"valueRequired\":true,\"valueName\":\"search_term_string\"}}],\"inLanguage\":\"es\"},{\"@type\":\"Organization\",\"@id\":\"https:\\\/\\\/www.seijiroyazawaiwai.com\\\/oldversion\\\/#organization\",\"name\":\"Seijiro Yazawa Iwai\",\"url\":\"https:\\\/\\\/www.seijiroyazawaiwai.com\\\/oldversion\\\/\",\"logo\":{\"@type\":\"ImageObject\",\"inLanguage\":\"es\",\"@id\":\"https:\\\/\\\/www.seijiroyazawaiwai.com\\\/oldversion\\\/#\\\/schema\\\/logo\\\/image\\\/\",\"url\":\"https:\\\/\\\/www.seijiroyazawaiwai.com\\\/oldversion\\\/wp-content\\\/uploads\\\/2015\\\/10\\\/logo_historia.png\",\"contentUrl\":\"https:\\\/\\\/www.seijiroyazawaiwai.com\\\/oldversion\\\/wp-content\\\/uploads\\\/2015\\\/10\\\/logo_historia.png\",\"width\":150,\"height\":150,\"caption\":\"Seijiro Yazawa Iwai\"},\"image\":{\"@id\":\"https:\\\/\\\/www.seijiroyazawaiwai.com\\\/oldversion\\\/#\\\/schema\\\/logo\\\/image\\\/\"},\"sameAs\":[\"https:\\\/\\\/www.facebook.com\\\/SYIGlobal\\\/\",\"https:\\\/\\\/www.instagram.com\\\/seijiroyazawaiwai\\\/\",\"https:\\\/\\\/www.linkedin.com\\\/company\\\/3261708\"]}]}<\/script>\n<!-- \/ Yoast SEO plugin. -->","yoast_head_json":{"title":"Historia - syi","robots":{"index":"index","follow":"follow","max-snippet":"max-snippet:-1","max-image-preview":"max-image-preview:large","max-video-preview":"max-video-preview:-1"},"canonical":"https:\/\/www.seijiroyazawaiwai.com\/oldversion\/historia\/","og_locale":"es_ES","og_type":"article","og_title":"Historia - syi","og_description":"UN J\u00d3VEN LLAMADO SEIJIRO YAZAWA El 24 de octubre de 1899, en la ciudad de Yokohama, Isla Honshu, en Jap\u00f3n, nace Seijiro Yazawa Iwai. Desde muy chico demostr\u00f3 laboriosidad y compromiso pues desde los 6 a\u00f1os inici\u00f3 sus pr\u00e1cticas de judo logrando a la edad de 18 a\u00f1os en el Dojo \u201cKodokan\u201d la categor\u00eda de [&hellip;]","og_url":"https:\/\/www.seijiroyazawaiwai.com\/oldversion\/historia\/","og_site_name":"syi","article_publisher":"https:\/\/www.facebook.com\/SYIGlobal\/","article_modified_time":"2017-02-07T19:29:04+00:00","twitter_card":"summary_large_image","twitter_misc":{"Tiempo de lectura":"3 minutos"},"schema":{"@context":"https:\/\/schema.org","@graph":[{"@type":"WebPage","@id":"https:\/\/www.seijiroyazawaiwai.com\/oldversion\/historia\/","url":"https:\/\/www.seijiroyazawaiwai.com\/oldversion\/historia\/","name":"Historia - syi","isPartOf":{"@id":"https:\/\/www.seijiroyazawaiwai.com\/oldversion\/#website"},"datePublished":"2015-10-30T14:21:04+00:00","dateModified":"2017-02-07T19:29:04+00:00","breadcrumb":{"@id":"https:\/\/www.seijiroyazawaiwai.com\/oldversion\/historia\/#breadcrumb"},"inLanguage":"es","potentialAction":[{"@type":"ReadAction","target":["https:\/\/www.seijiroyazawaiwai.com\/oldversion\/historia\/"]}]},{"@type":"BreadcrumbList","@id":"https:\/\/www.seijiroyazawaiwai.com\/oldversion\/historia\/#breadcrumb","itemListElement":[{"@type":"ListItem","position":1,"name":"Portada","item":"https:\/\/www.seijiroyazawaiwai.com\/oldversion\/"},{"@type":"ListItem","position":2,"name":"Historia"}]},{"@type":"WebSite","@id":"https:\/\/www.seijiroyazawaiwai.com\/oldversion\/#website","url":"https:\/\/www.seijiroyazawaiwai.com\/oldversion\/","name":"syi","description":"Otro sitio realizado con WordPress","publisher":{"@id":"https:\/\/www.seijiroyazawaiwai.com\/oldversion\/#organization"},"potentialAction":[{"@type":"SearchAction","target":{"@type":"EntryPoint","urlTemplate":"https:\/\/www.seijiroyazawaiwai.com\/oldversion\/?s={search_term_string}"},"query-input":{"@type":"PropertyValueSpecification","valueRequired":true,"valueName":"search_term_string"}}],"inLanguage":"es"},{"@type":"Organization","@id":"https:\/\/www.seijiroyazawaiwai.com\/oldversion\/#organization","name":"Seijiro Yazawa Iwai","url":"https:\/\/www.seijiroyazawaiwai.com\/oldversion\/","logo":{"@type":"ImageObject","inLanguage":"es","@id":"https:\/\/www.seijiroyazawaiwai.com\/oldversion\/#\/schema\/logo\/image\/","url":"https:\/\/www.seijiroyazawaiwai.com\/oldversion\/wp-content\/uploads\/2015\/10\/logo_historia.png","contentUrl":"https:\/\/www.seijiroyazawaiwai.com\/oldversion\/wp-content\/uploads\/2015\/10\/logo_historia.png","width":150,"height":150,"caption":"Seijiro Yazawa Iwai"},"image":{"@id":"https:\/\/www.seijiroyazawaiwai.com\/oldversion\/#\/schema\/logo\/image\/"},"sameAs":["https:\/\/www.facebook.com\/SYIGlobal\/","https:\/\/www.instagram.com\/seijiroyazawaiwai\/","https:\/\/www.linkedin.com\/company\/3261708"]}]}},"_links":{"self":[{"href":"https:\/\/www.seijiroyazawaiwai.com\/oldversion\/wp-json\/wp\/v2\/pages\/153","targetHints":{"allow":["GET"]}}],"collection":[{"href":"https:\/\/www.seijiroyazawaiwai.com\/oldversion\/wp-json\/wp\/v2\/pages"}],"about":[{"href":"https:\/\/www.seijiroyazawaiwai.com\/oldversion\/wp-json\/wp\/v2\/types\/page"}],"author":[{"embeddable":true,"href":"https:\/\/www.seijiroyazawaiwai.com\/oldversion\/wp-json\/wp\/v2\/users\/4"}],"replies":[{"embeddable":true,"href":"https:\/\/www.seijiroyazawaiwai.com\/oldversion\/wp-json\/wp\/v2\/comments?post=153"}],"version-history":[{"count":0,"href":"https:\/\/www.seijiroyazawaiwai.com\/oldversion\/wp-json\/wp\/v2\/pages\/153\/revisions"}],"wp:attachment":[{"href":"https:\/\/www.seijiroyazawaiwai.com\/oldversion\/wp-json\/wp\/v2\/media?parent=153"}],"curies":[{"name":"wp","href":"https:\/\/api.w.org\/{rel}","templated":true}]}}